{"id":2339,"date":"2023-07-07T14:35:59","date_gmt":"2023-07-07T12:35:59","guid":{"rendered":"https:\/\/nunasolutions.com\/privacy-policy\/"},"modified":"2024-05-15T11:51:50","modified_gmt":"2024-05-15T09:51:50","slug":"privacy-policy","status":"publish","type":"page","link":"https:\/\/nunasolutions.com\/en\/privacy-policy\/","title":{"rendered":"Privacy Policy"},"content":{"rendered":"\t\t<div data-elementor-type=\"wp-page\" data-elementor-id=\"2339\" class=\"elementor elementor-2339 elementor-1827\" data-elementor-post-type=\"page\">\n\t\t\t\t<div class=\"elementor-element elementor-element-3b14d47 e-flex e-con-boxed e-con e-parent\" data-id=\"3b14d47\" data-element_type=\"container\" data-e-type=\"container\">\n\t\t\t\t\t<div class=\"e-con-inner\">\n\t\t\t\t<div class=\"elementor-element elementor-element-38253a1 elementor-widget elementor-widget-heading\" data-id=\"38253a1\" data-element_type=\"widget\" data-e-type=\"widget\" data-widget_type=\"heading.default\">\n\t\t\t\t<div class=\"elementor-widget-container\">\n\t\t\t\t\t<h1 class=\"elementor-heading-title elementor-size-default\">Privacy Policy<\/h1>\t\t\t\t<\/div>\n\t\t\t\t<\/div>\n\t\t\t\t\t<\/div>\n\t\t\t\t<\/div>\n\t\t<div class=\"elementor-element elementor-element-de5f1ce e-flex e-con-boxed e-con e-parent\" data-id=\"de5f1ce\" data-element_type=\"container\" data-e-type=\"container\">\n\t\t\t\t\t<div class=\"e-con-inner\">\n\t\t\t\t<div class=\"elementor-element elementor-element-db75432 elementor-widget elementor-widget-text-editor\" data-id=\"db75432\" data-element_type=\"widget\" data-e-type=\"widget\" data-widget_type=\"text-editor.default\">\n\t\t\t\t<div class=\"elementor-widget-container\">\n\t\t\t\t\t\t\t\t\t<p>La present Pol\u00edtica de Privacitat regula l&#8217; \u00fas del servei del portal d&#8217; Internet amb <a href=\"https:\/\/nunasolutions.com\/en\/\">https:\/\/nunasolutions.com\/<\/a> el responsable del qual a efectes identificatius \u00e9s:<\/p>\n<ul>\n<li>Responsable<strong>: by-nunaSolutions, sl <\/strong>(CIF: B65573784)<\/li>\n<li>Mail: <a href=\"mailto:info@nunasolutions.com\">info@nunasolutions.com<\/a><\/li>\n<\/ul>\n<h2><strong>Finalitat, per a qu\u00e8 tractem les seves dades?<\/strong><\/h2>\n<p>A l&#8217;efecte del que preveu el RGPD de 27 d&#8217;abril de 2016, i la LO 3\/2018, tractarem les dades que recollim per a les seg\u00fcents finalitats:<\/p>\n<ul>\n<li>Contactar amb vost\u00e8 en cas que aix\u00ed ens ho demani.<\/li>\n<li>Gestionar la seva navegaci\u00f3 a la web, si s&#8217;escau.<\/li>\n<li>Gestionar el seu acc\u00e9s com a usuari.<\/li>\n<\/ul>\n<div> <\/div>\n<p>L&#8217; emplenament del formulari de registre ser\u00e0 obligat\u00f2ria per accedir i gaudir de determinats serveis oferts al web. No facilitar les dades personals sol\u00b7licitades o el no acceptar la present pol\u00edtica de privacitat de dades suposa la impossibilitat de registrar-se, subscriure&#8217;s o participar en qualsevol de les promocions en les quals se sol\u00b7licitin dades personal. <\/p>\n<h2><strong>Legitimaci\u00f3, quina \u00e9s la legitimaci\u00f3 per al tractament de les seves dades?<\/strong><\/h2>\n<p>La base legal per al tractament de les seves dades es basar\u00e0 en:<\/p>\n<ol>\n<li>El consentiment de l&#8217; interessat, per al tractament de les seves dades, conforme l&#8217; article 6. 1.<br \/>\na) del Reglament General Europeu de Protecci\u00f3 de Dades.<br \/>\nEn aquest cas es recapta el consentiment i l&#8217;acord celebrat amb els interessats a trav\u00e9s del formulari de contacte, habilitat l&#8217;usuari la casella <em><br \/>\n  <u>&#8220;He llegit i accepto la Pol\u00edtica de Privacitat&#8221;.<br \/><\/u><br \/>\n<\/em>  <\/li>\n<li>La necess\u00e0ria execuci\u00f3 d&#8217; un contracte en el qual l&#8217; interessat \u00e9s part o per a l&#8217; aplicaci\u00f3 a petici\u00f3 d&#8217; aquest de mesures precontractuals, conforme l&#8217; article 6. 1.<br \/>\nb) del Reglament General Europeu de Protecci\u00f3 de Dades. <\/li>\n<\/ol>\n<h2><strong>Destinataris, a qui comuniquem les teves dades?<\/strong><\/h2>\n<p>Les dades personals no seran objecte de cessi\u00f3 llevat del compliment d&#8217; obligacions legalment establertes o per donar suport als serveis vinculats a aquest tractament.<\/p>\n<h2><strong>Conservaci\u00f3, durant quant temps conservem les teves dades?<\/strong><\/h2>\n<p>Conservarem les seves dades de car\u00e0cter personal durant almenys 5 anys en cas que sigui client i per a l&#8217; estricte compliment de les obligacions legals establertes en la normativa.<\/p>\n<p>En cas de no ser client conservarem les seves dades el m\u00ednim temps indispensable per gestionar la nostra relaci\u00f3.<\/p>\n<h2><strong>Drets, quins s\u00f3n els teus drets quan ens facilites les teves dades?<\/strong><\/h2>\n<p>Com a conseq\u00fc\u00e8ncia del tractament de les seves dades personals per part de <strong>by-nunaSolutions, sl <\/strong>la legislaci\u00f3 vigent li atorga una s\u00e8rie de drets. A continuaci\u00f3, li oferim una explicaci\u00f3 resumida de cada dret, per facilitar-li el seu exercici: <\/p>\n<ul>\n<li><strong>Dret d&#8217; acc\u00e9s:<\/strong> tindr\u00e0 dret a con\u00e8ixer les dades personals que tractem sobre vost\u00e8 i les finalitats amb qu\u00e8 les tractem.<\/li>\n<li><strong>Dret de rectificaci\u00f3:<\/strong> Les seves dades sempre seran seves, i com a tal, pot sol\u00b7licitar-nos la rectificaci\u00f3 dels mateixos en qualsevol moment si els que constessin en els nostres registres fossin erronis.<\/li>\n<li><strong>Dret de supressi\u00f3:<\/strong> Podr\u00e0 demanar, en qualsevol moment, que les seves dades personals siguin suprimides dels nostres fitxers. Tanmateix, i tal com indiquem en l&#8217; apartat de conservaci\u00f3 de dades anterior, tingui en compte que, en determinades circumst\u00e0ncies el compliment de la legislaci\u00f3 vigent pot impedir l&#8217; efectiu exercici d&#8217; aquest dret. <\/li>\n<li><strong>Dret d&#8217; oposici\u00f3:<\/strong> vost\u00e8 podr\u00e0 oposar-se al tractament de les seves dades en relaci\u00f3 amb qualsevol de les finalitats amb qu\u00e8 tractem les seves dades, d&#8217; acord amb les pol\u00edtiques de privacitat aplicables en cada cas.<\/li>\n<li><strong>Dret a la portabilitat de les seves dades:<\/strong> tindr\u00e0 dret a, sempre que sigui possible t\u00e8cnicament i sigui raonable, demanar que les dades personals que vost\u00e8 ens hagi proporcionat directament a un altre responsable del tractament. Si ens \u00e9s possible, facilitarem directament les seves dades a aquest altre responsable del tractament, per\u00f2 si no ho fos, se&#8217;ls facilitarem a vost\u00e8 en un format est\u00e0ndard. <\/li>\n<li><strong>Dret de limitaci\u00f3 del tractament:<\/strong> vost\u00e8 podr\u00e0 demanar la limitaci\u00f3 del tractament en els seg\u00fcents casos:\n<ul>\n<li>Si considera que les dades que mantenim sobre vost\u00e8 no s\u00f3n correctes o exactes;<\/li>\n<li>Si, en cas que vost\u00e8 consideri que no estem tractant les seves dades de forma leg\u00edtima, per\u00f2 prefereix que limitem el tractament dels mateixos a la seva eliminaci\u00f3;<\/li>\n<li>Si les dades que mantenim ja no ens s\u00f3n necess\u00e0ries conforme a la finalitat per a les quals les recaiem, per\u00f2 necessita que les conservem per interposar reclamacions legals;<\/li>\n<li>Si, havent exercit el dret d&#8217; oposici\u00f3 a algun tractament, est\u00e0 pendent de resposta al respecte per la nostra part.<\/li>\n<\/ul>\n<\/li>\n<li><strong>Dret a la portabilitat de les seves dades:<\/strong> tindr\u00e0 dret a, sempre que sigui possible t\u00e8cnicament i sigui raonable, demanar que les dades personals que vost\u00e8 ens hagi proporcionat directament a un altre responsable del tractament. Si ens \u00e9s possible, facilitarem directament les seves dades a aquest altre responsable del tractament, per\u00f2 si no ho fos, se&#8217;ls facilitarem a vost\u00e8 en un format est\u00e0ndard. <\/li>\n<\/ul>\n<div> <\/div>\n<p>Sempre que tractem les seves dades en base al consentiment, podr\u00e0 revocar-lo en qualsevol moment, sense que tingui conseq\u00fc\u00e8ncies per a vost\u00e8 m\u00e9s enll\u00e0 de, segons el dret exercit, no poder prestar-li determinats serveis.<\/p>\n<p>L&#8217; exercici dels drets que ostenta podr\u00e0 fer-lo efectiu dirigint-se a <strong>by-nunaSolutions, sl <\/strong>a trav\u00e9s d&#8217; algun dels seg\u00fcents mitjans:<\/p>\n<ol>\n<li>Mitjan\u00e7ant correu electr\u00f2nic adre\u00e7at a: <a href=\"mailto:einfo@dmri.es\">info@nunasolutions.com<\/a><\/li>\n<li>Correu postal adre\u00e7at al corresponent Responsable del Tractament. electr\u00f2nic (contemplat a l&#8217;encap\u00e7alament del document). <\/li>\n<\/ol>\n<div> <\/div>\n<p>En cas que no vulgui exercir un dret en concret, per\u00f2 tingui la necessitat de realitzar una consulta o suggeriment en relaci\u00f3 amb el tractament de les seves dades de car\u00e0cter personal tamb\u00e9 podr\u00e0 adre\u00e7ar-se al Responsable del Tractament corresponent, (contemplat a l&#8217;encap\u00e7alament del document).<\/p>\n<p>Tingui en compte que sempre, en tot cas, podr\u00e0 presentar una reclamaci\u00f3 davant l&#8217;Autoritat Competent en mat\u00e8ria de protecci\u00f3 de dades si considera que no hem tractat les seves dades de forma l\u00edcita o que no hem at\u00e8s les seves sol\u00b7licituds o drets. A Espanya, aquesta Autoritat Competent \u00e9s l&#8217; Ag\u00e8ncia Espanyola de Protecci\u00f3 de Dades.<\/p>\n<h2><strong>Consentiment menors, qu\u00e8 passa si ets menor d&#8217;edat?<\/strong><\/h2>\n<p>En el sup\u00f2sit que alguns dels nostres serveis vagin dirigits espec\u00edficament a menors de catorze anys, sol\u00b7licitarem la conformitat dels pares o tutors per a la recollida de les dades personals o, si s&#8217;escau, per al tractament automatitzat de les dades conforme l&#8217;article 7 de la LOPDGDD.<\/p>\n<h2><strong>Exactitud, veracitat i seguretat de les dades, com tractem les teves dades?<\/strong><\/h2>\n<p>L&#8217;Usuari \u00e9s l&#8217;\u00fanic responsable de la veracitat i correcci\u00f3 de les dades incloses, exonerant-nos de qualsevol responsabilitat al respecte. Els usuaris garanteixen i responen, en qualsevol cas, de l&#8217; exactitud, vig\u00e8ncia i autenticitat de les dades personals facilitades, i es comprometen a mantenir-les degudament actualitzades. L&#8217;usuari accepta proporcionar informaci\u00f3 completa i correcta en els formularis de registre o subscripci\u00f3. No respondrem de la veracitat de les informacions que no siguin d&#8217; elaboraci\u00f3 pr\u00f2pia i de les quals s&#8217; indiqui una altra font, per la qual cosa tampoc assumeix cap responsabilitat quant a hipot\u00e8tics perjudicis que poguessin originar-se per l&#8217; \u00fas d&#8217; aquesta informaci\u00f3.   <\/p>\n<p>Tamb\u00e9 reservarem el dret a actualitzar, modificar o eliminar la informaci\u00f3 continguda a la web podent fins i tot limitar o no permetre l&#8217;acc\u00e9s a aquesta informaci\u00f3.<\/p>\n<p>No serem responsables davant de qualsevol dany o perjudici que pogu\u00e9s patir l&#8217; Usuari com a conseq\u00fc\u00e8ncia d&#8217; errors, defectes o omissions, en la informaci\u00f3 facilitada pel responsable sempre que procedeixi de fonts alienes.<\/p>\n<p>Les dades seran tractades de forma confidencial i sota el sotmetiment a mesures t\u00e8cniques i organitzatives de seguretat adequades per evitar la seva alteraci\u00f3, p\u00e8rdua, tractament o acc\u00e9s no autoritzat.<\/p>\n<p>Podr\u00e0 presentar una reclamaci\u00f3 davant l&#8217;Ag\u00e8ncia Espanyola de Protecci\u00f3 de Dades, especialment quan no hagi obtingut satisfacci\u00f3 en l&#8217;exercici dels seus drets, a l&#8217;adre\u00e7a postal i\/o electr\u00f2nica indicada a la p\u00e0gina <a href=\"http:\/\/www.aepd.es\">www.aepd.es<\/a>.<\/p>\n\t\t\t\t\t\t\t\t<\/div>\n\t\t\t\t<\/div>\n\t\t\t\t\t<\/div>\n\t\t\t\t<\/div>\n\t\t\t\t<\/div>\n\t\t","protected":false},"excerpt":{"rendered":"<p>Privacy Policy La present Pol\u00edtica de Privacitat regula l&#8217; \u00fas del servei del portal d&#8217; Internet amb https:\/\/nunasolutions.com\/ el responsable del qual a efectes identificatius \u00e9s: Responsable: by-nunaSolutions, sl (CIF: B65573784) Mail: info@nunasolutions.com Finalitat, per a qu\u00e8 tractem les seves dades? A l&#8217;efecte del que preveu el RGPD de 27 d&#8217;abril de 2016, i la [&hellip;]<\/p>\n","protected":false},"author":1,"featured_media":0,"parent":0,"menu_order":0,"comment_status":"closed","ping_status":"closed","template":"","meta":{"footnotes":""},"class_list":["post-2339","page","type-page","status-publish","hentry"],"yoast_head":"<!-- This site is optimized with the Yoast SEO plugin v26.9 - https:\/\/yoast.com\/product\/yoast-seo-wordpress\/ -->\n<title>Privacy Policy - Nuna Solutions<\/title>\n<meta name=\"robots\" content=\"index, follow, max-snippet:-1, max-image-preview:large, max-video-preview:-1\" \/>\n<link rel=\"canonical\" href=\"https:\/\/nunasolutions.com\/politica-de-privacitat\/\" \/>\n<meta property=\"og:locale\" content=\"en_US\" \/>\n<meta property=\"og:type\" content=\"article\" \/>\n<meta property=\"og:title\" content=\"Privacy Policy - Nuna Solutions\" \/>\n<meta property=\"og:description\" content=\"Privacy Policy La present Pol\u00edtica de Privacitat regula l&#8217; \u00fas del servei del portal d&#8217; Internet amb https:\/\/nunasolutions.com\/ el responsable del qual a efectes identificatius \u00e9s: Responsable: by-nunaSolutions, sl (CIF: B65573784) Mail: info@nunasolutions.com Finalitat, per a qu\u00e8 tractem les seves dades? A l&#8217;efecte del que preveu el RGPD de 27 d&#8217;abril de 2016, i la [&hellip;]\" \/>\n<meta property=\"og:url\" content=\"https:\/\/nunasolutions.com\/politica-de-privacitat\/\" \/>\n<meta property=\"og:site_name\" content=\"Nuna Solutions\" \/>\n<meta property=\"article:modified_time\" content=\"2024-05-15T09:51:50+00:00\" \/>\n<meta name=\"twitter:card\" content=\"summary_large_image\" \/>\n<meta name=\"twitter:label1\" content=\"Est. reading time\" \/>\n\t<meta name=\"twitter:data1\" content=\"7 minutes\" \/>\n<script type=\"application\/ld+json\" class=\"yoast-schema-graph\">{\"@context\":\"https:\/\/schema.org\",\"@graph\":[{\"@type\":\"WebPage\",\"@id\":\"https:\/\/nunasolutions.com\/politica-de-privacitat\/\",\"url\":\"https:\/\/nunasolutions.com\/politica-de-privacitat\/\",\"name\":\"Privacy Policy - Nuna Solutions\",\"isPartOf\":{\"@id\":\"https:\/\/nunasolutions.com\/#website\"},\"datePublished\":\"2023-07-07T12:35:59+00:00\",\"dateModified\":\"2024-05-15T09:51:50+00:00\",\"breadcrumb\":{\"@id\":\"https:\/\/nunasolutions.com\/politica-de-privacitat\/#breadcrumb\"},\"inLanguage\":\"en-US\",\"potentialAction\":[{\"@type\":\"ReadAction\",\"target\":[\"https:\/\/nunasolutions.com\/politica-de-privacitat\/\"]}]},{\"@type\":\"BreadcrumbList\",\"@id\":\"https:\/\/nunasolutions.com\/politica-de-privacitat\/#breadcrumb\",\"itemListElement\":[{\"@type\":\"ListItem\",\"position\":1,\"name\":\"Inici\",\"item\":\"https:\/\/nunasolutions.com\/en\/\"},{\"@type\":\"ListItem\",\"position\":2,\"name\":\"Privacy Policy\"}]},{\"@type\":\"WebSite\",\"@id\":\"https:\/\/nunasolutions.com\/#website\",\"url\":\"https:\/\/nunasolutions.com\/\",\"name\":\"Nuna Solutions\",\"description\":\"Tra\u00e7abilitat i integraci\u00f3 de dades\",\"potentialAction\":[{\"@type\":\"SearchAction\",\"target\":{\"@type\":\"EntryPoint\",\"urlTemplate\":\"https:\/\/nunasolutions.com\/?s={search_term_string}\"},\"query-input\":{\"@type\":\"PropertyValueSpecification\",\"valueRequired\":true,\"valueName\":\"search_term_string\"}}],\"inLanguage\":\"en-US\"}]}<\/script>\n<!-- \/ Yoast SEO plugin. -->","yoast_head_json":{"title":"Privacy Policy - Nuna Solutions","robots":{"index":"index","follow":"follow","max-snippet":"max-snippet:-1","max-image-preview":"max-image-preview:large","max-video-preview":"max-video-preview:-1"},"canonical":"https:\/\/nunasolutions.com\/politica-de-privacitat\/","og_locale":"en_US","og_type":"article","og_title":"Privacy Policy - Nuna Solutions","og_description":"Privacy Policy La present Pol\u00edtica de Privacitat regula l&#8217; \u00fas del servei del portal d&#8217; Internet amb https:\/\/nunasolutions.com\/ el responsable del qual a efectes identificatius \u00e9s: Responsable: by-nunaSolutions, sl (CIF: B65573784) Mail: info@nunasolutions.com Finalitat, per a qu\u00e8 tractem les seves dades? A l&#8217;efecte del que preveu el RGPD de 27 d&#8217;abril de 2016, i la [&hellip;]","og_url":"https:\/\/nunasolutions.com\/politica-de-privacitat\/","og_site_name":"Nuna Solutions","article_modified_time":"2024-05-15T09:51:50+00:00","twitter_card":"summary_large_image","twitter_misc":{"Est. reading time":"7 minutes"},"schema":{"@context":"https:\/\/schema.org","@graph":[{"@type":"WebPage","@id":"https:\/\/nunasolutions.com\/politica-de-privacitat\/","url":"https:\/\/nunasolutions.com\/politica-de-privacitat\/","name":"Privacy Policy - Nuna Solutions","isPartOf":{"@id":"https:\/\/nunasolutions.com\/#website"},"datePublished":"2023-07-07T12:35:59+00:00","dateModified":"2024-05-15T09:51:50+00:00","breadcrumb":{"@id":"https:\/\/nunasolutions.com\/politica-de-privacitat\/#breadcrumb"},"inLanguage":"en-US","potentialAction":[{"@type":"ReadAction","target":["https:\/\/nunasolutions.com\/politica-de-privacitat\/"]}]},{"@type":"BreadcrumbList","@id":"https:\/\/nunasolutions.com\/politica-de-privacitat\/#breadcrumb","itemListElement":[{"@type":"ListItem","position":1,"name":"Inici","item":"https:\/\/nunasolutions.com\/en\/"},{"@type":"ListItem","position":2,"name":"Privacy Policy"}]},{"@type":"WebSite","@id":"https:\/\/nunasolutions.com\/#website","url":"https:\/\/nunasolutions.com\/","name":"Nuna Solutions","description":"Tra\u00e7abilitat i integraci\u00f3 de dades","potentialAction":[{"@type":"SearchAction","target":{"@type":"EntryPoint","urlTemplate":"https:\/\/nunasolutions.com\/?s={search_term_string}"},"query-input":{"@type":"PropertyValueSpecification","valueRequired":true,"valueName":"search_term_string"}}],"inLanguage":"en-US"}]}},"_links":{"self":[{"href":"https:\/\/nunasolutions.com\/en\/wp-json\/wp\/v2\/pages\/2339","targetHints":{"allow":["GET"]}}],"collection":[{"href":"https:\/\/nunasolutions.com\/en\/wp-json\/wp\/v2\/pages"}],"about":[{"href":"https:\/\/nunasolutions.com\/en\/wp-json\/wp\/v2\/types\/page"}],"author":[{"embeddable":true,"href":"https:\/\/nunasolutions.com\/en\/wp-json\/wp\/v2\/users\/1"}],"replies":[{"embeddable":true,"href":"https:\/\/nunasolutions.com\/en\/wp-json\/wp\/v2\/comments?post=2339"}],"version-history":[{"count":3,"href":"https:\/\/nunasolutions.com\/en\/wp-json\/wp\/v2\/pages\/2339\/revisions"}],"predecessor-version":[{"id":2342,"href":"https:\/\/nunasolutions.com\/en\/wp-json\/wp\/v2\/pages\/2339\/revisions\/2342"}],"wp:attachment":[{"href":"https:\/\/nunasolutions.com\/en\/wp-json\/wp\/v2\/media?parent=2339"}],"curies":[{"name":"wp","href":"https:\/\/api.w.org\/{rel}","templated":true}]}}