{"id":1879,"date":"2023-07-07T14:36:11","date_gmt":"2023-07-07T12:36:11","guid":{"rendered":"https:\/\/nunasolutions.com\/aviso-legal\/"},"modified":"2024-05-15T11:56:20","modified_gmt":"2024-05-15T09:56:20","slug":"aviso-legal","status":"publish","type":"page","link":"https:\/\/nunasolutions.com\/es\/aviso-legal\/","title":{"rendered":"Aviso Legal"},"content":{"rendered":"\t\t<div data-elementor-type=\"wp-page\" data-elementor-id=\"1879\" class=\"elementor elementor-1879 elementor-1829\" data-elementor-post-type=\"page\">\n\t\t\t\t<div class=\"elementor-element elementor-element-f41827a e-flex e-con-boxed e-con e-parent\" data-id=\"f41827a\" data-element_type=\"container\" data-e-type=\"container\">\n\t\t\t\t\t<div class=\"e-con-inner\">\n\t\t\t\t<div class=\"elementor-element elementor-element-8f89651 elementor-widget elementor-widget-heading\" data-id=\"8f89651\" data-element_type=\"widget\" data-e-type=\"widget\" data-widget_type=\"heading.default\">\n\t\t\t\t<div class=\"elementor-widget-container\">\n\t\t\t\t\t<h1 class=\"elementor-heading-title elementor-size-default\">Aviso Legal<\/h1>\t\t\t\t<\/div>\n\t\t\t\t<\/div>\n\t\t\t\t\t<\/div>\n\t\t\t\t<\/div>\n\t\t<div class=\"elementor-element elementor-element-f216294 e-flex e-con-boxed e-con e-parent\" data-id=\"f216294\" data-element_type=\"container\" data-e-type=\"container\">\n\t\t\t\t\t<div class=\"e-con-inner\">\n\t\t\t\t<div class=\"elementor-element elementor-element-82acaea elementor-widget elementor-widget-text-editor\" data-id=\"82acaea\" data-element_type=\"widget\" data-e-type=\"widget\" data-widget_type=\"text-editor.default\">\n\t\t\t\t<div class=\"elementor-widget-container\">\n\t\t\t\t\t\t\t\t\t<p>El presente Aviso Legal regula el uso del servicio del portal de Internet con <a href=\"https:\/\/nunasolutions.com\/es\/\">https:\/\/nunasolutions.com\/<\/a> cuyo responsable a efectos identificativos es:<\/p>\n<ul>\n<li>Responsable: <strong>by-nunaSolutions, sl <\/strong>(CIF: B65573784)<\/li>\n<li>Mail: <a href=\"mailto:info@nunasolutions.com\">info@nunasolutions.com<\/a><\/li>\n<\/ul>\n<h2><strong>Legislaci\u00f3n<\/strong><\/h2>\n<p>Con car\u00e1cter general las relaciones entre <strong>by-nunaSolutions, sl<\/strong> con los Usuarios de sus servicios telem\u00e1ticos, presentes en la Web, se encuentran sometidas a la legislaci\u00f3n y jurisdicci\u00f3n espa\u00f1olas.<\/p>\n<p>Las partes renuncian expresamente al fuero que les pudiera corresponder y someten expresamente a los Juzgados y Tribunales de EL VENDRELL, para resolver cualquier controversia que pueda surgir en la interpretaci\u00f3n o ejecuci\u00f3n de las presentes condiciones contractuales.<\/p>\n<h2><strong>Contenido y uso<\/strong><\/h2>\n<p>El Usuario queda informado, y acepta, que el acceso a la presente web no supone, en modo alguno, el inicio de una relaci\u00f3n comercial con <strong>by-nunaSolutions, sl <\/strong><\/p>\n<p>El titular del Web no se identifica con las opiniones vertidas en el mismo por sus colaboradores. La Empresa se reserva el derecho de efectuar sin previo aviso las modificaciones que considere oportunas en su Web, pudiendo cambiar, suprimir o a\u00f1adir tanto los contenidos y servicios que se presten a trav\u00e9s de la misma como la forma en la que \u00e9stos aparezcan presentados o localizados en sus servidores. <\/p>\n<h2><strong>Propiedad intelectual e industrial<\/strong><\/h2>\n<p>Este website y los contenidos que alberga se encuentran protegidos por las leyes de Propiedad Intelectual. No podr\u00e1n ser objeto de explotaci\u00f3n, reproducci\u00f3n, distribuci\u00f3n, modificaci\u00f3n, comunicaci\u00f3n p\u00fablica, cesi\u00f3n o transformaci\u00f3n. El acceso a este website no otorga a los usuarios derecho, ni titularidad alguna sobre los derechos de propiedad intelectual de los contenidos que alberga este website.  <\/p>\n<p>El contenido de este website puede ser descargado al terminal del usuario (download), siempre que sea para su uso privado y sin ning\u00fan fin comercial; por lo tanto, no podr\u00e1 explotar, reproducir, distribuir, modificar, comunicar p\u00fablicamente, ceder, transformar o usar el contenido de este website con fines p\u00fablicos o comerciales.<\/p>\n<p>El nombre comercial, las marcas, logo, productos y servicios que contiene este website se encuentran protegidos por ley.<\/p>\n<p><strong>by-nunaSolutions, sl<\/strong> se reserva la posibilidad de ejercer las acciones judiciales que correspondan contra los usuarios que violen o infrinjan los derechos de propiedad intelectual.<\/p>\n<h2><strong>Enlaces (Links)<\/strong><\/h2>\n<p>La presencia de enlaces (links) en las p\u00e1ginas web de <strong>by-nunaSolutions, sl<\/strong>, tiene finalidad meramente informativa y en ning\u00fan caso supone sugerencia, invitaci\u00f3n o recomendaci\u00f3n sobre los mismos.<\/p>\n\t\t\t\t\t\t\t\t<\/div>\n\t\t\t\t<\/div>\n\t\t\t\t\t<\/div>\n\t\t\t\t<\/div>\n\t\t\t\t<\/div>\n\t\t","protected":false},"excerpt":{"rendered":"<p>Aviso Legal El presente Aviso Legal regula el uso del servicio del portal de Internet con https:\/\/nunasolutions.com\/ cuyo responsable a efectos identificativos es: Responsable: by-nunaSolutions, sl (CIF: B65573784) Mail: info@nunasolutions.com Legislaci\u00f3n Con car\u00e1cter general las relaciones entre by-nunaSolutions, sl con los Usuarios de sus servicios telem\u00e1ticos, presentes en la Web, se encuentran sometidas a la [&hellip;]<\/p>\n","protected":false},"author":1,"featured_media":0,"parent":0,"menu_order":0,"comment_status":"closed","ping_status":"closed","template":"","meta":{"footnotes":""},"class_list":["post-1879","page","type-page","status-publish","hentry"],"yoast_head":"<!-- This site is optimized with the Yoast SEO plugin v26.9 - https:\/\/yoast.com\/product\/yoast-seo-wordpress\/ -->\n<title>Aviso Legal - Nuna Solutions<\/title>\n<meta name=\"robots\" content=\"index, follow, max-snippet:-1, max-image-preview:large, max-video-preview:-1\" \/>\n<link rel=\"canonical\" href=\"https:\/\/nunasolutions.com\/avis-legal\/\" \/>\n<meta property=\"og:locale\" content=\"es_ES\" \/>\n<meta property=\"og:type\" content=\"article\" \/>\n<meta property=\"og:title\" content=\"Aviso Legal - Nuna Solutions\" \/>\n<meta property=\"og:description\" content=\"Aviso Legal El presente Aviso Legal regula el uso del servicio del portal de Internet con https:\/\/nunasolutions.com\/ cuyo responsable a efectos identificativos es: Responsable: by-nunaSolutions, sl (CIF: B65573784) Mail: info@nunasolutions.com Legislaci\u00f3n Con car\u00e1cter general las relaciones entre by-nunaSolutions, sl con los Usuarios de sus servicios telem\u00e1ticos, presentes en la Web, se encuentran sometidas a la [&hellip;]\" \/>\n<meta property=\"og:url\" content=\"https:\/\/nunasolutions.com\/avis-legal\/\" \/>\n<meta property=\"og:site_name\" content=\"Nuna Solutions\" \/>\n<meta property=\"article:modified_time\" content=\"2024-05-15T09:56:20+00:00\" \/>\n<meta name=\"twitter:card\" content=\"summary_large_image\" \/>\n<meta name=\"twitter:label1\" content=\"Tiempo de lectura\" \/>\n\t<meta name=\"twitter:data1\" content=\"2 minutos\" \/>\n<script type=\"application\/ld+json\" class=\"yoast-schema-graph\">{\"@context\":\"https:\/\/schema.org\",\"@graph\":[{\"@type\":\"WebPage\",\"@id\":\"https:\/\/nunasolutions.com\/avis-legal\/\",\"url\":\"https:\/\/nunasolutions.com\/avis-legal\/\",\"name\":\"Aviso Legal - Nuna Solutions\",\"isPartOf\":{\"@id\":\"https:\/\/nunasolutions.com\/#website\"},\"datePublished\":\"2023-07-07T12:36:11+00:00\",\"dateModified\":\"2024-05-15T09:56:20+00:00\",\"breadcrumb\":{\"@id\":\"https:\/\/nunasolutions.com\/avis-legal\/#breadcrumb\"},\"inLanguage\":\"es\",\"potentialAction\":[{\"@type\":\"ReadAction\",\"target\":[\"https:\/\/nunasolutions.com\/avis-legal\/\"]}]},{\"@type\":\"BreadcrumbList\",\"@id\":\"https:\/\/nunasolutions.com\/avis-legal\/#breadcrumb\",\"itemListElement\":[{\"@type\":\"ListItem\",\"position\":1,\"name\":\"Inici\",\"item\":\"https:\/\/nunasolutions.com\/es\/\"},{\"@type\":\"ListItem\",\"position\":2,\"name\":\"Aviso Legal\"}]},{\"@type\":\"WebSite\",\"@id\":\"https:\/\/nunasolutions.com\/#website\",\"url\":\"https:\/\/nunasolutions.com\/\",\"name\":\"Nuna Solutions\",\"description\":\"Tra\u00e7abilitat i integraci\u00f3 de dades\",\"potentialAction\":[{\"@type\":\"SearchAction\",\"target\":{\"@type\":\"EntryPoint\",\"urlTemplate\":\"https:\/\/nunasolutions.com\/?s={search_term_string}\"},\"query-input\":{\"@type\":\"PropertyValueSpecification\",\"valueRequired\":true,\"valueName\":\"search_term_string\"}}],\"inLanguage\":\"es\"}]}<\/script>\n<!-- \/ Yoast SEO plugin. -->","yoast_head_json":{"title":"Aviso Legal - Nuna Solutions","robots":{"index":"index","follow":"follow","max-snippet":"max-snippet:-1","max-image-preview":"max-image-preview:large","max-video-preview":"max-video-preview:-1"},"canonical":"https:\/\/nunasolutions.com\/avis-legal\/","og_locale":"es_ES","og_type":"article","og_title":"Aviso Legal - Nuna Solutions","og_description":"Aviso Legal El presente Aviso Legal regula el uso del servicio del portal de Internet con https:\/\/nunasolutions.com\/ cuyo responsable a efectos identificativos es: Responsable: by-nunaSolutions, sl (CIF: B65573784) Mail: info@nunasolutions.com Legislaci\u00f3n Con car\u00e1cter general las relaciones entre by-nunaSolutions, sl con los Usuarios de sus servicios telem\u00e1ticos, presentes en la Web, se encuentran sometidas a la [&hellip;]","og_url":"https:\/\/nunasolutions.com\/avis-legal\/","og_site_name":"Nuna Solutions","article_modified_time":"2024-05-15T09:56:20+00:00","twitter_card":"summary_large_image","twitter_misc":{"Tiempo de lectura":"2 minutos"},"schema":{"@context":"https:\/\/schema.org","@graph":[{"@type":"WebPage","@id":"https:\/\/nunasolutions.com\/avis-legal\/","url":"https:\/\/nunasolutions.com\/avis-legal\/","name":"Aviso Legal - Nuna Solutions","isPartOf":{"@id":"https:\/\/nunasolutions.com\/#website"},"datePublished":"2023-07-07T12:36:11+00:00","dateModified":"2024-05-15T09:56:20+00:00","breadcrumb":{"@id":"https:\/\/nunasolutions.com\/avis-legal\/#breadcrumb"},"inLanguage":"es","potentialAction":[{"@type":"ReadAction","target":["https:\/\/nunasolutions.com\/avis-legal\/"]}]},{"@type":"BreadcrumbList","@id":"https:\/\/nunasolutions.com\/avis-legal\/#breadcrumb","itemListElement":[{"@type":"ListItem","position":1,"name":"Inici","item":"https:\/\/nunasolutions.com\/es\/"},{"@type":"ListItem","position":2,"name":"Aviso Legal"}]},{"@type":"WebSite","@id":"https:\/\/nunasolutions.com\/#website","url":"https:\/\/nunasolutions.com\/","name":"Nuna Solutions","description":"Tra\u00e7abilitat i integraci\u00f3 de dades","potentialAction":[{"@type":"SearchAction","target":{"@type":"EntryPoint","urlTemplate":"https:\/\/nunasolutions.com\/?s={search_term_string}"},"query-input":{"@type":"PropertyValueSpecification","valueRequired":true,"valueName":"search_term_string"}}],"inLanguage":"es"}]}},"_links":{"self":[{"href":"https:\/\/nunasolutions.com\/es\/wp-json\/wp\/v2\/pages\/1879","targetHints":{"allow":["GET"]}}],"collection":[{"href":"https:\/\/nunasolutions.com\/es\/wp-json\/wp\/v2\/pages"}],"about":[{"href":"https:\/\/nunasolutions.com\/es\/wp-json\/wp\/v2\/types\/page"}],"author":[{"embeddable":true,"href":"https:\/\/nunasolutions.com\/es\/wp-json\/wp\/v2\/users\/1"}],"replies":[{"embeddable":true,"href":"https:\/\/nunasolutions.com\/es\/wp-json\/wp\/v2\/comments?post=1879"}],"version-history":[{"count":5,"href":"https:\/\/nunasolutions.com\/es\/wp-json\/wp\/v2\/pages\/1879\/revisions"}],"predecessor-version":[{"id":2356,"href":"https:\/\/nunasolutions.com\/es\/wp-json\/wp\/v2\/pages\/1879\/revisions\/2356"}],"wp:attachment":[{"href":"https:\/\/nunasolutions.com\/es\/wp-json\/wp\/v2\/media?parent=1879"}],"curies":[{"name":"wp","href":"https:\/\/api.w.org\/{rel}","templated":true}]}}