{"id":1632,"date":"2022-08-29T19:39:15","date_gmt":"2022-08-29T17:39:15","guid":{"rendered":"https:\/\/nunasolutions.com\/nouvelles\/"},"modified":"2022-11-29T22:37:17","modified_gmt":"2022-11-29T20:37:17","slug":"nouvelles","status":"publish","type":"page","link":"https:\/\/nunasolutions.com\/fr\/nouvelles\/","title":{"rendered":"Nouvelles"},"content":{"rendered":"\t\t<div data-elementor-type=\"wp-page\" data-elementor-id=\"1632\" class=\"elementor elementor-1632 elementor-12\" data-elementor-post-type=\"page\">\n\t\t\t\t<div class=\"elementor-element elementor-element-80c245e e-flex e-con-boxed e-con e-parent\" data-id=\"80c245e\" data-element_type=\"container\" data-e-type=\"container\" data-settings=\"{&quot;background_background&quot;:&quot;classic&quot;}\">\n\t\t\t\t\t<div class=\"e-con-inner\">\n\t\t<div class=\"elementor-element elementor-element-dca8369 e-flex e-con-boxed e-con e-parent\" data-id=\"dca8369\" data-element_type=\"container\" data-e-type=\"container\">\n\t\t\t\t\t<div class=\"e-con-inner\">\n\t\t\t\t<div class=\"elementor-element elementor-element-eb1d396 elementor-widget elementor-widget-heading\" data-id=\"eb1d396\" data-element_type=\"widget\" data-e-type=\"widget\" data-widget_type=\"heading.default\">\n\t\t\t\t<div class=\"elementor-widget-container\">\n\t\t\t\t\t<h2 class=\"elementor-heading-title elementor-size-default\">Nouvelles<\/h2>\t\t\t\t<\/div>\n\t\t\t\t<\/div>\n\t\t\t\t<div class=\"elementor-element elementor-element-ddd353d elementor-widget elementor-widget-text-editor\" data-id=\"ddd353d\" data-element_type=\"widget\" data-e-type=\"widget\" data-widget_type=\"text-editor.default\">\n\t\t\t\t<div class=\"elementor-widget-container\">\n\t\t\t\t\t\t\t\t\t<p>Rattrapez-vous avec Nuna Solutions<\/p>\n\t\t\t\t\t\t\t\t<\/div>\n\t\t\t\t<\/div>\n\t\t\t\t\t<\/div>\n\t\t\t\t<\/div>\n\t\t\t\t\t<\/div>\n\t\t\t\t<\/div>\n\t\t<div class=\"elementor-element elementor-element-4a30de0 e-flex e-con-boxed e-con e-parent\" data-id=\"4a30de0\" data-element_type=\"container\" data-e-type=\"container\">\n\t\t\t\t\t<div class=\"e-con-inner\">\n\t\t<div class=\"elementor-element elementor-element-c9d2e37 e-flex e-con-boxed e-con e-parent\" data-id=\"c9d2e37\" data-element_type=\"container\" data-e-type=\"container\">\n\t\t\t\t\t<div class=\"e-con-inner\">\n\t\t\t\t<div class=\"elementor-element elementor-element-a69a3f9 posts-list elementor-grid-3 elementor-grid-tablet-2 elementor-grid-mobile-1 elementor-posts--thumbnail-top elementor-widget elementor-widget-posts\" data-id=\"a69a3f9\" data-element_type=\"widget\" data-e-type=\"widget\" data-settings=\"{&quot;classic_row_gap&quot;:{&quot;unit&quot;:&quot;px&quot;,&quot;size&quot;:20,&quot;sizes&quot;:[]},&quot;classic_columns&quot;:&quot;3&quot;,&quot;classic_columns_tablet&quot;:&quot;2&quot;,&quot;classic_columns_mobile&quot;:&quot;1&quot;,&quot;classic_row_gap_laptop&quot;:{&quot;unit&quot;:&quot;px&quot;,&quot;size&quot;:&quot;&quot;,&quot;sizes&quot;:[]},&quot;classic_row_gap_tablet_extra&quot;:{&quot;unit&quot;:&quot;px&quot;,&quot;size&quot;:&quot;&quot;,&quot;sizes&quot;:[]},&quot;classic_row_gap_tablet&quot;:{&quot;unit&quot;:&quot;px&quot;,&quot;size&quot;:&quot;&quot;,&quot;sizes&quot;:[]},&quot;classic_row_gap_mobile_extra&quot;:{&quot;unit&quot;:&quot;px&quot;,&quot;size&quot;:&quot;&quot;,&quot;sizes&quot;:[]},&quot;classic_row_gap_mobile&quot;:{&quot;unit&quot;:&quot;px&quot;,&quot;size&quot;:&quot;&quot;,&quot;sizes&quot;:[]}}\" data-widget_type=\"posts.classic\">\n\t\t\t\t<div class=\"elementor-widget-container\">\n\t\t\t\t\t\t\t<div class=\"elementor-posts-container elementor-posts elementor-posts--skin-classic elementor-grid\" role=\"list\">\n\t\t\t\t<article class=\"elementor-post elementor-grid-item post-2633 post type-post status-publish format-standard has-post-thumbnail hentry category-non-classifiee\" role=\"listitem\">\n\t\t\t\t<a class=\"elementor-post__thumbnail__link\" href=\"https:\/\/nunasolutions.com\/fr\/2026\/02\/13\/blinkai-surveillance-par-ia-de-lefficacite-de-letourdissement-des-porcs\/\" tabindex=\"-1\" >\n\t\t\t<div class=\"elementor-post__thumbnail\"><img fetchpriority=\"high\" decoding=\"async\" width=\"300\" height=\"200\" src=\"https:\/\/nunasolutions.com\/wp-content\/uploads\/2026\/02\/blinkAI-1-300x200.png\" class=\"attachment-medium size-medium wp-image-2652\" alt=\"\" srcset=\"https:\/\/nunasolutions.com\/wp-content\/uploads\/2026\/02\/blinkAI-1-300x200.png 300w, https:\/\/nunasolutions.com\/wp-content\/uploads\/2026\/02\/blinkAI-1-1024x683.png 1024w, https:\/\/nunasolutions.com\/wp-content\/uploads\/2026\/02\/blinkAI-1-768x512.png 768w, https:\/\/nunasolutions.com\/wp-content\/uploads\/2026\/02\/blinkAI-1.png 1536w\" sizes=\"(max-width: 300px) 100vw, 300px\" \/><\/div>\n\t\t<\/a>\n\t\t\t\t<div class=\"elementor-post__text\">\n\t\t\t\t<h2 class=\"elementor-post__title\">\n\t\t\t<a href=\"https:\/\/nunasolutions.com\/fr\/2026\/02\/13\/blinkai-surveillance-par-ia-de-lefficacite-de-letourdissement-des-porcs\/\" >\n\t\t\t\tBlinkAI \u2013 Surveillance par IA de l\u2019efficacit\u00e9 de l\u2019\u00e9tourdissement des porcs\t\t\t<\/a>\n\t\t<\/h2>\n\t\t\t\t<div class=\"elementor-post__meta-data\">\n\t\t\t\t\t<span class=\"elementor-post-date\">\n\t\t\t13 f\u00e9vrier 2026\t\t<\/span>\n\t\t\t\t<\/div>\n\t\t\t\t<div class=\"elementor-post__excerpt\">\n\t\t\t<p>D\u00e9velopp\u00e9 dans le cadre du projet europ\u00e9en aWISH BlinkAI est un syst\u00e8me de vision artificielle bas\u00e9 sur l\u2019intelligence artificielle, d\u00e9velopp\u00e9 par Nuna Solutions, pour \u00e9valuer<\/p>\n\t\t<\/div>\n\t\t\n\t\t<a class=\"elementor-post__read-more\" href=\"https:\/\/nunasolutions.com\/fr\/2026\/02\/13\/blinkai-surveillance-par-ia-de-lefficacite-de-letourdissement-des-porcs\/\" aria-label=\"En savoir plus sur BlinkAI \u2013 Surveillance par IA de l\u2019efficacit\u00e9 de l\u2019\u00e9tourdissement des porcs\" tabindex=\"-1\" >\n\t\t\t Lire la suite \u00bb\t\t<\/a>\n\n\t\t\t\t<\/div>\n\t\t\t\t<\/article>\n\t\t\t\t<article class=\"elementor-post elementor-grid-item post-1816 post type-post status-publish format-standard has-post-thumbnail hentry category-non-classifiee\" role=\"listitem\">\n\t\t\t\t<a class=\"elementor-post__thumbnail__link\" href=\"https:\/\/nunasolutions.com\/fr\/2023\/06\/27\/porkexpo-latam-2023\/\" tabindex=\"-1\" >\n\t\t\t<div class=\"elementor-post__thumbnail\"><img decoding=\"async\" width=\"300\" height=\"244\" src=\"https:\/\/nunasolutions.com\/wp-content\/uploads\/2023\/06\/stand-sim-300x244.jpg\" class=\"attachment-medium size-medium wp-image-1809\" alt=\"\" srcset=\"https:\/\/nunasolutions.com\/wp-content\/uploads\/2023\/06\/stand-sim-300x244.jpg 300w, https:\/\/nunasolutions.com\/wp-content\/uploads\/2023\/06\/stand-sim-1024x833.jpg 1024w, https:\/\/nunasolutions.com\/wp-content\/uploads\/2023\/06\/stand-sim-768x624.jpg 768w, https:\/\/nunasolutions.com\/wp-content\/uploads\/2023\/06\/stand-sim-1536x1249.jpg 1536w, https:\/\/nunasolutions.com\/wp-content\/uploads\/2023\/06\/stand-sim.jpg 2000w\" sizes=\"(max-width: 300px) 100vw, 300px\" \/><\/div>\n\t\t<\/a>\n\t\t\t\t<div class=\"elementor-post__text\">\n\t\t\t\t<h2 class=\"elementor-post__title\">\n\t\t\t<a href=\"https:\/\/nunasolutions.com\/fr\/2023\/06\/27\/porkexpo-latam-2023\/\" >\n\t\t\t\tPORKEXPO LATAM 2023\t\t\t<\/a>\n\t\t<\/h2>\n\t\t\t\t<div class=\"elementor-post__meta-data\">\n\t\t\t\t\t<span class=\"elementor-post-date\">\n\t\t\t27 juin 2023\t\t<\/span>\n\t\t\t\t<\/div>\n\t\t\t\t<div class=\"elementor-post__excerpt\">\n\t\t\t<p>(Foz do Igua\u00e7u, Brasil) Du 7 au 9 novembre 2023, on va vous pr\u00e9senter BiofarmCheck \u00e0 Porkexpo Latam, l&rsquo;un des \u00e9v\u00e9nements des plus prestigieux et<\/p>\n\t\t<\/div>\n\t\t\n\t\t<a class=\"elementor-post__read-more\" href=\"https:\/\/nunasolutions.com\/fr\/2023\/06\/27\/porkexpo-latam-2023\/\" aria-label=\"En savoir plus sur PORKEXPO LATAM 2023\" tabindex=\"-1\" >\n\t\t\t Lire la suite \u00bb\t\t<\/a>\n\n\t\t\t\t<\/div>\n\t\t\t\t<\/article>\n\t\t\t\t<article class=\"elementor-post elementor-grid-item post-1798 post type-post status-publish format-standard has-post-thumbnail hentry category-non-classifiee\" role=\"listitem\">\n\t\t\t\t<a class=\"elementor-post__thumbnail__link\" href=\"https:\/\/nunasolutions.com\/fr\/2023\/06\/27\/xv-simposio-de-porcicultura-del-sur-de-brasil\/\" tabindex=\"-1\" >\n\t\t\t<div class=\"elementor-post__thumbnail\"><img decoding=\"async\" width=\"300\" height=\"141\" src=\"https:\/\/nunasolutions.com\/wp-content\/uploads\/2023\/06\/LOGO-SIMPOSIO-2-300x141.jpg\" class=\"attachment-medium size-medium wp-image-1792\" alt=\"\" srcset=\"https:\/\/nunasolutions.com\/wp-content\/uploads\/2023\/06\/LOGO-SIMPOSIO-2-300x141.jpg 300w, https:\/\/nunasolutions.com\/wp-content\/uploads\/2023\/06\/LOGO-SIMPOSIO-2.jpg 710w\" sizes=\"(max-width: 300px) 100vw, 300px\" \/><\/div>\n\t\t<\/a>\n\t\t\t\t<div class=\"elementor-post__text\">\n\t\t\t\t<h2 class=\"elementor-post__title\">\n\t\t\t<a href=\"https:\/\/nunasolutions.com\/fr\/2023\/06\/27\/xv-simposio-de-porcicultura-del-sur-de-brasil\/\" >\n\t\t\t\tXV Simposio de Porcicultura del Sur de Brasil\t\t\t<\/a>\n\t\t<\/h2>\n\t\t\t\t<div class=\"elementor-post__meta-data\">\n\t\t\t\t\t<span class=\"elementor-post-date\">\n\t\t\t27 juin 2023\t\t<\/span>\n\t\t\t\t<\/div>\n\t\t\t\t<div class=\"elementor-post__excerpt\">\n\t\t\t<p>Nous vous informons que Nunasolutions visitera le XVe Symposium Porcin du Sud du Br\u00e9sil (SBSS), parrain\u00e9 par le Centre occidental des v\u00e9t\u00e9rinaires et zootechniciens (Nucleovet),<\/p>\n\t\t<\/div>\n\t\t\n\t\t<a class=\"elementor-post__read-more\" href=\"https:\/\/nunasolutions.com\/fr\/2023\/06\/27\/xv-simposio-de-porcicultura-del-sur-de-brasil\/\" aria-label=\"En savoir plus sur XV Simposio de Porcicultura del Sur de Brasil\" tabindex=\"-1\" >\n\t\t\t Lire la suite \u00bb\t\t<\/a>\n\n\t\t\t\t<\/div>\n\t\t\t\t<\/article>\n\t\t\t\t<article class=\"elementor-post elementor-grid-item post-1779 post type-post status-publish format-standard has-post-thumbnail hentry category-non-classifiee\" role=\"listitem\">\n\t\t\t\t<a class=\"elementor-post__thumbnail__link\" href=\"https:\/\/nunasolutions.com\/fr\/2023\/05\/11\/nunasolutions-presente-biofarmcheck-a-opormex-congreso-intercontinental-de-porcicultores-du-16-au-20-mai-2023-a-riviera-nayarit-mexique\/\" tabindex=\"-1\" >\n\t\t\t<div class=\"elementor-post__thumbnail\"><img loading=\"lazy\" decoding=\"async\" width=\"300\" height=\"244\" src=\"https:\/\/nunasolutions.com\/wp-content\/uploads\/2023\/05\/Opormex23-simulacio-stand-Linkedin-300x244.jpg\" class=\"attachment-medium size-medium wp-image-1766\" alt=\"\" srcset=\"https:\/\/nunasolutions.com\/wp-content\/uploads\/2023\/05\/Opormex23-simulacio-stand-Linkedin-300x244.jpg 300w, https:\/\/nunasolutions.com\/wp-content\/uploads\/2023\/05\/Opormex23-simulacio-stand-Linkedin-1024x832.jpg 1024w, https:\/\/nunasolutions.com\/wp-content\/uploads\/2023\/05\/Opormex23-simulacio-stand-Linkedin-768x624.jpg 768w, https:\/\/nunasolutions.com\/wp-content\/uploads\/2023\/05\/Opormex23-simulacio-stand-Linkedin.jpg 1080w\" sizes=\"(max-width: 300px) 100vw, 300px\" \/><\/div>\n\t\t<\/a>\n\t\t\t\t<div class=\"elementor-post__text\">\n\t\t\t\t<h2 class=\"elementor-post__title\">\n\t\t\t<a href=\"https:\/\/nunasolutions.com\/fr\/2023\/05\/11\/nunasolutions-presente-biofarmcheck-a-opormex-congreso-intercontinental-de-porcicultores-du-16-au-20-mai-2023-a-riviera-nayarit-mexique\/\" >\n\t\t\t\tNunaSolutions pr\u00e9sente BiofarmCheck \u00e0 Opormex (Congreso Intercontinental de Porcicultores) du 16 au 20 mai 2023 \u00e0 Riviera Nayarit, Mexique.\t\t\t<\/a>\n\t\t<\/h2>\n\t\t\t\t<div class=\"elementor-post__meta-data\">\n\t\t\t\t\t<span class=\"elementor-post-date\">\n\t\t\t11 mai 2023\t\t<\/span>\n\t\t\t\t<\/div>\n\t\t\t\t<div class=\"elementor-post__excerpt\">\n\t\t\t<p>Opormex (Congreso Intercontinental de Porcicultores) est un point de rencontre pour le secteur qui devient un incontournable entre producteurs et fournisseurs en Am\u00e9rique latine. Il<\/p>\n\t\t<\/div>\n\t\t\n\t\t<a class=\"elementor-post__read-more\" href=\"https:\/\/nunasolutions.com\/fr\/2023\/05\/11\/nunasolutions-presente-biofarmcheck-a-opormex-congreso-intercontinental-de-porcicultores-du-16-au-20-mai-2023-a-riviera-nayarit-mexique\/\" aria-label=\"En savoir plus sur NunaSolutions pr\u00e9sente BiofarmCheck \u00e0 Opormex (Congreso Intercontinental de Porcicultores) du 16 au 20 mai 2023 \u00e0 Riviera Nayarit, Mexique.\" tabindex=\"-1\" >\n\t\t\t Lire la suite \u00bb\t\t<\/a>\n\n\t\t\t\t<\/div>\n\t\t\t\t<\/article>\n\t\t\t\t<\/div>\n\t\t\n\t\t\t\t\t\t<\/div>\n\t\t\t\t<\/div>\n\t\t\t\t\t<\/div>\n\t\t\t\t<\/div>\n\t\t\t\t\t<\/div>\n\t\t\t\t<\/div>\n\t\t\t\t<\/div>\n\t\t","protected":false},"excerpt":{"rendered":"<p>Nouvelles Rattrapez-vous avec Nuna Solutions<\/p>\n","protected":false},"author":1,"featured_media":0,"parent":0,"menu_order":0,"comment_status":"closed","ping_status":"closed","template":"","meta":{"footnotes":""},"class_list":["post-1632","page","type-page","status-publish","hentry"],"yoast_head":"<!-- This site is optimized with the Yoast SEO plugin v26.9 - https:\/\/yoast.com\/product\/yoast-seo-wordpress\/ -->\n<title>Nouvelles - Nuna Solutions<\/title>\n<meta name=\"robots\" content=\"index, follow, max-snippet:-1, max-image-preview:large, max-video-preview:-1\" \/>\n<link rel=\"canonical\" href=\"https:\/\/nunasolutions.com\/fr\/nouvelles\/\" \/>\n<meta property=\"og:locale\" content=\"fr_FR\" \/>\n<meta property=\"og:type\" content=\"article\" \/>\n<meta property=\"og:title\" content=\"Nouvelles - Nuna Solutions\" \/>\n<meta property=\"og:description\" content=\"Nouvelles Rattrapez-vous avec Nuna Solutions\" \/>\n<meta property=\"og:url\" content=\"https:\/\/nunasolutions.com\/fr\/nouvelles\/\" \/>\n<meta property=\"og:site_name\" content=\"Nuna Solutions\" \/>\n<meta property=\"article:modified_time\" content=\"2022-11-29T20:37:17+00:00\" \/>\n<meta name=\"twitter:card\" content=\"summary_large_image\" \/>\n<script type=\"application\/ld+json\" class=\"yoast-schema-graph\">{\"@context\":\"https:\/\/schema.org\",\"@graph\":[{\"@type\":\"WebPage\",\"@id\":\"https:\/\/nunasolutions.com\/fr\/nouvelles\/\",\"url\":\"https:\/\/nunasolutions.com\/fr\/nouvelles\/\",\"name\":\"Nouvelles - Nuna Solutions\",\"isPartOf\":{\"@id\":\"https:\/\/nunasolutions.com\/#website\"},\"datePublished\":\"2022-08-29T17:39:15+00:00\",\"dateModified\":\"2022-11-29T20:37:17+00:00\",\"breadcrumb\":{\"@id\":\"https:\/\/nunasolutions.com\/fr\/nouvelles\/#breadcrumb\"},\"inLanguage\":\"fr-FR\",\"potentialAction\":[{\"@type\":\"ReadAction\",\"target\":[\"https:\/\/nunasolutions.com\/fr\/nouvelles\/\"]}]},{\"@type\":\"BreadcrumbList\",\"@id\":\"https:\/\/nunasolutions.com\/fr\/nouvelles\/#breadcrumb\",\"itemListElement\":[{\"@type\":\"ListItem\",\"position\":1,\"name\":\"Inici\",\"item\":\"https:\/\/nunasolutions.com\/fr\/\"},{\"@type\":\"ListItem\",\"position\":2,\"name\":\"Nouvelles\"}]},{\"@type\":\"WebSite\",\"@id\":\"https:\/\/nunasolutions.com\/#website\",\"url\":\"https:\/\/nunasolutions.com\/\",\"name\":\"Nuna Solutions\",\"description\":\"Tra\u00e7abilitat i integraci\u00f3 de dades\",\"potentialAction\":[{\"@type\":\"SearchAction\",\"target\":{\"@type\":\"EntryPoint\",\"urlTemplate\":\"https:\/\/nunasolutions.com\/?s={search_term_string}\"},\"query-input\":{\"@type\":\"PropertyValueSpecification\",\"valueRequired\":true,\"valueName\":\"search_term_string\"}}],\"inLanguage\":\"fr-FR\"}]}<\/script>\n<!-- \/ Yoast SEO plugin. -->","yoast_head_json":{"title":"Nouvelles - Nuna Solutions","robots":{"index":"index","follow":"follow","max-snippet":"max-snippet:-1","max-image-preview":"max-image-preview:large","max-video-preview":"max-video-preview:-1"},"canonical":"https:\/\/nunasolutions.com\/fr\/nouvelles\/","og_locale":"fr_FR","og_type":"article","og_title":"Nouvelles - Nuna Solutions","og_description":"Nouvelles Rattrapez-vous avec Nuna Solutions","og_url":"https:\/\/nunasolutions.com\/fr\/nouvelles\/","og_site_name":"Nuna Solutions","article_modified_time":"2022-11-29T20:37:17+00:00","twitter_card":"summary_large_image","schema":{"@context":"https:\/\/schema.org","@graph":[{"@type":"WebPage","@id":"https:\/\/nunasolutions.com\/fr\/nouvelles\/","url":"https:\/\/nunasolutions.com\/fr\/nouvelles\/","name":"Nouvelles - Nuna Solutions","isPartOf":{"@id":"https:\/\/nunasolutions.com\/#website"},"datePublished":"2022-08-29T17:39:15+00:00","dateModified":"2022-11-29T20:37:17+00:00","breadcrumb":{"@id":"https:\/\/nunasolutions.com\/fr\/nouvelles\/#breadcrumb"},"inLanguage":"fr-FR","potentialAction":[{"@type":"ReadAction","target":["https:\/\/nunasolutions.com\/fr\/nouvelles\/"]}]},{"@type":"BreadcrumbList","@id":"https:\/\/nunasolutions.com\/fr\/nouvelles\/#breadcrumb","itemListElement":[{"@type":"ListItem","position":1,"name":"Inici","item":"https:\/\/nunasolutions.com\/fr\/"},{"@type":"ListItem","position":2,"name":"Nouvelles"}]},{"@type":"WebSite","@id":"https:\/\/nunasolutions.com\/#website","url":"https:\/\/nunasolutions.com\/","name":"Nuna Solutions","description":"Tra\u00e7abilitat i integraci\u00f3 de dades","potentialAction":[{"@type":"SearchAction","target":{"@type":"EntryPoint","urlTemplate":"https:\/\/nunasolutions.com\/?s={search_term_string}"},"query-input":{"@type":"PropertyValueSpecification","valueRequired":true,"valueName":"search_term_string"}}],"inLanguage":"fr-FR"}]}},"_links":{"self":[{"href":"https:\/\/nunasolutions.com\/fr\/wp-json\/wp\/v2\/pages\/1632","targetHints":{"allow":["GET"]}}],"collection":[{"href":"https:\/\/nunasolutions.com\/fr\/wp-json\/wp\/v2\/pages"}],"about":[{"href":"https:\/\/nunasolutions.com\/fr\/wp-json\/wp\/v2\/types\/page"}],"author":[{"embeddable":true,"href":"https:\/\/nunasolutions.com\/fr\/wp-json\/wp\/v2\/users\/1"}],"replies":[{"embeddable":true,"href":"https:\/\/nunasolutions.com\/fr\/wp-json\/wp\/v2\/comments?post=1632"}],"version-history":[{"count":1,"href":"https:\/\/nunasolutions.com\/fr\/wp-json\/wp\/v2\/pages\/1632\/revisions"}],"predecessor-version":[{"id":1633,"href":"https:\/\/nunasolutions.com\/fr\/wp-json\/wp\/v2\/pages\/1632\/revisions\/1633"}],"wp:attachment":[{"href":"https:\/\/nunasolutions.com\/fr\/wp-json\/wp\/v2\/media?parent=1632"}],"curies":[{"name":"wp","href":"https:\/\/api.w.org\/{rel}","templated":true}]}}