{"id":1882,"date":"2023-07-07T14:36:11","date_gmt":"2023-07-07T12:36:11","guid":{"rendered":"https:\/\/nunasolutions.com\/avis-juridique\/"},"modified":"2024-05-15T11:55:30","modified_gmt":"2024-05-15T09:55:30","slug":"avis-juridique","status":"publish","type":"page","link":"https:\/\/nunasolutions.com\/fr\/avis-juridique\/","title":{"rendered":"Avis Juridique"},"content":{"rendered":"\t\t<div data-elementor-type=\"wp-page\" data-elementor-id=\"1882\" class=\"elementor elementor-1882 elementor-1829\" data-elementor-post-type=\"page\">\n\t\t\t\t<div class=\"elementor-element elementor-element-f41827a e-flex e-con-boxed e-con e-parent\" data-id=\"f41827a\" data-element_type=\"container\" data-e-type=\"container\">\n\t\t\t\t\t<div class=\"e-con-inner\">\n\t\t\t\t<div class=\"elementor-element elementor-element-8f89651 elementor-widget elementor-widget-heading\" data-id=\"8f89651\" data-element_type=\"widget\" data-e-type=\"widget\" data-widget_type=\"heading.default\">\n\t\t\t\t<div class=\"elementor-widget-container\">\n\t\t\t\t\t<h1 class=\"elementor-heading-title elementor-size-default\">Avis Juridique<\/h1>\t\t\t\t<\/div>\n\t\t\t\t<\/div>\n\t\t\t\t\t<\/div>\n\t\t\t\t<\/div>\n\t\t<div class=\"elementor-element elementor-element-f216294 e-flex e-con-boxed e-con e-parent\" data-id=\"f216294\" data-element_type=\"container\" data-e-type=\"container\">\n\t\t\t\t\t<div class=\"e-con-inner\">\n\t\t\t\t<div class=\"elementor-element elementor-element-82acaea elementor-widget elementor-widget-text-editor\" data-id=\"82acaea\" data-element_type=\"widget\" data-e-type=\"widget\" data-widget_type=\"text-editor.default\">\n\t\t\t\t<div class=\"elementor-widget-container\">\n\t\t\t\t\t\t\t\t\t<p>Le pr\u00e9sent avis juridique r\u00e9git l&rsquo;utilisation du service du portail Internet avec <a href=\"https:\/\/nunasolutions.com\/fr\/\">https:\/\/nunasolutions.com\/<\/a> dont le responsable \u00e0 des fins d&rsquo;identification est:<\/p>\n<ul>\n<li>Responsable: <strong>by-nunaSolutions, sl <\/strong>(CIF: B65573784)<\/li>\n<li>Courrier : <a href=\"mailto:info@nunasolutions.com\">info@nunasolutions.com<\/a><\/li>\n<\/ul>\n<h2><strong>L\u00e9gislation<\/strong><\/h2>\n<p>En g\u00e9n\u00e9ral, les relations entre <strong>by-nunaSolutions, sl<\/strong> et les utilisateurs de ses services t\u00e9l\u00e9matiques, pr\u00e9sents sur le Web, sont soumises \u00e0 la l\u00e9gislation et \u00e0 la juridiction espagnoles.<\/p>\n<p>Les parties renoncent express\u00e9ment \u00e0 la juridiction qui pourrait leur correspondre et se soumettent express\u00e9ment aux Cours et Tribunaux d&rsquo;EL VENDRELL, pour r\u00e9soudre tout litige qui pourrait survenir dans l&rsquo;interpr\u00e9tation ou l&rsquo;ex\u00e9cution des pr\u00e9sentes conditions contractuelles.<\/p>\n<h2><strong>Contenu et utilisation<\/strong><\/h2>\n<p>L\u2019utilisateur est inform\u00e9 et accepte que l\u2019acc\u00e8s \u00e0 ce site Web n\u2019implique en aucun cas le d\u00e9but d\u2019une relation commerciale avec <strong>by-nunaSolutions, sl <\/strong><\/p>\n<p>Le propri\u00e9taire du Web ne s&rsquo;identifie pas aux opinions qui y sont exprim\u00e9es par ses collaborateurs. La Soci\u00e9t\u00e9 se r\u00e9serve le droit d&rsquo;effectuer sans pr\u00e9avis les modifications qu&rsquo;elle juge appropri\u00e9es sur son site Web, en pouvant changer, supprimer ou ajouter \u00e0 la fois les contenus et services fournis par son interm\u00e9diaire et la mani\u00e8re dont ils sont pr\u00e9sent\u00e9s ou situ\u00e9s sur leurs serveurs. <\/p>\n<h2><strong>Propri\u00e9t\u00e9 intellectuelle et industrielle<\/strong><\/h2>\n<p>Ce site Web et son contenu sont prot\u00e9g\u00e9s par les lois sur la propri\u00e9t\u00e9 intellectuelle. Ils ne peuvent \u00eatre exploit\u00e9s, reproduits, distribu\u00e9s, modifi\u00e9s, communiqu\u00e9s publiquement, transf\u00e9r\u00e9s ou transform\u00e9s. L&rsquo;acc\u00e8s \u00e0 ce site Web ne conf\u00e8re aux utilisateurs aucun droit ou propri\u00e9t\u00e9 sur les droits de propri\u00e9t\u00e9 intellectuelle des contenus h\u00e9berg\u00e9s sur ce site.  <\/p>\n<p>Le contenu de ce site Web peut \u00eatre t\u00e9l\u00e9charg\u00e9 sur le terminal de l&rsquo;utilisateur, \u00e0 condition qu&rsquo;il soit destin\u00e9 \u00e0 un usage priv\u00e9 et sans but commercial; Par cons\u00e9quent, vous ne pouvez pas exploiter, reproduire, distribuer, modifier, communiquer publiquement, c\u00e9der, transformer ou utiliser le contenu de ce site Web \u00e0 des fins publiques ou commerciales.<\/p>\n<p>Le nom commercial, les marques de commerce, le logo, les produits et services contenus dans ce site Web sont prot\u00e9g\u00e9s par la loi.<\/p>\n<p><strong>by-nunaSolutions<\/strong>, sl se r\u00e9serve le droit d\u2019intenter une action en justice contre les utilisateurs qui violent ou enfreignent les droits de propri\u00e9t\u00e9 intellectuelle.<\/p>\n<h2><strong>Liens<\/strong><\/h2>\n<p>La pr\u00e9sence de liens sur les pages Web de <strong>by-nunaSolutions, sl<\/strong>, est \u00e0 titre informatif uniquement et n\u2019implique en aucun cas une suggestion, une invitation ou une recommandation \u00e0 leur sujet.<\/p>\n\t\t\t\t\t\t\t\t<\/div>\n\t\t\t\t<\/div>\n\t\t\t\t\t<\/div>\n\t\t\t\t<\/div>\n\t\t\t\t<\/div>\n\t\t","protected":false},"excerpt":{"rendered":"<p>Avis Juridique Le pr\u00e9sent avis juridique r\u00e9git l&rsquo;utilisation du service du portail Internet avec https:\/\/nunasolutions.com\/ dont le responsable \u00e0 des fins d&rsquo;identification est: Responsable: by-nunaSolutions, sl (CIF: B65573784) Courrier : info@nunasolutions.com L\u00e9gislation En g\u00e9n\u00e9ral, les relations entre by-nunaSolutions, sl et les utilisateurs de ses services t\u00e9l\u00e9matiques, pr\u00e9sents sur le Web, sont soumises \u00e0 la l\u00e9gislation [&hellip;]<\/p>\n","protected":false},"author":1,"featured_media":0,"parent":0,"menu_order":0,"comment_status":"closed","ping_status":"closed","template":"","meta":{"footnotes":""},"class_list":["post-1882","page","type-page","status-publish","hentry"],"yoast_head":"<!-- This site is optimized with the Yoast SEO plugin v26.9 - https:\/\/yoast.com\/product\/yoast-seo-wordpress\/ -->\n<title>Avis Juridique - Nuna Solutions<\/title>\n<meta name=\"robots\" content=\"index, follow, max-snippet:-1, max-image-preview:large, max-video-preview:-1\" \/>\n<link rel=\"canonical\" href=\"https:\/\/nunasolutions.com\/avis-legal\/\" \/>\n<meta property=\"og:locale\" content=\"fr_FR\" \/>\n<meta property=\"og:type\" content=\"article\" \/>\n<meta property=\"og:title\" content=\"Avis Juridique - Nuna Solutions\" \/>\n<meta property=\"og:description\" content=\"Avis Juridique Le pr\u00e9sent avis juridique r\u00e9git l&rsquo;utilisation du service du portail Internet avec https:\/\/nunasolutions.com\/ dont le responsable \u00e0 des fins d&rsquo;identification est: Responsable: by-nunaSolutions, sl (CIF: B65573784) Courrier : info@nunasolutions.com L\u00e9gislation En g\u00e9n\u00e9ral, les relations entre by-nunaSolutions, sl et les utilisateurs de ses services t\u00e9l\u00e9matiques, pr\u00e9sents sur le Web, sont soumises \u00e0 la l\u00e9gislation [&hellip;]\" \/>\n<meta property=\"og:url\" content=\"https:\/\/nunasolutions.com\/avis-legal\/\" \/>\n<meta property=\"og:site_name\" content=\"Nuna Solutions\" \/>\n<meta property=\"article:modified_time\" content=\"2024-05-15T09:55:30+00:00\" \/>\n<meta name=\"twitter:card\" content=\"summary_large_image\" \/>\n<meta name=\"twitter:label1\" content=\"Dur\u00e9e de lecture estim\u00e9e\" \/>\n\t<meta name=\"twitter:data1\" content=\"2 minutes\" \/>\n<script type=\"application\/ld+json\" class=\"yoast-schema-graph\">{\"@context\":\"https:\/\/schema.org\",\"@graph\":[{\"@type\":\"WebPage\",\"@id\":\"https:\/\/nunasolutions.com\/avis-legal\/\",\"url\":\"https:\/\/nunasolutions.com\/avis-legal\/\",\"name\":\"Avis Juridique - Nuna Solutions\",\"isPartOf\":{\"@id\":\"https:\/\/nunasolutions.com\/#website\"},\"datePublished\":\"2023-07-07T12:36:11+00:00\",\"dateModified\":\"2024-05-15T09:55:30+00:00\",\"breadcrumb\":{\"@id\":\"https:\/\/nunasolutions.com\/avis-legal\/#breadcrumb\"},\"inLanguage\":\"fr-FR\",\"potentialAction\":[{\"@type\":\"ReadAction\",\"target\":[\"https:\/\/nunasolutions.com\/avis-legal\/\"]}]},{\"@type\":\"BreadcrumbList\",\"@id\":\"https:\/\/nunasolutions.com\/avis-legal\/#breadcrumb\",\"itemListElement\":[{\"@type\":\"ListItem\",\"position\":1,\"name\":\"Inici\",\"item\":\"https:\/\/nunasolutions.com\/fr\/\"},{\"@type\":\"ListItem\",\"position\":2,\"name\":\"Avis Juridique\"}]},{\"@type\":\"WebSite\",\"@id\":\"https:\/\/nunasolutions.com\/#website\",\"url\":\"https:\/\/nunasolutions.com\/\",\"name\":\"Nuna Solutions\",\"description\":\"Tra\u00e7abilitat i integraci\u00f3 de dades\",\"potentialAction\":[{\"@type\":\"SearchAction\",\"target\":{\"@type\":\"EntryPoint\",\"urlTemplate\":\"https:\/\/nunasolutions.com\/?s={search_term_string}\"},\"query-input\":{\"@type\":\"PropertyValueSpecification\",\"valueRequired\":true,\"valueName\":\"search_term_string\"}}],\"inLanguage\":\"fr-FR\"}]}<\/script>\n<!-- \/ Yoast SEO plugin. -->","yoast_head_json":{"title":"Avis Juridique - Nuna Solutions","robots":{"index":"index","follow":"follow","max-snippet":"max-snippet:-1","max-image-preview":"max-image-preview:large","max-video-preview":"max-video-preview:-1"},"canonical":"https:\/\/nunasolutions.com\/avis-legal\/","og_locale":"fr_FR","og_type":"article","og_title":"Avis Juridique - Nuna Solutions","og_description":"Avis Juridique Le pr\u00e9sent avis juridique r\u00e9git l&rsquo;utilisation du service du portail Internet avec https:\/\/nunasolutions.com\/ dont le responsable \u00e0 des fins d&rsquo;identification est: Responsable: by-nunaSolutions, sl (CIF: B65573784) Courrier : info@nunasolutions.com L\u00e9gislation En g\u00e9n\u00e9ral, les relations entre by-nunaSolutions, sl et les utilisateurs de ses services t\u00e9l\u00e9matiques, pr\u00e9sents sur le Web, sont soumises \u00e0 la l\u00e9gislation [&hellip;]","og_url":"https:\/\/nunasolutions.com\/avis-legal\/","og_site_name":"Nuna Solutions","article_modified_time":"2024-05-15T09:55:30+00:00","twitter_card":"summary_large_image","twitter_misc":{"Dur\u00e9e de lecture estim\u00e9e":"2 minutes"},"schema":{"@context":"https:\/\/schema.org","@graph":[{"@type":"WebPage","@id":"https:\/\/nunasolutions.com\/avis-legal\/","url":"https:\/\/nunasolutions.com\/avis-legal\/","name":"Avis Juridique - Nuna Solutions","isPartOf":{"@id":"https:\/\/nunasolutions.com\/#website"},"datePublished":"2023-07-07T12:36:11+00:00","dateModified":"2024-05-15T09:55:30+00:00","breadcrumb":{"@id":"https:\/\/nunasolutions.com\/avis-legal\/#breadcrumb"},"inLanguage":"fr-FR","potentialAction":[{"@type":"ReadAction","target":["https:\/\/nunasolutions.com\/avis-legal\/"]}]},{"@type":"BreadcrumbList","@id":"https:\/\/nunasolutions.com\/avis-legal\/#breadcrumb","itemListElement":[{"@type":"ListItem","position":1,"name":"Inici","item":"https:\/\/nunasolutions.com\/fr\/"},{"@type":"ListItem","position":2,"name":"Avis Juridique"}]},{"@type":"WebSite","@id":"https:\/\/nunasolutions.com\/#website","url":"https:\/\/nunasolutions.com\/","name":"Nuna Solutions","description":"Tra\u00e7abilitat i integraci\u00f3 de dades","potentialAction":[{"@type":"SearchAction","target":{"@type":"EntryPoint","urlTemplate":"https:\/\/nunasolutions.com\/?s={search_term_string}"},"query-input":{"@type":"PropertyValueSpecification","valueRequired":true,"valueName":"search_term_string"}}],"inLanguage":"fr-FR"}]}},"_links":{"self":[{"href":"https:\/\/nunasolutions.com\/fr\/wp-json\/wp\/v2\/pages\/1882","targetHints":{"allow":["GET"]}}],"collection":[{"href":"https:\/\/nunasolutions.com\/fr\/wp-json\/wp\/v2\/pages"}],"about":[{"href":"https:\/\/nunasolutions.com\/fr\/wp-json\/wp\/v2\/types\/page"}],"author":[{"embeddable":true,"href":"https:\/\/nunasolutions.com\/fr\/wp-json\/wp\/v2\/users\/1"}],"replies":[{"embeddable":true,"href":"https:\/\/nunasolutions.com\/fr\/wp-json\/wp\/v2\/comments?post=1882"}],"version-history":[{"count":6,"href":"https:\/\/nunasolutions.com\/fr\/wp-json\/wp\/v2\/pages\/1882\/revisions"}],"predecessor-version":[{"id":2353,"href":"https:\/\/nunasolutions.com\/fr\/wp-json\/wp\/v2\/pages\/1882\/revisions\/2353"}],"wp:attachment":[{"href":"https:\/\/nunasolutions.com\/fr\/wp-json\/wp\/v2\/media?parent=1882"}],"curies":[{"name":"wp","href":"https:\/\/api.w.org\/{rel}","templated":true}]}}