{"id":1890,"date":"2023-07-07T14:42:11","date_gmt":"2023-07-07T12:42:11","guid":{"rendered":"https:\/\/nunasolutions.com\/politique-de-cookies-2\/"},"modified":"2024-05-15T11:19:18","modified_gmt":"2024-05-15T09:19:18","slug":"politique-de-cookies-2","status":"publish","type":"page","link":"https:\/\/nunasolutions.com\/fr\/politique-de-cookies-2\/","title":{"rendered":"Politique de cookies"},"content":{"rendered":"\t\t<div data-elementor-type=\"wp-page\" data-elementor-id=\"1890\" class=\"elementor elementor-1890 elementor-1836\" data-elementor-post-type=\"page\">\n\t\t\t\t<div class=\"elementor-element elementor-element-5a37e9b e-flex e-con-boxed e-con e-parent\" data-id=\"5a37e9b\" data-element_type=\"container\" data-e-type=\"container\">\n\t\t\t\t\t<div class=\"e-con-inner\">\n\t\t\t\t<div class=\"elementor-element elementor-element-d8f4b7e elementor-widget elementor-widget-heading\" data-id=\"d8f4b7e\" data-element_type=\"widget\" data-e-type=\"widget\" data-widget_type=\"heading.default\">\n\t\t\t\t<div class=\"elementor-widget-container\">\n\t\t\t\t\t<h1 class=\"elementor-heading-title elementor-size-default\">Politique de cookies<\/h1>\t\t\t\t<\/div>\n\t\t\t\t<\/div>\n\t\t\t\t\t<\/div>\n\t\t\t\t<\/div>\n\t\t<div class=\"elementor-element elementor-element-5b4155a e-flex e-con-boxed e-con e-parent\" data-id=\"5b4155a\" data-element_type=\"container\" data-e-type=\"container\">\n\t\t\t\t\t<div class=\"e-con-inner\">\n\t\t\t\t<div class=\"elementor-element elementor-element-8457e11 elementor-widget elementor-widget-text-editor\" data-id=\"8457e11\" data-element_type=\"widget\" data-e-type=\"widget\" data-widget_type=\"text-editor.default\">\n\t\t\t\t<div class=\"elementor-widget-container\">\n\t\t\t\t\t\t\t\t\t<p>Ce site utilise des Cookies pour am\u00e9liorer et optimiser l&rsquo;exp\u00e9rience utilisateur. Vous trouverez ci-dessous des informations d\u00e9taill\u00e9es sur ce que sont les \u00ab Cookies \u00bb, quel type de cookies ce site Web utilise, comment vous pouvez les d\u00e9sactiver dans votre navigateur et comment bloquer sp\u00e9cifiquement l&rsquo;installation de Cookies tiers. <\/p>\n<p><strong>Que sont les cookies et comment le site Web by-nunaSolutions, sl les utilise-t-il?<\/strong><\/p>\n<p>Les cookies sont des fichiers que le site Web ou l\u2019application que vous utilisez installe dans votre navigateur ou sur votre appareil (Smartphone, tablette\u2026) lors de votre parcours \u00e0 travers les pages ou l\u2019application, et servent \u00e0 stocker des informations sur votre visite. Comme la plupart des sites Web, le portail Web <strong>by-nunaSolutions<\/strong>, sl utilise des cookies pour: <\/p>\n<ol>\n<li>S&rsquo;assurer que les pages Web peuvent fonctionner correctement.<\/li>\n<li>Enregistrer vos pr\u00e9f\u00e9rences, telles que la langue que vous avez s\u00e9lectionn\u00e9e ou la taille de la police.<\/li>\n<li>Conna\u00eetre votre exp\u00e9rience de navigation.<\/li>\n<li>Recueillir des informations statistiques anonymes, telles que les pages que vous avez consult\u00e9es ou depuis combien de temps vous \u00eates dans nos m\u00e9dias.<\/li>\n<\/ol>\n<div> <\/div>\n<p>L\u2019utilisation de cookies nous permet d\u2019optimiser votre navigation, en adaptant les informations et les services propos\u00e9s \u00e0 vos int\u00e9r\u00eats, afin de vous offrir une meilleure exp\u00e9rience chaque fois que vous nous visitez. Les sites Web de <strong>by-nunaSolutions<\/strong>, sl utilisent des Cookies pour fonctionner, adapter et faciliter autant que possible la navigation de l\u2019Utilisateur. <\/p>\n<p>Les cookies ne sont associ\u00e9s qu\u2019\u00e0 un utilisateur anonyme et \u00e0 son ordinateur \/ appareil et ne fournissent pas de r\u00e9f\u00e9rences permettant de conna\u00eetre les donn\u00e9es personnelles. \u00c0 tout moment, vous pouvez acc\u00e9der \u00e0 la configuration de votre navigateur pour modifier et \/ ou bloquer l\u2019installation de cookies \u00e9mis par le site Web <strong>by-nunaSolutions<\/strong>, sl, sans entraver l\u2019acc\u00e8s au contenu. Toutefois, la qualit\u00e9 de fonctionnement des Services peut en \u00eatre affect\u00e9e.  <\/p>\n<p>Les utilisateurs qui terminent le processus d&rsquo;inscription ou se sont connect\u00e9s avec leurs donn\u00e9es d&rsquo;acc\u00e8s pourront acc\u00e9der \u00e0 des services personnalis\u00e9s adapt\u00e9s \u00e0 leurs pr\u00e9f\u00e9rences en fonction des informations personnelles fournies au moment de l&rsquo;inscription et stock\u00e9es dans le cookie de leur navigateur.<\/p>\n<ol>\n<li>Les cookies d&rsquo;authentification sont par d\u00e9faut des cookies temporaires (par session) non persistants, cependant, les utilisateurs peuvent les rendre persistants en cochant la case \u00ab M\u00e9moriser la connexion \u00bb dans le contr\u00f4le d&rsquo;acc\u00e8s. Pour les utilisateurs enregistr\u00e9s. <\/li>\n<\/ol>\n<ol start=\"2\">\n<li>Les cookies de session, qui se produisent lors de la connexion, ont une dur\u00e9e de 30 minutes \u00e0 compter de la derni\u00e8re p\u00e9riode d&rsquo;activit\u00e9. Pour les utilisateurs enregistr\u00e9s. <\/li>\n<\/ol>\n<ol start=\"3\">\n<li>Un cookie appel\u00e9 \u00ab langue \u00bb est cr\u00e9\u00e9 pour stocker la langue &#8211; dans une installation monolingue, il s&rsquo;agit simplement de la langue par d\u00e9faut du navigateur, mais si le site prend en charge plusieurs langues, elle peut \u00eatre diff\u00e9rente en fonction de la langue s\u00e9lectionn\u00e9e. Pour tous les types d&rsquo;utilisateurs. <\/li>\n<\/ol>\n<div> <\/div>\n<p><strong>Comment puis-je configurer mes cookies ?<\/strong><\/p>\n<ol>\n<li>En naviguant et en continuant sur notre site Web, vous consentez \u00e0 l&rsquo;utilisation de cookies dans les conditions contenues dans la pr\u00e9sente politique de cookies. <strong>by-nunaSolutions, sl <\/strong>donne acc\u00e8s \u00e0 cette politique de cookies au moment de l&rsquo;inscription afin que l&rsquo;utilisateur puisse en \u00eatre inform\u00e9, et sans pr\u00e9judice du fait qu&rsquo;il peut exercer son droit de bloquer, supprimer et refuser l&rsquo;utilisation de Cookies \u00e0 tout moment.<\/li>\n<li>Dans tous les cas, nous vous informons que, puisque les cookies ne sont pas n\u00e9cessaires \u00e0 l&rsquo;utilisation de notre site Web, vous pouvez les bloquer ou les d\u00e9sactiver en activant la configuration de votre navigateur, ce qui vous permet de refuser l&rsquo;installation de tous les cookies ou de certains d&rsquo;entre eux. La plupart des navigateurs vous permettent d&rsquo;avertir de la pr\u00e9sence de Cookies ou de les rejeter automatiquement. Si vous les refusez, vous pouvez continuer \u00e0 utiliser notre site Web, bien que l&rsquo;utilisation de certains de ses services puisse \u00eatre limit\u00e9e et donc votre exp\u00e9rience sur notre site Web moins satisfaisante.  <\/li>\n<\/ol>\n<div> <\/div>\n<p><strong>Comment puis-je bloquer ou autoriser les cookies ?<\/strong><\/p>\n<p>L&rsquo;utilisateur peut -\u00e0 tout moment- choisir les cookies qu&rsquo;il souhaite faire fonctionner sur ce site en:<\/p>\n<ul>\n<li>Param\u00e8tres du <strong>navigateur<\/strong> ; par exemple :\n<ul>\n<li><strong>Chrome<\/strong>, \u00e0 partir de <u><a href=\"http:\/\/support.google.com\/chrome\/bin\/answer.py?hl=es&amp;answer=95647\">http:\/\/support.google.com\/chrome\/bin\/answer.py?hl=es&amp;answer=95647<\/a><\/u><\/li>\n<li><strong>Explorer<\/strong>, \u00e0 partir de <a href=\"http:\/\/windows.microsoft.com\/es-es\/windows7\/how-to-manage-cookies-in-internet-explorer-9\">http:\/\/windows.microsoft.com\/es-es\/windows7\/how-to-manage-cookies-in-internet-explorer-9<\/a><\/li>\n<li><strong>Firefox<\/strong>, \u00e0 partir de <a href=\"http:\/\/support.mozilla.org\/es\/kb\/habilitar-y-deshabilitar-cookies-que-los-sitios-we\">http:\/\/support.mozilla.org\/es\/kb\/habilitar-y-deshabilitar-cookies-que-los-sitios-we<\/a><\/li>\n<li><strong>Safari<\/strong>, \u00e0 partir de <a href=\"http:\/\/support.apple.com\/kb\/ph5042\">http:\/\/support.apple.com\/kb\/ph5042<\/a><\/li>\n<\/ul>\n<\/li>\n<li>Il existe des outils tiers, disponibles en ligne, qui permettent aux utilisateurs de d\u00e9tecter les cookies sur chaque site Web qu&rsquo;ils visitent et de g\u00e9rer leur d\u00e9sactivation.<\/li>\n<\/ul>\n\t\t\t\t\t\t\t\t<\/div>\n\t\t\t\t<\/div>\n\t\t\t\t\t<\/div>\n\t\t\t\t<\/div>\n\t\t\t\t<\/div>\n\t\t","protected":false},"excerpt":{"rendered":"<p>Politique de cookies Ce site utilise des Cookies pour am\u00e9liorer et optimiser l&rsquo;exp\u00e9rience utilisateur. Vous trouverez ci-dessous des informations d\u00e9taill\u00e9es sur ce que sont les \u00ab Cookies \u00bb, quel type de cookies ce site Web utilise, comment vous pouvez les d\u00e9sactiver dans votre navigateur et comment bloquer sp\u00e9cifiquement l&rsquo;installation de Cookies tiers. Que sont les [&hellip;]<\/p>\n","protected":false},"author":1,"featured_media":0,"parent":0,"menu_order":0,"comment_status":"closed","ping_status":"closed","template":"","meta":{"footnotes":""},"class_list":["post-1890","page","type-page","status-publish","hentry"],"yoast_head":"<!-- This site is optimized with the Yoast SEO plugin v26.9 - https:\/\/yoast.com\/product\/yoast-seo-wordpress\/ -->\n<title>Politique de cookies - Nuna Solutions<\/title>\n<meta name=\"robots\" content=\"index, follow, max-snippet:-1, max-image-preview:large, max-video-preview:-1\" \/>\n<link rel=\"canonical\" href=\"https:\/\/nunasolutions.com\/politica-de-cookies\/\" \/>\n<meta property=\"og:locale\" content=\"fr_FR\" \/>\n<meta property=\"og:type\" content=\"article\" \/>\n<meta property=\"og:title\" content=\"Politique de cookies - Nuna Solutions\" \/>\n<meta property=\"og:description\" content=\"Politique de cookies Ce site utilise des Cookies pour am\u00e9liorer et optimiser l&rsquo;exp\u00e9rience utilisateur. Vous trouverez ci-dessous des informations d\u00e9taill\u00e9es sur ce que sont les \u00ab Cookies \u00bb, quel type de cookies ce site Web utilise, comment vous pouvez les d\u00e9sactiver dans votre navigateur et comment bloquer sp\u00e9cifiquement l&rsquo;installation de Cookies tiers. Que sont les [&hellip;]\" \/>\n<meta property=\"og:url\" content=\"https:\/\/nunasolutions.com\/politica-de-cookies\/\" \/>\n<meta property=\"og:site_name\" content=\"Nuna Solutions\" \/>\n<meta property=\"article:modified_time\" content=\"2024-05-15T09:19:18+00:00\" \/>\n<meta name=\"twitter:card\" content=\"summary_large_image\" \/>\n<meta name=\"twitter:label1\" content=\"Dur\u00e9e de lecture estim\u00e9e\" \/>\n\t<meta name=\"twitter:data1\" content=\"4 minutes\" \/>\n<script type=\"application\/ld+json\" class=\"yoast-schema-graph\">{\"@context\":\"https:\/\/schema.org\",\"@graph\":[{\"@type\":\"WebPage\",\"@id\":\"https:\/\/nunasolutions.com\/politica-de-cookies\/\",\"url\":\"https:\/\/nunasolutions.com\/politica-de-cookies\/\",\"name\":\"Politique de cookies - Nuna Solutions\",\"isPartOf\":{\"@id\":\"https:\/\/nunasolutions.com\/#website\"},\"datePublished\":\"2023-07-07T12:42:11+00:00\",\"dateModified\":\"2024-05-15T09:19:18+00:00\",\"breadcrumb\":{\"@id\":\"https:\/\/nunasolutions.com\/politica-de-cookies\/#breadcrumb\"},\"inLanguage\":\"fr-FR\",\"potentialAction\":[{\"@type\":\"ReadAction\",\"target\":[\"https:\/\/nunasolutions.com\/politica-de-cookies\/\"]}]},{\"@type\":\"BreadcrumbList\",\"@id\":\"https:\/\/nunasolutions.com\/politica-de-cookies\/#breadcrumb\",\"itemListElement\":[{\"@type\":\"ListItem\",\"position\":1,\"name\":\"Inici\",\"item\":\"https:\/\/nunasolutions.com\/fr\/\"},{\"@type\":\"ListItem\",\"position\":2,\"name\":\"Politique de cookies\"}]},{\"@type\":\"WebSite\",\"@id\":\"https:\/\/nunasolutions.com\/#website\",\"url\":\"https:\/\/nunasolutions.com\/\",\"name\":\"Nuna Solutions\",\"description\":\"Tra\u00e7abilitat i integraci\u00f3 de dades\",\"potentialAction\":[{\"@type\":\"SearchAction\",\"target\":{\"@type\":\"EntryPoint\",\"urlTemplate\":\"https:\/\/nunasolutions.com\/?s={search_term_string}\"},\"query-input\":{\"@type\":\"PropertyValueSpecification\",\"valueRequired\":true,\"valueName\":\"search_term_string\"}}],\"inLanguage\":\"fr-FR\"}]}<\/script>\n<!-- \/ Yoast SEO plugin. -->","yoast_head_json":{"title":"Politique de cookies - Nuna Solutions","robots":{"index":"index","follow":"follow","max-snippet":"max-snippet:-1","max-image-preview":"max-image-preview:large","max-video-preview":"max-video-preview:-1"},"canonical":"https:\/\/nunasolutions.com\/politica-de-cookies\/","og_locale":"fr_FR","og_type":"article","og_title":"Politique de cookies - Nuna Solutions","og_description":"Politique de cookies Ce site utilise des Cookies pour am\u00e9liorer et optimiser l&rsquo;exp\u00e9rience utilisateur. Vous trouverez ci-dessous des informations d\u00e9taill\u00e9es sur ce que sont les \u00ab Cookies \u00bb, quel type de cookies ce site Web utilise, comment vous pouvez les d\u00e9sactiver dans votre navigateur et comment bloquer sp\u00e9cifiquement l&rsquo;installation de Cookies tiers. Que sont les [&hellip;]","og_url":"https:\/\/nunasolutions.com\/politica-de-cookies\/","og_site_name":"Nuna Solutions","article_modified_time":"2024-05-15T09:19:18+00:00","twitter_card":"summary_large_image","twitter_misc":{"Dur\u00e9e de lecture estim\u00e9e":"4 minutes"},"schema":{"@context":"https:\/\/schema.org","@graph":[{"@type":"WebPage","@id":"https:\/\/nunasolutions.com\/politica-de-cookies\/","url":"https:\/\/nunasolutions.com\/politica-de-cookies\/","name":"Politique de cookies - Nuna Solutions","isPartOf":{"@id":"https:\/\/nunasolutions.com\/#website"},"datePublished":"2023-07-07T12:42:11+00:00","dateModified":"2024-05-15T09:19:18+00:00","breadcrumb":{"@id":"https:\/\/nunasolutions.com\/politica-de-cookies\/#breadcrumb"},"inLanguage":"fr-FR","potentialAction":[{"@type":"ReadAction","target":["https:\/\/nunasolutions.com\/politica-de-cookies\/"]}]},{"@type":"BreadcrumbList","@id":"https:\/\/nunasolutions.com\/politica-de-cookies\/#breadcrumb","itemListElement":[{"@type":"ListItem","position":1,"name":"Inici","item":"https:\/\/nunasolutions.com\/fr\/"},{"@type":"ListItem","position":2,"name":"Politique de cookies"}]},{"@type":"WebSite","@id":"https:\/\/nunasolutions.com\/#website","url":"https:\/\/nunasolutions.com\/","name":"Nuna Solutions","description":"Tra\u00e7abilitat i integraci\u00f3 de dades","potentialAction":[{"@type":"SearchAction","target":{"@type":"EntryPoint","urlTemplate":"https:\/\/nunasolutions.com\/?s={search_term_string}"},"query-input":{"@type":"PropertyValueSpecification","valueRequired":true,"valueName":"search_term_string"}}],"inLanguage":"fr-FR"}]}},"_links":{"self":[{"href":"https:\/\/nunasolutions.com\/fr\/wp-json\/wp\/v2\/pages\/1890","targetHints":{"allow":["GET"]}}],"collection":[{"href":"https:\/\/nunasolutions.com\/fr\/wp-json\/wp\/v2\/pages"}],"about":[{"href":"https:\/\/nunasolutions.com\/fr\/wp-json\/wp\/v2\/types\/page"}],"author":[{"embeddable":true,"href":"https:\/\/nunasolutions.com\/fr\/wp-json\/wp\/v2\/users\/1"}],"replies":[{"embeddable":true,"href":"https:\/\/nunasolutions.com\/fr\/wp-json\/wp\/v2\/comments?post=1890"}],"version-history":[{"count":6,"href":"https:\/\/nunasolutions.com\/fr\/wp-json\/wp\/v2\/pages\/1890\/revisions"}],"predecessor-version":[{"id":2323,"href":"https:\/\/nunasolutions.com\/fr\/wp-json\/wp\/v2\/pages\/1890\/revisions\/2323"}],"wp:attachment":[{"href":"https:\/\/nunasolutions.com\/fr\/wp-json\/wp\/v2\/media?parent=1890"}],"curies":[{"name":"wp","href":"https:\/\/api.w.org\/{rel}","templated":true}]}}