{"id":2095,"date":"2023-07-07T14:36:11","date_gmt":"2023-07-07T12:36:11","guid":{"rendered":"https:\/\/nunasolutions.com\/legal-notice\/"},"modified":"2024-05-15T11:56:45","modified_gmt":"2024-05-15T09:56:45","slug":"legal-notice","status":"publish","type":"page","link":"https:\/\/nunasolutions.com\/it\/legal-notice\/","title":{"rendered":"Legal notice"},"content":{"rendered":"\t\t<div data-elementor-type=\"wp-page\" data-elementor-id=\"2095\" class=\"elementor elementor-2095 elementor-1829\" data-elementor-post-type=\"page\">\n\t\t\t\t<div class=\"elementor-element elementor-element-f41827a e-flex e-con-boxed e-con e-parent\" data-id=\"f41827a\" data-element_type=\"container\" data-e-type=\"container\">\n\t\t\t\t\t<div class=\"e-con-inner\">\n\t\t\t\t<div class=\"elementor-element elementor-element-8f89651 elementor-widget elementor-widget-heading\" data-id=\"8f89651\" data-element_type=\"widget\" data-e-type=\"widget\" data-widget_type=\"heading.default\">\n\t\t\t\t<div class=\"elementor-widget-container\">\n\t\t\t\t\t<h1 class=\"elementor-heading-title elementor-size-default\">Legal notice<\/h1>\t\t\t\t<\/div>\n\t\t\t\t<\/div>\n\t\t\t\t\t<\/div>\n\t\t\t\t<\/div>\n\t\t<div class=\"elementor-element elementor-element-f216294 e-flex e-con-boxed e-con e-parent\" data-id=\"f216294\" data-element_type=\"container\" data-e-type=\"container\">\n\t\t\t\t\t<div class=\"e-con-inner\">\n\t\t\t\t<div class=\"elementor-element elementor-element-82acaea elementor-widget elementor-widget-text-editor\" data-id=\"82acaea\" data-element_type=\"widget\" data-e-type=\"widget\" data-widget_type=\"text-editor.default\">\n\t\t\t\t<div class=\"elementor-widget-container\">\n\t\t\t\t\t\t\t\t\t<p>This legal notice (hereinafter, the \u201cLegal Notice\u201d) regulates the use of the Internet portal service https:\/\/nunasolutions.com (hereinafter, the \u201cWebsite\u201d) of <a href=\"https:\/\/nunasolutions.com\/it\/\">DANISH TECHNOLOGICAL INSTITUTE SPAIN, SL<\/a>, with corporate address at AVDA. MOSSEN JAUME SOLER 56 LOCAL A, CALAFELL,43820, TARRAGONA and C.I.F B65573784.<\/p>\n<ul>\n<li>Responsable: <strong>by-nunaSolutions, sl <\/strong>(CIF: B65573784)<\/li>\n<li>Correu: <a href=\"mailto:info@nunasolutions.com\">info@nunasolutions.com<\/a><\/li>\n<\/ul>\n<h2><strong>Legislation<\/strong><\/h2>\n<p>Amb car\u00e0cter general les relacions entre <strong>by-nunaSolutions, sl <\/strong>amb els Usuaris dels seus serveis telem\u00e0tics, presents a la Web, es troben sotmeses a la legislaci\u00f3 i jurisdicci\u00f3 espanyoles.<\/p>\n<p>The parties expressly waive any other jurisdictional rights and submit expressly to the rulings of the courts and tribunals of EL VENDRELL for the settlement of any dispute that may arise in the construal or enforcement of these terms and conditions.<\/p>\n<h2><strong>Content and use<\/strong><\/h2>\n<p>L&#8217;Usuari queda informat, i accepta, que l&#8217;acc\u00e9s a la present web no suposa, de cap manera, l&#8217;inici d&#8217;una relaci\u00f3 comercial amb <strong>by-nunaSolutions, sl<\/strong><\/p>\n<p>The owner of the Website does not necessarily identify with any opinions expressed thereon by its collaborators. The Company reserves the right to make without prior notice any changes that it may deem appropriate in its Website, to change, delete from or add to the content and services provided via the Website and to change the way in which content and services are presented and located on its servers. <\/p>\n<h2><strong>Intellectual and industrial property<\/strong><\/h2>\n<p>DANISH TECHNOLOGICAL INSTITUTE SPAIN, SL, is the owner of the intellectual property rights of its website\u2019s content, graphic design and codes; therefore, its reproduction, distribution, public communication, transformation or any other activity performed with the webpage\u2019s content is prohibited (even if the sources were mentioned), unless written consent is given by DANISH TECHNOLOGICAL INSTITUTE SPAIN, SL. All the commercial names, trademarks and distinctive signs of any kind contained on the Company\u2019s website are the property of its owners and protected by law.  <\/p>\n<p>El contingut d&#8217;aquest website pot ser descarregat al terminal de l&#8217;usuari (download), sempre que sigui per al seu \u00fas privat i sense cap fi comercial; per tant, no podr\u00e0 explotar, reproduir, distribuir, modificar, comunicar p\u00fablicament, cedir, transformar o usar el contingut d&#8217;aquest website amb finalitats p\u00fabliques o comercials.<\/p>\n<p>El nom comercial, les marques, logo, productes i serveis que cont\u00e9 aquest website es troben protegits per llei.<\/p>\n<p><strong>by-nunaSolutions, sl <\/strong>es reserva la possibilitat d&#8217;exercir les accions judicials que corresponguin contra els usuaris que violin o infringeixin els drets de propietat intel\u00b7lectual.<\/p>\n<h2><strong>Links<\/strong><\/h2>\n<p>La pres\u00e8ncia d&#8217;enlla\u00e7os (links) a les p\u00e0gines web de <strong>by-nunaSolutions, sl <\/strong>, t\u00e9 finalitat merament informativa i en cap cas suposa suggeriment, invitaci\u00f3 o recomanaci\u00f3 sobre els mateixos.<\/p>\n\t\t\t\t\t\t\t\t<\/div>\n\t\t\t\t<\/div>\n\t\t\t\t\t<\/div>\n\t\t\t\t<\/div>\n\t\t\t\t<\/div>\n\t\t","protected":false},"excerpt":{"rendered":"<p>Legal notice This legal notice (hereinafter, the \u201cLegal Notice\u201d) regulates the use of the Internet portal service https:\/\/nunasolutions.com (hereinafter, the \u201cWebsite\u201d) of DANISH TECHNOLOGICAL INSTITUTE SPAIN, SL, with corporate address at AVDA. MOSSEN JAUME SOLER 56 LOCAL A, CALAFELL,43820, TARRAGONA and C.I.F B65573784. Responsable: by-nunaSolutions, sl (CIF: B65573784) Correu: info@nunasolutions.com Legislation Amb car\u00e0cter general les [&hellip;]<\/p>\n","protected":false},"author":1,"featured_media":0,"parent":0,"menu_order":0,"comment_status":"closed","ping_status":"closed","template":"","meta":{"footnotes":""},"class_list":["post-2095","page","type-page","status-publish","hentry"],"yoast_head":"<!-- This site is optimized with the Yoast SEO plugin v26.9 - https:\/\/yoast.com\/product\/yoast-seo-wordpress\/ -->\n<title>Legal notice - Nuna Solutions<\/title>\n<meta name=\"robots\" content=\"index, follow, max-snippet:-1, max-image-preview:large, max-video-preview:-1\" \/>\n<link rel=\"canonical\" href=\"https:\/\/nunasolutions.com\/avis-legal\/\" \/>\n<meta property=\"og:locale\" content=\"it_IT\" \/>\n<meta property=\"og:type\" content=\"article\" \/>\n<meta property=\"og:title\" content=\"Legal notice - Nuna Solutions\" \/>\n<meta property=\"og:description\" content=\"Legal notice This legal notice (hereinafter, the \u201cLegal Notice\u201d) regulates the use of the Internet portal service https:\/\/nunasolutions.com (hereinafter, the \u201cWebsite\u201d) of DANISH TECHNOLOGICAL INSTITUTE SPAIN, SL, with corporate address at AVDA. MOSSEN JAUME SOLER 56 LOCAL A, CALAFELL,43820, TARRAGONA and C.I.F B65573784. Responsable: by-nunaSolutions, sl (CIF: B65573784) Correu: info@nunasolutions.com Legislation Amb car\u00e0cter general les [&hellip;]\" \/>\n<meta property=\"og:url\" content=\"https:\/\/nunasolutions.com\/avis-legal\/\" \/>\n<meta property=\"og:site_name\" content=\"Nuna Solutions\" \/>\n<meta property=\"article:modified_time\" content=\"2024-05-15T09:56:45+00:00\" \/>\n<meta name=\"twitter:card\" content=\"summary_large_image\" \/>\n<meta name=\"twitter:label1\" content=\"Tempo di lettura stimato\" \/>\n\t<meta name=\"twitter:data1\" content=\"2 minuti\" \/>\n<script type=\"application\/ld+json\" class=\"yoast-schema-graph\">{\"@context\":\"https:\/\/schema.org\",\"@graph\":[{\"@type\":\"WebPage\",\"@id\":\"https:\/\/nunasolutions.com\/avis-legal\/\",\"url\":\"https:\/\/nunasolutions.com\/avis-legal\/\",\"name\":\"Legal notice - Nuna Solutions\",\"isPartOf\":{\"@id\":\"https:\/\/nunasolutions.com\/#website\"},\"datePublished\":\"2023-07-07T12:36:11+00:00\",\"dateModified\":\"2024-05-15T09:56:45+00:00\",\"breadcrumb\":{\"@id\":\"https:\/\/nunasolutions.com\/avis-legal\/#breadcrumb\"},\"inLanguage\":\"it-IT\",\"potentialAction\":[{\"@type\":\"ReadAction\",\"target\":[\"https:\/\/nunasolutions.com\/avis-legal\/\"]}]},{\"@type\":\"BreadcrumbList\",\"@id\":\"https:\/\/nunasolutions.com\/avis-legal\/#breadcrumb\",\"itemListElement\":[{\"@type\":\"ListItem\",\"position\":1,\"name\":\"Inici\",\"item\":\"https:\/\/nunasolutions.com\/it\/\"},{\"@type\":\"ListItem\",\"position\":2,\"name\":\"Legal notice\"}]},{\"@type\":\"WebSite\",\"@id\":\"https:\/\/nunasolutions.com\/#website\",\"url\":\"https:\/\/nunasolutions.com\/\",\"name\":\"Nuna Solutions\",\"description\":\"Tra\u00e7abilitat i integraci\u00f3 de dades\",\"potentialAction\":[{\"@type\":\"SearchAction\",\"target\":{\"@type\":\"EntryPoint\",\"urlTemplate\":\"https:\/\/nunasolutions.com\/?s={search_term_string}\"},\"query-input\":{\"@type\":\"PropertyValueSpecification\",\"valueRequired\":true,\"valueName\":\"search_term_string\"}}],\"inLanguage\":\"it-IT\"}]}<\/script>\n<!-- \/ Yoast SEO plugin. -->","yoast_head_json":{"title":"Legal notice - Nuna Solutions","robots":{"index":"index","follow":"follow","max-snippet":"max-snippet:-1","max-image-preview":"max-image-preview:large","max-video-preview":"max-video-preview:-1"},"canonical":"https:\/\/nunasolutions.com\/avis-legal\/","og_locale":"it_IT","og_type":"article","og_title":"Legal notice - Nuna Solutions","og_description":"Legal notice This legal notice (hereinafter, the \u201cLegal Notice\u201d) regulates the use of the Internet portal service https:\/\/nunasolutions.com (hereinafter, the \u201cWebsite\u201d) of DANISH TECHNOLOGICAL INSTITUTE SPAIN, SL, with corporate address at AVDA. MOSSEN JAUME SOLER 56 LOCAL A, CALAFELL,43820, TARRAGONA and C.I.F B65573784. Responsable: by-nunaSolutions, sl (CIF: B65573784) Correu: info@nunasolutions.com Legislation Amb car\u00e0cter general les [&hellip;]","og_url":"https:\/\/nunasolutions.com\/avis-legal\/","og_site_name":"Nuna Solutions","article_modified_time":"2024-05-15T09:56:45+00:00","twitter_card":"summary_large_image","twitter_misc":{"Tempo di lettura stimato":"2 minuti"},"schema":{"@context":"https:\/\/schema.org","@graph":[{"@type":"WebPage","@id":"https:\/\/nunasolutions.com\/avis-legal\/","url":"https:\/\/nunasolutions.com\/avis-legal\/","name":"Legal notice - Nuna Solutions","isPartOf":{"@id":"https:\/\/nunasolutions.com\/#website"},"datePublished":"2023-07-07T12:36:11+00:00","dateModified":"2024-05-15T09:56:45+00:00","breadcrumb":{"@id":"https:\/\/nunasolutions.com\/avis-legal\/#breadcrumb"},"inLanguage":"it-IT","potentialAction":[{"@type":"ReadAction","target":["https:\/\/nunasolutions.com\/avis-legal\/"]}]},{"@type":"BreadcrumbList","@id":"https:\/\/nunasolutions.com\/avis-legal\/#breadcrumb","itemListElement":[{"@type":"ListItem","position":1,"name":"Inici","item":"https:\/\/nunasolutions.com\/it\/"},{"@type":"ListItem","position":2,"name":"Legal notice"}]},{"@type":"WebSite","@id":"https:\/\/nunasolutions.com\/#website","url":"https:\/\/nunasolutions.com\/","name":"Nuna Solutions","description":"Tra\u00e7abilitat i integraci\u00f3 de dades","potentialAction":[{"@type":"SearchAction","target":{"@type":"EntryPoint","urlTemplate":"https:\/\/nunasolutions.com\/?s={search_term_string}"},"query-input":{"@type":"PropertyValueSpecification","valueRequired":true,"valueName":"search_term_string"}}],"inLanguage":"it-IT"}]}},"_links":{"self":[{"href":"https:\/\/nunasolutions.com\/it\/wp-json\/wp\/v2\/pages\/2095","targetHints":{"allow":["GET"]}}],"collection":[{"href":"https:\/\/nunasolutions.com\/it\/wp-json\/wp\/v2\/pages"}],"about":[{"href":"https:\/\/nunasolutions.com\/it\/wp-json\/wp\/v2\/types\/page"}],"author":[{"embeddable":true,"href":"https:\/\/nunasolutions.com\/it\/wp-json\/wp\/v2\/users\/1"}],"replies":[{"embeddable":true,"href":"https:\/\/nunasolutions.com\/it\/wp-json\/wp\/v2\/comments?post=2095"}],"version-history":[{"count":4,"href":"https:\/\/nunasolutions.com\/it\/wp-json\/wp\/v2\/pages\/2095\/revisions"}],"predecessor-version":[{"id":2359,"href":"https:\/\/nunasolutions.com\/it\/wp-json\/wp\/v2\/pages\/2095\/revisions\/2359"}],"wp:attachment":[{"href":"https:\/\/nunasolutions.com\/it\/wp-json\/wp\/v2\/media?parent=2095"}],"curies":[{"name":"wp","href":"https:\/\/api.w.org\/{rel}","templated":true}]}}