{"id":2097,"date":"2023-07-07T14:42:11","date_gmt":"2023-07-07T12:42:11","guid":{"rendered":"https:\/\/nunasolutions.com\/cookies-policy\/"},"modified":"2024-05-15T11:44:29","modified_gmt":"2024-05-15T09:44:29","slug":"cookies-policy","status":"publish","type":"page","link":"https:\/\/nunasolutions.com\/it\/cookies-policy\/","title":{"rendered":"Cookies Policy"},"content":{"rendered":"\t\t<div data-elementor-type=\"wp-page\" data-elementor-id=\"2097\" class=\"elementor elementor-2097 elementor-1836\" data-elementor-post-type=\"page\">\n\t\t\t\t<div class=\"elementor-element elementor-element-5a37e9b e-flex e-con-boxed e-con e-parent\" data-id=\"5a37e9b\" data-element_type=\"container\" data-e-type=\"container\">\n\t\t\t\t\t<div class=\"e-con-inner\">\n\t\t\t\t<div class=\"elementor-element elementor-element-d8f4b7e elementor-widget elementor-widget-heading\" data-id=\"d8f4b7e\" data-element_type=\"widget\" data-e-type=\"widget\" data-widget_type=\"heading.default\">\n\t\t\t\t<div class=\"elementor-widget-container\">\n\t\t\t\t\t<h1 class=\"elementor-heading-title elementor-size-default\">Cookies Policy<\/h1>\t\t\t\t<\/div>\n\t\t\t\t<\/div>\n\t\t\t\t\t<\/div>\n\t\t\t\t<\/div>\n\t\t<div class=\"elementor-element elementor-element-5b4155a e-flex e-con-boxed e-con e-parent\" data-id=\"5b4155a\" data-element_type=\"container\" data-e-type=\"container\">\n\t\t\t\t\t<div class=\"e-con-inner\">\n\t\t\t\t<div class=\"elementor-element elementor-element-8457e11 elementor-widget elementor-widget-text-editor\" data-id=\"8457e11\" data-element_type=\"widget\" data-e-type=\"widget\" data-widget_type=\"text-editor.default\">\n\t\t\t\t<div class=\"elementor-widget-container\">\n\t\t\t\t\t\t\t\t\t<p>El contingut d&#8217;aquest website pot ser descarregat al terminal de l&#8217;usuari (download), sempre que sigui per al seu \u00fas privat i sense cap fi comercial; per tant, no podr\u00e0 explotar, reproduir, distribuir, modificar, comunicar p\u00fablicament, cedir, transformar o usar el contingut d&#8217;aquest website amb finalitats p\u00fabliques o comercials. <\/p>\n<p><strong>Qu\u00e8 s\u00f3n les Cookies i com les utilitzen el lloc web de by-nunaSolutions, sl?<\/strong><\/p>\n<p>Les Cookies s\u00f3n arxius que el lloc web o l&#8217;aplicaci\u00f3 que utilitzes instal\u00b7la al teu navegador o al teu dispositiu (Smartphone, tauleta&#8230;&#8230;) durant el teu recorregut per les p\u00e0gines o per l&#8217;aplicaci\u00f3, i serveixen per emmagatzemar informaci\u00f3 sobre la teva visita. Com la majoria dels llocs a internet, el portal web de <strong>by-nunaSolutions, sl <\/strong>utilitzen Cookies per: <\/p>\n<ol>\n<li>Ensure that the webpages work correctly.<\/li>\n<li>Store your preferences, like the language you have selected or the font size.<\/li>\n<li>Know your browsing experience.<\/li>\n<li>Collect anonymous statistical information, such as pages you have visited or how much time you have been using our media.<\/li>\n<\/ol>\n<div> <\/div>\n<p>L&#8217;\u00fas de Cookies ens permet optimitzar la seva navegaci\u00f3, adaptant la informaci\u00f3 i els serveis oferts als teus interessos, per proporcionar-te una millor experi\u00e8ncia sempre que ens visites. El lloc web de <strong>by-nunaSolutions, sl <\/strong>utilitza Cookies per funcionar, adaptar i facilitar al m\u00e0xim la navegaci\u00f3 de l&#8217;Usuari. <\/p>\n<p>Les Cookies s&#8217;associen \u00fanicament a un usuari an\u00f2nim i el seu ordinador\/dispositiu i no proporcionen refer\u00e8ncies que permetin con\u00e8ixer dades personals. En tot moment podr\u00e0s accedir a la configuraci\u00f3 del teu navegador per modificar i\/o bloquejar la instal\u00b7laci\u00f3 de les Cookies enviades pel lloc web de <strong>by-nunaSolutions, sl<\/strong>, sense que aix\u00f2 impedeixi a l&#8217;acc\u00e9s als continguts. Tanmateix, la qualitat del funcionament dels Serveis es pot veure afectada.  <\/p>\n<p>The Users that complete the registration process or have signed in with their access information may access personalized services that are adapted to their preferences according to the personal information provided at the time of registration and stored in the browser\u2019s Cookies.<\/p>\n<ol>\n<li>The authentication Cookies are, by default, temporary (per sessions) and non-persistent; however, users may make them persistent by marking the \u201cRemember login\u201d box when logging in. For registered users. <\/li>\n<\/ol>\n<ol start=\"2\">\n<li>Session Cookies, which are created when logging in, last 30 minutes since the last period of activity. For registered users. <\/li>\n<\/ol>\n<ol start=\"3\">\n<li>A Cookie called \u201clanguage\u201d is created to store the language &#8211; in monolingual installations this is simply the browser\u2019s default language, however, when the website is compatible with several languages, this may vary depending on the language selected. For all types of users. <\/li>\n<\/ol>\n<div> <\/div>\n<p><strong>How can I configure my Cookies?<\/strong><\/p>\n<ol>\n<li>By browsing and continuing on our Website, you are consenting to the use of Cookies under the conditions contained in this Cookies Policy. <strong>by-nunaSolutions, sl <\/strong>provides access to this Cookies Policy at the time of registration in order to provide information to the user, although the user may exercise his or her rights to block, eliminate and reject the use of Cookies at any time.<\/li>\n<li>In any case, given that the Cookies are not needed to use our Website, we inform you that you can block or disable the Cookies by activating your browser\u2019s settings, which allow you to reject the installation of all or some of them. Most of the browsers warn about the presence of Cookies or automatically reject them. If you reject them, you may continue using our Website, but some of the services may be limited, thus making your experience using our Website less satisfactory.  <\/li>\n<\/ol>\n<div> <\/div>\n<p><strong>How can I block or allow Cookies?<\/strong><\/p>\n<p>The user may, at any time, choose which Cookies they want to operate on this Website by:<\/p>\n<ul>\n<li><strong>Browser<\/strong> settings, for example:\n<ul>\n<li><strong>Chrome<\/strong>, des de <u><a href=\"http:\/\/support.google.com\/chrome\/bin\/answer.py?hl=es&amp;answer=95647\">http:\/\/support.google.com\/chrome\/bin\/answer.py?hl=es&amp;answer=95647<\/a><\/u><\/li>\n<li><strong>Explorer<\/strong>, des de <a href=\"http:\/\/windows.microsoft.com\/es-es\/windows7\/how-to-manage-cookies-in-internet-explorer-9\">http:\/\/windows.microsoft.com\/es-es\/windows7\/how-to-manage-cookies-in-internet-explorer-9<\/a><\/li>\n<li><strong>Firefox<\/strong>, des de <a href=\"http:\/\/support.mozilla.org\/es\/kb\/habilitar-y-deshabilitar-cookies-que-los-sitios-we\">http:\/\/support.mozilla.org\/es\/kb\/habilitar-y-deshabilitar-cookies-que-los-sitios-we<\/a><\/li>\n<li><strong>Safari<\/strong>, des de <a href=\"http:\/\/support.apple.com\/kb\/ph5042\">http:\/\/support.apple.com\/kb\/ph5042<\/a><\/li>\n<\/ul>\n<\/li>\n<li>There are third-party tools available online that allow the user to detect Cookies on each website that they visit and manage their deactivation.<\/li>\n<\/ul>\n\t\t\t\t\t\t\t\t<\/div>\n\t\t\t\t<\/div>\n\t\t\t\t\t<\/div>\n\t\t\t\t<\/div>\n\t\t\t\t<\/div>\n\t\t","protected":false},"excerpt":{"rendered":"<p>Cookies Policy El contingut d&#8217;aquest website pot ser descarregat al terminal de l&#8217;usuari (download), sempre que sigui per al seu \u00fas privat i sense cap fi comercial; per tant, no podr\u00e0 explotar, reproduir, distribuir, modificar, comunicar p\u00fablicament, cedir, transformar o usar el contingut d&#8217;aquest website amb finalitats p\u00fabliques o comercials. Qu\u00e8 s\u00f3n les Cookies i [&hellip;]<\/p>\n","protected":false},"author":1,"featured_media":0,"parent":0,"menu_order":0,"comment_status":"closed","ping_status":"closed","template":"","meta":{"footnotes":""},"class_list":["post-2097","page","type-page","status-publish","hentry"],"yoast_head":"<!-- This site is optimized with the Yoast SEO plugin v26.9 - https:\/\/yoast.com\/product\/yoast-seo-wordpress\/ -->\n<title>Cookies Policy - Nuna Solutions<\/title>\n<meta name=\"robots\" content=\"index, follow, max-snippet:-1, max-image-preview:large, max-video-preview:-1\" \/>\n<link rel=\"canonical\" href=\"https:\/\/nunasolutions.com\/politica-de-cookies\/\" \/>\n<meta property=\"og:locale\" content=\"it_IT\" \/>\n<meta property=\"og:type\" content=\"article\" \/>\n<meta property=\"og:title\" content=\"Cookies Policy - Nuna Solutions\" \/>\n<meta property=\"og:description\" content=\"Cookies Policy El contingut d&#8217;aquest website pot ser descarregat al terminal de l&#8217;usuari (download), sempre que sigui per al seu \u00fas privat i sense cap fi comercial; per tant, no podr\u00e0 explotar, reproduir, distribuir, modificar, comunicar p\u00fablicament, cedir, transformar o usar el contingut d&#8217;aquest website amb finalitats p\u00fabliques o comercials. Qu\u00e8 s\u00f3n les Cookies i [&hellip;]\" \/>\n<meta property=\"og:url\" content=\"https:\/\/nunasolutions.com\/politica-de-cookies\/\" \/>\n<meta property=\"og:site_name\" content=\"Nuna Solutions\" \/>\n<meta property=\"article:modified_time\" content=\"2024-05-15T09:44:29+00:00\" \/>\n<meta name=\"twitter:card\" content=\"summary_large_image\" \/>\n<meta name=\"twitter:label1\" content=\"Tempo di lettura stimato\" \/>\n\t<meta name=\"twitter:data1\" content=\"3 minuti\" \/>\n<script type=\"application\/ld+json\" class=\"yoast-schema-graph\">{\"@context\":\"https:\/\/schema.org\",\"@graph\":[{\"@type\":\"WebPage\",\"@id\":\"https:\/\/nunasolutions.com\/politica-de-cookies\/\",\"url\":\"https:\/\/nunasolutions.com\/politica-de-cookies\/\",\"name\":\"Cookies Policy - Nuna Solutions\",\"isPartOf\":{\"@id\":\"https:\/\/nunasolutions.com\/#website\"},\"datePublished\":\"2023-07-07T12:42:11+00:00\",\"dateModified\":\"2024-05-15T09:44:29+00:00\",\"breadcrumb\":{\"@id\":\"https:\/\/nunasolutions.com\/politica-de-cookies\/#breadcrumb\"},\"inLanguage\":\"it-IT\",\"potentialAction\":[{\"@type\":\"ReadAction\",\"target\":[\"https:\/\/nunasolutions.com\/politica-de-cookies\/\"]}]},{\"@type\":\"BreadcrumbList\",\"@id\":\"https:\/\/nunasolutions.com\/politica-de-cookies\/#breadcrumb\",\"itemListElement\":[{\"@type\":\"ListItem\",\"position\":1,\"name\":\"Inici\",\"item\":\"https:\/\/nunasolutions.com\/it\/\"},{\"@type\":\"ListItem\",\"position\":2,\"name\":\"Cookies Policy\"}]},{\"@type\":\"WebSite\",\"@id\":\"https:\/\/nunasolutions.com\/#website\",\"url\":\"https:\/\/nunasolutions.com\/\",\"name\":\"Nuna Solutions\",\"description\":\"Tra\u00e7abilitat i integraci\u00f3 de dades\",\"potentialAction\":[{\"@type\":\"SearchAction\",\"target\":{\"@type\":\"EntryPoint\",\"urlTemplate\":\"https:\/\/nunasolutions.com\/?s={search_term_string}\"},\"query-input\":{\"@type\":\"PropertyValueSpecification\",\"valueRequired\":true,\"valueName\":\"search_term_string\"}}],\"inLanguage\":\"it-IT\"}]}<\/script>\n<!-- \/ Yoast SEO plugin. -->","yoast_head_json":{"title":"Cookies Policy - Nuna Solutions","robots":{"index":"index","follow":"follow","max-snippet":"max-snippet:-1","max-image-preview":"max-image-preview:large","max-video-preview":"max-video-preview:-1"},"canonical":"https:\/\/nunasolutions.com\/politica-de-cookies\/","og_locale":"it_IT","og_type":"article","og_title":"Cookies Policy - Nuna Solutions","og_description":"Cookies Policy El contingut d&#8217;aquest website pot ser descarregat al terminal de l&#8217;usuari (download), sempre que sigui per al seu \u00fas privat i sense cap fi comercial; per tant, no podr\u00e0 explotar, reproduir, distribuir, modificar, comunicar p\u00fablicament, cedir, transformar o usar el contingut d&#8217;aquest website amb finalitats p\u00fabliques o comercials. Qu\u00e8 s\u00f3n les Cookies i [&hellip;]","og_url":"https:\/\/nunasolutions.com\/politica-de-cookies\/","og_site_name":"Nuna Solutions","article_modified_time":"2024-05-15T09:44:29+00:00","twitter_card":"summary_large_image","twitter_misc":{"Tempo di lettura stimato":"3 minuti"},"schema":{"@context":"https:\/\/schema.org","@graph":[{"@type":"WebPage","@id":"https:\/\/nunasolutions.com\/politica-de-cookies\/","url":"https:\/\/nunasolutions.com\/politica-de-cookies\/","name":"Cookies Policy - Nuna Solutions","isPartOf":{"@id":"https:\/\/nunasolutions.com\/#website"},"datePublished":"2023-07-07T12:42:11+00:00","dateModified":"2024-05-15T09:44:29+00:00","breadcrumb":{"@id":"https:\/\/nunasolutions.com\/politica-de-cookies\/#breadcrumb"},"inLanguage":"it-IT","potentialAction":[{"@type":"ReadAction","target":["https:\/\/nunasolutions.com\/politica-de-cookies\/"]}]},{"@type":"BreadcrumbList","@id":"https:\/\/nunasolutions.com\/politica-de-cookies\/#breadcrumb","itemListElement":[{"@type":"ListItem","position":1,"name":"Inici","item":"https:\/\/nunasolutions.com\/it\/"},{"@type":"ListItem","position":2,"name":"Cookies Policy"}]},{"@type":"WebSite","@id":"https:\/\/nunasolutions.com\/#website","url":"https:\/\/nunasolutions.com\/","name":"Nuna Solutions","description":"Tra\u00e7abilitat i integraci\u00f3 de dades","potentialAction":[{"@type":"SearchAction","target":{"@type":"EntryPoint","urlTemplate":"https:\/\/nunasolutions.com\/?s={search_term_string}"},"query-input":{"@type":"PropertyValueSpecification","valueRequired":true,"valueName":"search_term_string"}}],"inLanguage":"it-IT"}]}},"_links":{"self":[{"href":"https:\/\/nunasolutions.com\/it\/wp-json\/wp\/v2\/pages\/2097","targetHints":{"allow":["GET"]}}],"collection":[{"href":"https:\/\/nunasolutions.com\/it\/wp-json\/wp\/v2\/pages"}],"about":[{"href":"https:\/\/nunasolutions.com\/it\/wp-json\/wp\/v2\/types\/page"}],"author":[{"embeddable":true,"href":"https:\/\/nunasolutions.com\/it\/wp-json\/wp\/v2\/users\/1"}],"replies":[{"embeddable":true,"href":"https:\/\/nunasolutions.com\/it\/wp-json\/wp\/v2\/comments?post=2097"}],"version-history":[{"count":4,"href":"https:\/\/nunasolutions.com\/it\/wp-json\/wp\/v2\/pages\/2097\/revisions"}],"predecessor-version":[{"id":2329,"href":"https:\/\/nunasolutions.com\/it\/wp-json\/wp\/v2\/pages\/2097\/revisions\/2329"}],"wp:attachment":[{"href":"https:\/\/nunasolutions.com\/it\/wp-json\/wp\/v2\/media?parent=2097"}],"curies":[{"name":"wp","href":"https:\/\/api.w.org\/{rel}","templated":true}]}}