{"id":2439,"date":"2023-07-07T14:36:11","date_gmt":"2023-07-07T12:36:11","guid":{"rendered":"https:\/\/nunasolutions.com\/aviso-legal\/"},"modified":"2025-03-26T17:18:18","modified_gmt":"2025-03-26T15:18:18","slug":"aviso-legal","status":"publish","type":"page","link":"https:\/\/nunasolutions.com\/pt-br\/aviso-legal\/","title":{"rendered":"Aviso Legal"},"content":{"rendered":"\t\t<div data-elementor-type=\"wp-page\" data-elementor-id=\"2439\" class=\"elementor elementor-2439 elementor-1829\" data-elementor-post-type=\"page\">\n\t\t\t\t<div class=\"elementor-element elementor-element-f41827a e-flex e-con-boxed e-con e-parent\" data-id=\"f41827a\" data-element_type=\"container\" data-e-type=\"container\">\n\t\t\t\t\t<div class=\"e-con-inner\">\n\t\t\t\t<div class=\"elementor-element elementor-element-8f89651 elementor-widget elementor-widget-heading\" data-id=\"8f89651\" data-element_type=\"widget\" data-e-type=\"widget\" data-widget_type=\"heading.default\">\n\t\t\t\t<div class=\"elementor-widget-container\">\n\t\t\t\t\t<h1 class=\"elementor-heading-title elementor-size-default\">Aviso Legal<\/h1>\t\t\t\t<\/div>\n\t\t\t\t<\/div>\n\t\t\t\t\t<\/div>\n\t\t\t\t<\/div>\n\t\t<div class=\"elementor-element elementor-element-f216294 e-flex e-con-boxed e-con e-parent\" data-id=\"f216294\" data-element_type=\"container\" data-e-type=\"container\">\n\t\t\t\t\t<div class=\"e-con-inner\">\n\t\t\t\t<div class=\"elementor-element elementor-element-82acaea elementor-widget elementor-widget-text-editor\" data-id=\"82acaea\" data-element_type=\"widget\" data-e-type=\"widget\" data-widget_type=\"text-editor.default\">\n\t\t\t\t<div class=\"elementor-widget-container\">\n\t\t\t\t\t\t\t\t\t<p>Este Aviso Legal regula o uso do servi\u00e7o do portal de Internet com o endere\u00e7o<br \/><a href=\"https:\/\/nunasolutions.com\/pt-br\/\">https:\/\/nunasolutions.com\/<\/a> cujo respons\u00e1vel para efeitos de identifica\u00e7\u00e3o \u00e9:<\/p>\n<ul>\n<li>Respons\u00e1vel: <strong>by-nunaSolutions, sl <\/strong>(CIF: B65573784)<\/li>\n<li>E-mail: <a href=\"mailto:info@nunasolutions.com\">info@nunasolutions.com<\/a><\/li>\n<\/ul>\n<h2><strong>Legisla\u00e7\u00e3o<\/strong><\/h2>\n<p>De forma geral, as rela\u00e7\u00f5es entre <strong>by-nunaSolutions<\/strong>, sl e os Usu\u00e1rios de seus servi\u00e7os telem\u00e1ticos, presentes no site, est\u00e3o sujeitas \u00e0 legisla\u00e7\u00e3o e jurisdi\u00e7\u00e3o espanhola.<\/p>\n<p>As partes renunciam expressamente ao foro que lhes poderia corresponder e se submetem expressamente aos Tribunais de EL VENDRELL, para resolver qualquer controv\u00e9rsia que possa surgir na interpreta\u00e7\u00e3o ou execu\u00e7\u00e3o das presentes condi\u00e7\u00f5es contratuais.<\/p>\n<h2><strong>Conte\u00fado e Uso<\/strong><\/h2>\n<p>O Usu\u00e1rio \u00e9 informado e aceita que o acesso a este site n\u00e3o implica, de forma alguma, o in\u00edcio de uma rela\u00e7\u00e3o comercial com <strong>by-nunaSolutions, sl<\/strong><\/p>\n<p>O propriet\u00e1rio do site n\u00e3o se identifica com as opini\u00f5es expressas nele por seus colaboradores. A Empresa reserva-se o direito de fazer, sem aviso pr\u00e9vio, as modifica\u00e7\u00f5es que considerar necess\u00e1rias em seu site, podendo alterar, suprimir ou adicionar tanto os conte\u00fados e servi\u00e7os oferecidos, como a forma como esses aparecem apresentados ou localizados em seus servidores. <\/p>\n<h2><strong>Propriedade Intelectual e Industrial<\/strong><\/h2>\n<p>Este site e os conte\u00fados que ele abriga est\u00e3o protegidos pelas leis de Propriedade Intelectual. N\u00e3o poder\u00e3o ser objeto de explora\u00e7\u00e3o, reprodu\u00e7\u00e3o, distribui\u00e7\u00e3o, modifica\u00e7\u00e3o, comunica\u00e7\u00e3o p\u00fablica, cess\u00e3o ou transforma\u00e7\u00e3o. O acesso a este site n\u00e3o confere aos usu\u00e1rios qualquer direito ou titularidade sobre os direitos de propriedade intelectual dos conte\u00fados que ele cont\u00e9m.  <\/p>\n<p>O conte\u00fado deste site pode ser baixado para o terminal do usu\u00e1rio (download), desde que seja para uso privado e sem qualquer fim comercial; portanto, n\u00e3o poder\u00e1 explorar, reproduzir, distribuir, modificar, comunicar publicamente, ceder, transformar ou usar o conte\u00fado deste site para fins p\u00fablicos ou comerciais.<\/p>\n<p>O nome comercial, as marcas, o logo, produtos e servi\u00e7os contidos neste site est\u00e3o protegidos por lei.<\/p>\n<p><strong>by-nunaSolutions, sl <\/strong>reserva-se o direito de exercer as a\u00e7\u00f5es judiciais correspondentes contra os usu\u00e1rios que violarem ou infringirem os direitos de propriedade intelectual.<\/p>\n<h2><strong>Links (Links)<\/strong><\/h2>\n<p>A presen\u00e7a de links nas p\u00e1ginas da web de <strong>by-nunaSolutions, sl <\/strong>, tem a finalidade meramente informativa e em nenhum caso implica sugest\u00e3o, convite ou recomenda\u00e7\u00e3o sobre os mesmos.<\/p>\n\t\t\t\t\t\t\t\t<\/div>\n\t\t\t\t<\/div>\n\t\t\t\t\t<\/div>\n\t\t\t\t<\/div>\n\t\t\t\t<\/div>\n\t\t","protected":false},"excerpt":{"rendered":"<p>Aviso Legal Este Aviso Legal regula o uso do servi\u00e7o do portal de Internet com o endere\u00e7ohttps:\/\/nunasolutions.com\/ cujo respons\u00e1vel para efeitos de identifica\u00e7\u00e3o \u00e9: Respons\u00e1vel: by-nunaSolutions, sl (CIF: B65573784) E-mail: info@nunasolutions.com Legisla\u00e7\u00e3o De forma geral, as rela\u00e7\u00f5es entre by-nunaSolutions, sl e os Usu\u00e1rios de seus servi\u00e7os telem\u00e1ticos, presentes no site, est\u00e3o sujeitas \u00e0 legisla\u00e7\u00e3o e [&hellip;]<\/p>\n","protected":false},"author":1,"featured_media":0,"parent":0,"menu_order":0,"comment_status":"closed","ping_status":"closed","template":"","meta":{"footnotes":""},"class_list":["post-2439","page","type-page","status-publish","hentry"],"yoast_head":"<!-- This site is optimized with the Yoast SEO plugin v26.9 - https:\/\/yoast.com\/product\/yoast-seo-wordpress\/ -->\n<title>Aviso Legal - Nuna Solutions<\/title>\n<meta name=\"robots\" content=\"index, follow, max-snippet:-1, max-image-preview:large, max-video-preview:-1\" \/>\n<link rel=\"canonical\" href=\"https:\/\/nunasolutions.com\/avis-legal\/\" \/>\n<meta property=\"og:locale\" content=\"pt_BR\" \/>\n<meta property=\"og:type\" content=\"article\" \/>\n<meta property=\"og:title\" content=\"Aviso Legal - Nuna Solutions\" \/>\n<meta property=\"og:description\" content=\"Aviso Legal Este Aviso Legal regula o uso do servi\u00e7o do portal de Internet com o endere\u00e7ohttps:\/\/nunasolutions.com\/ cujo respons\u00e1vel para efeitos de identifica\u00e7\u00e3o \u00e9: Respons\u00e1vel: by-nunaSolutions, sl (CIF: B65573784) E-mail: info@nunasolutions.com Legisla\u00e7\u00e3o De forma geral, as rela\u00e7\u00f5es entre by-nunaSolutions, sl e os Usu\u00e1rios de seus servi\u00e7os telem\u00e1ticos, presentes no site, est\u00e3o sujeitas \u00e0 legisla\u00e7\u00e3o e [&hellip;]\" \/>\n<meta property=\"og:url\" content=\"https:\/\/nunasolutions.com\/avis-legal\/\" \/>\n<meta property=\"og:site_name\" content=\"Nuna Solutions\" \/>\n<meta property=\"article:modified_time\" content=\"2025-03-26T15:18:18+00:00\" \/>\n<meta name=\"twitter:card\" content=\"summary_large_image\" \/>\n<meta name=\"twitter:label1\" content=\"Est. tempo de leitura\" \/>\n\t<meta name=\"twitter:data1\" content=\"2 minutos\" \/>\n<script type=\"application\/ld+json\" class=\"yoast-schema-graph\">{\"@context\":\"https:\/\/schema.org\",\"@graph\":[{\"@type\":\"WebPage\",\"@id\":\"https:\/\/nunasolutions.com\/avis-legal\/\",\"url\":\"https:\/\/nunasolutions.com\/avis-legal\/\",\"name\":\"Aviso Legal - Nuna Solutions\",\"isPartOf\":{\"@id\":\"https:\/\/nunasolutions.com\/#website\"},\"datePublished\":\"2023-07-07T12:36:11+00:00\",\"dateModified\":\"2025-03-26T15:18:18+00:00\",\"breadcrumb\":{\"@id\":\"https:\/\/nunasolutions.com\/avis-legal\/#breadcrumb\"},\"inLanguage\":\"pt-BR\",\"potentialAction\":[{\"@type\":\"ReadAction\",\"target\":[\"https:\/\/nunasolutions.com\/avis-legal\/\"]}]},{\"@type\":\"BreadcrumbList\",\"@id\":\"https:\/\/nunasolutions.com\/avis-legal\/#breadcrumb\",\"itemListElement\":[{\"@type\":\"ListItem\",\"position\":1,\"name\":\"Inici\",\"item\":\"https:\/\/nunasolutions.com\/pt-br\/\"},{\"@type\":\"ListItem\",\"position\":2,\"name\":\"Aviso Legal\"}]},{\"@type\":\"WebSite\",\"@id\":\"https:\/\/nunasolutions.com\/#website\",\"url\":\"https:\/\/nunasolutions.com\/\",\"name\":\"Nuna Solutions\",\"description\":\"Tra\u00e7abilitat i integraci\u00f3 de dades\",\"potentialAction\":[{\"@type\":\"SearchAction\",\"target\":{\"@type\":\"EntryPoint\",\"urlTemplate\":\"https:\/\/nunasolutions.com\/?s={search_term_string}\"},\"query-input\":{\"@type\":\"PropertyValueSpecification\",\"valueRequired\":true,\"valueName\":\"search_term_string\"}}],\"inLanguage\":\"pt-BR\"}]}<\/script>\n<!-- \/ Yoast SEO plugin. -->","yoast_head_json":{"title":"Aviso Legal - Nuna Solutions","robots":{"index":"index","follow":"follow","max-snippet":"max-snippet:-1","max-image-preview":"max-image-preview:large","max-video-preview":"max-video-preview:-1"},"canonical":"https:\/\/nunasolutions.com\/avis-legal\/","og_locale":"pt_BR","og_type":"article","og_title":"Aviso Legal - Nuna Solutions","og_description":"Aviso Legal Este Aviso Legal regula o uso do servi\u00e7o do portal de Internet com o endere\u00e7ohttps:\/\/nunasolutions.com\/ cujo respons\u00e1vel para efeitos de identifica\u00e7\u00e3o \u00e9: Respons\u00e1vel: by-nunaSolutions, sl (CIF: B65573784) E-mail: info@nunasolutions.com Legisla\u00e7\u00e3o De forma geral, as rela\u00e7\u00f5es entre by-nunaSolutions, sl e os Usu\u00e1rios de seus servi\u00e7os telem\u00e1ticos, presentes no site, est\u00e3o sujeitas \u00e0 legisla\u00e7\u00e3o e [&hellip;]","og_url":"https:\/\/nunasolutions.com\/avis-legal\/","og_site_name":"Nuna Solutions","article_modified_time":"2025-03-26T15:18:18+00:00","twitter_card":"summary_large_image","twitter_misc":{"Est. tempo de leitura":"2 minutos"},"schema":{"@context":"https:\/\/schema.org","@graph":[{"@type":"WebPage","@id":"https:\/\/nunasolutions.com\/avis-legal\/","url":"https:\/\/nunasolutions.com\/avis-legal\/","name":"Aviso Legal - Nuna Solutions","isPartOf":{"@id":"https:\/\/nunasolutions.com\/#website"},"datePublished":"2023-07-07T12:36:11+00:00","dateModified":"2025-03-26T15:18:18+00:00","breadcrumb":{"@id":"https:\/\/nunasolutions.com\/avis-legal\/#breadcrumb"},"inLanguage":"pt-BR","potentialAction":[{"@type":"ReadAction","target":["https:\/\/nunasolutions.com\/avis-legal\/"]}]},{"@type":"BreadcrumbList","@id":"https:\/\/nunasolutions.com\/avis-legal\/#breadcrumb","itemListElement":[{"@type":"ListItem","position":1,"name":"Inici","item":"https:\/\/nunasolutions.com\/pt-br\/"},{"@type":"ListItem","position":2,"name":"Aviso Legal"}]},{"@type":"WebSite","@id":"https:\/\/nunasolutions.com\/#website","url":"https:\/\/nunasolutions.com\/","name":"Nuna Solutions","description":"Tra\u00e7abilitat i integraci\u00f3 de dades","potentialAction":[{"@type":"SearchAction","target":{"@type":"EntryPoint","urlTemplate":"https:\/\/nunasolutions.com\/?s={search_term_string}"},"query-input":{"@type":"PropertyValueSpecification","valueRequired":true,"valueName":"search_term_string"}}],"inLanguage":"pt-BR"}]}},"_links":{"self":[{"href":"https:\/\/nunasolutions.com\/pt-br\/wp-json\/wp\/v2\/pages\/2439","targetHints":{"allow":["GET"]}}],"collection":[{"href":"https:\/\/nunasolutions.com\/pt-br\/wp-json\/wp\/v2\/pages"}],"about":[{"href":"https:\/\/nunasolutions.com\/pt-br\/wp-json\/wp\/v2\/types\/page"}],"author":[{"embeddable":true,"href":"https:\/\/nunasolutions.com\/pt-br\/wp-json\/wp\/v2\/users\/1"}],"replies":[{"embeddable":true,"href":"https:\/\/nunasolutions.com\/pt-br\/wp-json\/wp\/v2\/comments?post=2439"}],"version-history":[{"count":5,"href":"https:\/\/nunasolutions.com\/pt-br\/wp-json\/wp\/v2\/pages\/2439\/revisions"}],"predecessor-version":[{"id":2448,"href":"https:\/\/nunasolutions.com\/pt-br\/wp-json\/wp\/v2\/pages\/2439\/revisions\/2448"}],"wp:attachment":[{"href":"https:\/\/nunasolutions.com\/pt-br\/wp-json\/wp\/v2\/media?parent=2439"}],"curies":[{"name":"wp","href":"https:\/\/api.w.org\/{rel}","templated":true}]}}