{"id":2441,"date":"2023-07-07T14:35:59","date_gmt":"2023-07-07T12:35:59","guid":{"rendered":"https:\/\/nunasolutions.com\/politica-de-privacidade\/"},"modified":"2025-03-27T13:37:43","modified_gmt":"2025-03-27T11:37:43","slug":"politica-de-privacidade","status":"publish","type":"page","link":"https:\/\/nunasolutions.com\/pt-br\/politica-de-privacidade\/","title":{"rendered":"Pol\u00edtica de Privacidade"},"content":{"rendered":"\t\t<div data-elementor-type=\"wp-page\" data-elementor-id=\"2441\" class=\"elementor elementor-2441 elementor-1827\" data-elementor-post-type=\"page\">\n\t\t\t\t<div class=\"elementor-element elementor-element-3b14d47 e-flex e-con-boxed e-con e-parent\" data-id=\"3b14d47\" data-element_type=\"container\" data-e-type=\"container\">\n\t\t\t\t\t<div class=\"e-con-inner\">\n\t\t\t\t<div class=\"elementor-element elementor-element-38253a1 elementor-widget elementor-widget-heading\" data-id=\"38253a1\" data-element_type=\"widget\" data-e-type=\"widget\" data-widget_type=\"heading.default\">\n\t\t\t\t<div class=\"elementor-widget-container\">\n\t\t\t\t\t<h1 class=\"elementor-heading-title elementor-size-default\">Pol\u00edtica de Privacidade<\/h1>\t\t\t\t<\/div>\n\t\t\t\t<\/div>\n\t\t\t\t\t<\/div>\n\t\t\t\t<\/div>\n\t\t<div class=\"elementor-element elementor-element-de5f1ce e-flex e-con-boxed e-con e-parent\" data-id=\"de5f1ce\" data-element_type=\"container\" data-e-type=\"container\">\n\t\t\t\t\t<div class=\"e-con-inner\">\n\t\t\t\t<div class=\"elementor-element elementor-element-db75432 elementor-widget elementor-widget-text-editor\" data-id=\"db75432\" data-element_type=\"widget\" data-e-type=\"widget\" data-widget_type=\"text-editor.default\">\n\t\t\t\t<div class=\"elementor-widget-container\">\n\t\t\t\t\t\t\t\t\t<p>Esta Pol\u00edtica de Privacidade regula o uso do servi\u00e7o do portal de internet com o endere\u00e7o <a href=\"https:\/\/nunasolutions.com\/pt-br\/\">https:\/\/nunasolutions.com\/ <\/a>cujo respons\u00e1vel, para fins de identifica\u00e7\u00e3o, \u00e9:<\/p>\n<ul>\n<li>Respons\u00e1vel<strong>: by-nunaSolutions, sl <\/strong>(CIF: B65573784)<\/li>\n<li>E-mail: <a href=\"mailto:info@nunasolutions.com\">info@nunasolutions.com<\/a><\/li>\n<\/ul>\n<h2><strong>Finalidade: Para que tratamos seus dados?<\/strong><\/h2>\n<p>De acordo com o previsto no RGPD de 27 de abril de 2016 e na Lei Org\u00e2nica 3\/2018, trataremos os dados que coletarmos para as seguintes finalidades:<\/p>\n<ul>\n<li>Entrar em contato com voc\u00ea, caso solicite.<\/li>\n<li>Gerenciar sua navega\u00e7\u00e3o no site, se for o caso.<\/li>\n<li>Gerenciar seu acesso como usu\u00e1rio.<\/li>\n<\/ul>\n<div> <\/div>\n<p>O preenchimento do formul\u00e1rio de registro ser\u00e1 obrigat\u00f3rio para acessar e usufruir de determinados servi\u00e7os oferecidos no site. O n\u00e3o fornecimento dos dados pessoais solicitados ou a n\u00e3o aceita\u00e7\u00e3o desta pol\u00edtica de privacidade implica na impossibilidade de registrar-se, assinar ou participar em qualquer promo\u00e7\u00e3o que exija dados pessoais. <\/p>\n<h2><strong>Legitimidade: Qual \u00e9 a base legal para o tratamento de seus dados?<\/strong><\/h2>\n<p>A base legal para o tratamento dos seus dados ser\u00e1:<\/p>\n<ol>\n<li>O consentimento do interessado, para o tratamento dos seus dados, conforme o artigo 6.1.<br \/>a) do Regulamento Geral de Prote\u00e7\u00e3o de Dados (RGPD). Neste caso, \u00e9 recolhido o consentimento e o acordo com os interessados por meio do formul\u00e1rio de contato, com a caixa marcada <em><u>&#8220;HLi e aceito a Pol\u00edtica de Privacidade&#8221;.<br \/><\/u><\/em>   <\/li>\n<li>A necess\u00e1ria execu\u00e7\u00e3o de um contrato no qual o interessado seja parte ou para a aplica\u00e7\u00e3o, a pedido deste, de medidas pr\u00e9-contratuais, conforme o artigo 6.1.<br \/>b) do Regulamento Geral de Prote\u00e7\u00e3o de Dados (RGPD).  <\/li>\n<\/ol>\n<h2><strong>Destinat\u00e1rios: Para quem comunicamos seus dados?<\/strong><\/h2>\n<p>Os dados pessoais n\u00e3o ser\u00e3o transferidos, exceto em cumprimento de obriga\u00e7\u00f5es legalmente estabelecidas ou para fornecer suporte aos servi\u00e7os relacionados a este tratamento.<\/p>\n<h2><strong>Conserva\u00e7\u00e3o: Por quanto tempo conservamos seus dados?Conservaci\u00f3, durant quant temps conservem les teves dades?<\/strong><\/h2>\n<p>Conservaremos seus dados pessoais por pelo menos 5 anos caso voc\u00ea seja cliente, para o estrito cumprimento das obriga\u00e7\u00f5es legais estabelecidas na legisla\u00e7\u00e3o.<\/p>\n<p>Caso n\u00e3o seja cliente, conservaremos seus dados pelo tempo m\u00ednimo necess\u00e1rio para gerenciar nossa rela\u00e7\u00e3o.<\/p>\n<h2><strong>Direitos: Quais s\u00e3o seus direitos quando nos fornece seus dados?<\/strong><\/h2>\n<p>Como consequ\u00eancia do tratamento dos seus dados pessoais por parte da <strong>by-nunaSolutions, sl<\/strong>, a legisla\u00e7\u00e3o vigente lhe concede uma s\u00e9rie de direitos. A seguir, uma explica\u00e7\u00e3o resumida de cada direito, para facilitar o exerc\u00edcio de seus direitos: <\/p>\n<ul>\n<li><strong>Direito de acesso:<\/strong> Voc\u00ea ter\u00e1 o direito de conhecer os dados pessoais que tratamos sobre voc\u00ea e as finalidades com as quais os tratamos.<\/li>\n<li><strong>Direito de retifica\u00e7\u00e3o: <\/strong>Seus dados ser\u00e3o sempre seus, e como tal, voc\u00ea pode nos solicitar a retifica\u00e7\u00e3o dos mesmos a qualquer momento, caso os dados registrados estejam incorretos.<\/li>\n<li><strong>Direito de exclus\u00e3o:<\/strong> Voc\u00ea poder\u00e1 solicitar, a qualquer momento, que seus dados pessoais sejam exclu\u00eddos dos nossos arquivos. No entanto, e conforme indicado na se\u00e7\u00e3o de conserva\u00e7\u00e3o de dados anterior, considere que, em determinadas circunst\u00e2ncias, o cumprimento da legisla\u00e7\u00e3o vigente pode impedir o exerc\u00edcio efetivo deste direito. <\/li>\n<li><strong>Direito de oposi\u00e7\u00e3o:<\/strong> Voc\u00ea poder\u00e1 se opor ao tratamento dos seus dados em rela\u00e7\u00e3o a qualquer uma das finalidades com as quais tratamos seus dados, de acordo com as pol\u00edticas de privacidade aplic\u00e1veis a cada caso.<\/li>\n<li><strong>Direito \u00e0 portabilidade dos seus dados:<\/strong> Voc\u00ea ter\u00e1 o direito de, sempre que poss\u00edvel tecnicamente e de forma razo\u00e1vel, solicitar que os dados pessoais que nos forneceu diretamente sejam comunicados a outro respons\u00e1vel pelo tratamento. Se for poss\u00edvel, forneceremos diretamente seus dados a esse outro respons\u00e1vel, mas se n\u00e3o for, forneceremos a voc\u00ea em formato padr\u00e3o. <\/li>\n<li><strong>Direito \u00e0 limita\u00e7\u00e3o do tratamento: <\/strong>Voc\u00ea poder\u00e1 solicitar a limita\u00e7\u00e3o do tratamento nos seguintes casos:\n<ul>\n<li>Se considerar que os dados que mantemos sobre voc\u00ea n\u00e3o s\u00e3o corretos ou exatos;<\/li>\n<li>Se, caso considere que n\u00e3o estamos tratando seus dados de forma leg\u00edtima, preferir que limitemos o tratamento dos mesmos \u00e0 sua exclus\u00e3o;<\/li>\n<li>Se os dados que mantemos n\u00e3o forem mais necess\u00e1rios conforme a finalidade para a qual foram coletados, mas precisar mant\u00ea-los para interposi\u00e7\u00e3o de reclama\u00e7\u00f5es legais;<\/li>\n<li>Se, tendo exercido o direito de oposi\u00e7\u00e3o a algum tratamento, ainda estiver pendente de resposta da nossa parte,<\/li>\n<\/ul>\n<\/li>\n<li><strong>Direito \u00e0 portabilidade dos seus dados:<\/strong> Voc\u00ea ter\u00e1 o direito de, sempre que poss\u00edvel tecnicamente e de forma razo\u00e1vel, solicitar que os dados pessoais que nos forneceu diretamente sejam comunicados a outro respons\u00e1vel pelo tratamento. Se for poss\u00edvel, forneceremos diretamente seus dados a esse outro respons\u00e1vel, mas se n\u00e3o for, forneceremos a voc\u00ea em formato padr\u00e3o. <\/li>\n<\/ul>\n<div> <\/div>\n<p>Sempre que tratarmos seus dados com base no consentimento, voc\u00ea poder\u00e1 revog\u00e1-lo a qualquer momento, sem que haja consequ\u00eancias para voc\u00ea, al\u00e9m de, conforme o direito exercido, n\u00e3o poder usufruir de determinados servi\u00e7os.<\/p>\n<p>O exerc\u00edcio dos direitos pode ser feito entrando em contato com a <strong>by-nunaSolutions, sl<\/strong> atrav\u00e9s de qualquer um dos seguintes meios:<\/p>\n<ol>\n<li>Por e-mail, enviando para: <a href=\"mailto:einfo@dmri.es\">info@nunasolutions.com<\/a><\/li>\n<li>Por correio postal, endere\u00e7ado ao respons\u00e1vel pelo tratamento, conforme indicado no in\u00edcio do documento. <\/li>\n<\/ol>\n<div> <\/div>\n<p>Se voc\u00ea n\u00e3o desejar exercer um direito espec\u00edfico, mas precisar fazer uma consulta ou sugest\u00e3o em rela\u00e7\u00e3o ao tratamento dos seus dados pessoais, tamb\u00e9m poder\u00e1 se dirigir ao respons\u00e1vel pelo tratamento conforme indicado no in\u00edcio do documento.<\/p>\n<p>Lembre-se de que voc\u00ea sempre poder\u00e1 apresentar uma reclama\u00e7\u00e3o \u00e0 Autoridade Competente em mat\u00e9ria de prote\u00e7\u00e3o de dados se considerar que n\u00e3o tratamos seus dados de forma l\u00edcita ou que n\u00e3o atendemos \u00e0s suas solicita\u00e7\u00f5es ou direitos. No Brasil, a Autoridade Competente \u00e9 a Ag\u00eancia Nacional de Prote\u00e7\u00e3o de Dados (ANPD). <\/p>\n<h2><strong>Consentimentos de menores: O que acontece se voc\u00ea for menor de idade?<\/strong><\/h2>\n<p>Caso alguns dos nossos servi\u00e7os sejam especificamente destinados a menores de quatorze anos, solicitaremos a conformidade dos pais ou respons\u00e1veis para a coleta de dados pessoais ou, quando aplic\u00e1vel, para o tratamento automatizado dos dados, conforme o artigo 7 da LOPDGDD.<\/p>\n<h2><strong>Exatid\u00e3o, veracidade e seguran\u00e7a dos dados: Como tratamos seus dados?<\/strong><\/h2>\n<p>O usu\u00e1rio \u00e9 o \u00fanico respons\u00e1vel pela veracidade e corre\u00e7\u00e3o dos dados fornecidos, isentando-nos de qualquer responsabilidade nesse sentido. Os usu\u00e1rios garantem e respondem, em qualquer caso, pela exatid\u00e3o, validade e autenticidade dos dados pessoais fornecidos e se comprometem a mant\u00ea-los devidamente atualizados. O usu\u00e1rio aceita fornecer informa\u00e7\u00f5es completas e corretas nos formul\u00e1rios de registro ou assinatura.<br \/>N\u00e3o nos responsabilizamos pela veracidade das informa\u00e7\u00f5es que n\u00e3o sejam de nossa autoria e para as quais seja indicada outra fonte, tampouco assumimos responsabilidade por eventuais preju\u00edzos causados pelo uso dessas informa\u00e7\u00f5es.   <\/p>\n<p>Reservamos o direito de atualizar, modificar ou excluir as informa\u00e7\u00f5es contidas no site, podendo at\u00e9 mesmo limitar ou n\u00e3o permitir o acesso a tais informa\u00e7\u00f5es.<\/p>\n<p>N\u00e3o seremos respons\u00e1veis por qualquer dano ou preju\u00edzo que o usu\u00e1rio possa sofrer devido a erros, defeitos ou omiss\u00f5es nas informa\u00e7\u00f5es fornecidas pelo respons\u00e1vel, desde que originadas em fontes externas.<\/p>\n<p>Os dados ser\u00e3o tratados de forma confidencial e com a implementa\u00e7\u00e3o de medidas t\u00e9cnicas e organizacionais adequadas de seguran\u00e7a para evitar sua altera\u00e7\u00e3o, perda, tratamento ou acesso n\u00e3o autorizado.<\/p>\n<p>Voc\u00ea poder\u00e1 apresentar uma reclama\u00e7\u00e3o \u00e0 Ag\u00eancia Nacional de Prote\u00e7\u00e3o de Dados (ANPD), especialmente caso n\u00e3o obtenha satisfa\u00e7\u00e3o no exerc\u00edcio de seus direitos, enviando para o endere\u00e7o postal e\/ou eletr\u00f4nico indicado no site <a href=\"www.anpd.gov.br.\">www.anpd.gov.br.<\/a><\/p>\n\t\t\t\t\t\t\t\t<\/div>\n\t\t\t\t<\/div>\n\t\t\t\t\t<\/div>\n\t\t\t\t<\/div>\n\t\t\t\t<\/div>\n\t\t","protected":false},"excerpt":{"rendered":"<p>Pol\u00edtica de Privacidade Esta Pol\u00edtica de Privacidade regula o uso do servi\u00e7o do portal de internet com o endere\u00e7o https:\/\/nunasolutions.com\/ cujo respons\u00e1vel, para fins de identifica\u00e7\u00e3o, \u00e9: Respons\u00e1vel: by-nunaSolutions, sl (CIF: B65573784) E-mail: info@nunasolutions.com Finalidade: Para que tratamos seus dados? De acordo com o previsto no RGPD de 27 de abril de 2016 e na [&hellip;]<\/p>\n","protected":false},"author":1,"featured_media":0,"parent":0,"menu_order":0,"comment_status":"closed","ping_status":"closed","template":"","meta":{"footnotes":""},"class_list":["post-2441","page","type-page","status-publish","hentry"],"yoast_head":"<!-- This site is optimized with the Yoast SEO plugin v26.9 - https:\/\/yoast.com\/product\/yoast-seo-wordpress\/ -->\n<title>Pol\u00edtica de Privacidade - Nuna Solutions<\/title>\n<meta name=\"robots\" content=\"index, follow, max-snippet:-1, max-image-preview:large, max-video-preview:-1\" \/>\n<link rel=\"canonical\" href=\"https:\/\/nunasolutions.com\/politica-de-privacitat\/\" \/>\n<meta property=\"og:locale\" content=\"pt_BR\" \/>\n<meta property=\"og:type\" content=\"article\" \/>\n<meta property=\"og:title\" content=\"Pol\u00edtica de Privacidade - Nuna Solutions\" \/>\n<meta property=\"og:description\" content=\"Pol\u00edtica de Privacidade Esta Pol\u00edtica de Privacidade regula o uso do servi\u00e7o do portal de internet com o endere\u00e7o https:\/\/nunasolutions.com\/ cujo respons\u00e1vel, para fins de identifica\u00e7\u00e3o, \u00e9: Respons\u00e1vel: by-nunaSolutions, sl (CIF: B65573784) E-mail: info@nunasolutions.com Finalidade: Para que tratamos seus dados? De acordo com o previsto no RGPD de 27 de abril de 2016 e na [&hellip;]\" \/>\n<meta property=\"og:url\" content=\"https:\/\/nunasolutions.com\/politica-de-privacitat\/\" \/>\n<meta property=\"og:site_name\" content=\"Nuna Solutions\" \/>\n<meta property=\"article:modified_time\" content=\"2025-03-27T11:37:43+00:00\" \/>\n<meta name=\"twitter:card\" content=\"summary_large_image\" \/>\n<meta name=\"twitter:label1\" content=\"Est. tempo de leitura\" \/>\n\t<meta name=\"twitter:data1\" content=\"6 minutos\" \/>\n<script type=\"application\/ld+json\" class=\"yoast-schema-graph\">{\"@context\":\"https:\/\/schema.org\",\"@graph\":[{\"@type\":\"WebPage\",\"@id\":\"https:\/\/nunasolutions.com\/politica-de-privacitat\/\",\"url\":\"https:\/\/nunasolutions.com\/politica-de-privacitat\/\",\"name\":\"Pol\u00edtica de Privacidade - Nuna Solutions\",\"isPartOf\":{\"@id\":\"https:\/\/nunasolutions.com\/#website\"},\"datePublished\":\"2023-07-07T12:35:59+00:00\",\"dateModified\":\"2025-03-27T11:37:43+00:00\",\"breadcrumb\":{\"@id\":\"https:\/\/nunasolutions.com\/politica-de-privacitat\/#breadcrumb\"},\"inLanguage\":\"pt-BR\",\"potentialAction\":[{\"@type\":\"ReadAction\",\"target\":[\"https:\/\/nunasolutions.com\/politica-de-privacitat\/\"]}]},{\"@type\":\"BreadcrumbList\",\"@id\":\"https:\/\/nunasolutions.com\/politica-de-privacitat\/#breadcrumb\",\"itemListElement\":[{\"@type\":\"ListItem\",\"position\":1,\"name\":\"Inici\",\"item\":\"https:\/\/nunasolutions.com\/pt-br\/\"},{\"@type\":\"ListItem\",\"position\":2,\"name\":\"Pol\u00edtica de Privacidade\"}]},{\"@type\":\"WebSite\",\"@id\":\"https:\/\/nunasolutions.com\/#website\",\"url\":\"https:\/\/nunasolutions.com\/\",\"name\":\"Nuna Solutions\",\"description\":\"Tra\u00e7abilitat i integraci\u00f3 de dades\",\"potentialAction\":[{\"@type\":\"SearchAction\",\"target\":{\"@type\":\"EntryPoint\",\"urlTemplate\":\"https:\/\/nunasolutions.com\/?s={search_term_string}\"},\"query-input\":{\"@type\":\"PropertyValueSpecification\",\"valueRequired\":true,\"valueName\":\"search_term_string\"}}],\"inLanguage\":\"pt-BR\"}]}<\/script>\n<!-- \/ Yoast SEO plugin. -->","yoast_head_json":{"title":"Pol\u00edtica de Privacidade - Nuna Solutions","robots":{"index":"index","follow":"follow","max-snippet":"max-snippet:-1","max-image-preview":"max-image-preview:large","max-video-preview":"max-video-preview:-1"},"canonical":"https:\/\/nunasolutions.com\/politica-de-privacitat\/","og_locale":"pt_BR","og_type":"article","og_title":"Pol\u00edtica de Privacidade - Nuna Solutions","og_description":"Pol\u00edtica de Privacidade Esta Pol\u00edtica de Privacidade regula o uso do servi\u00e7o do portal de internet com o endere\u00e7o https:\/\/nunasolutions.com\/ cujo respons\u00e1vel, para fins de identifica\u00e7\u00e3o, \u00e9: Respons\u00e1vel: by-nunaSolutions, sl (CIF: B65573784) E-mail: info@nunasolutions.com Finalidade: Para que tratamos seus dados? De acordo com o previsto no RGPD de 27 de abril de 2016 e na [&hellip;]","og_url":"https:\/\/nunasolutions.com\/politica-de-privacitat\/","og_site_name":"Nuna Solutions","article_modified_time":"2025-03-27T11:37:43+00:00","twitter_card":"summary_large_image","twitter_misc":{"Est. tempo de leitura":"6 minutos"},"schema":{"@context":"https:\/\/schema.org","@graph":[{"@type":"WebPage","@id":"https:\/\/nunasolutions.com\/politica-de-privacitat\/","url":"https:\/\/nunasolutions.com\/politica-de-privacitat\/","name":"Pol\u00edtica de Privacidade - Nuna Solutions","isPartOf":{"@id":"https:\/\/nunasolutions.com\/#website"},"datePublished":"2023-07-07T12:35:59+00:00","dateModified":"2025-03-27T11:37:43+00:00","breadcrumb":{"@id":"https:\/\/nunasolutions.com\/politica-de-privacitat\/#breadcrumb"},"inLanguage":"pt-BR","potentialAction":[{"@type":"ReadAction","target":["https:\/\/nunasolutions.com\/politica-de-privacitat\/"]}]},{"@type":"BreadcrumbList","@id":"https:\/\/nunasolutions.com\/politica-de-privacitat\/#breadcrumb","itemListElement":[{"@type":"ListItem","position":1,"name":"Inici","item":"https:\/\/nunasolutions.com\/pt-br\/"},{"@type":"ListItem","position":2,"name":"Pol\u00edtica de Privacidade"}]},{"@type":"WebSite","@id":"https:\/\/nunasolutions.com\/#website","url":"https:\/\/nunasolutions.com\/","name":"Nuna Solutions","description":"Tra\u00e7abilitat i integraci\u00f3 de dades","potentialAction":[{"@type":"SearchAction","target":{"@type":"EntryPoint","urlTemplate":"https:\/\/nunasolutions.com\/?s={search_term_string}"},"query-input":{"@type":"PropertyValueSpecification","valueRequired":true,"valueName":"search_term_string"}}],"inLanguage":"pt-BR"}]}},"_links":{"self":[{"href":"https:\/\/nunasolutions.com\/pt-br\/wp-json\/wp\/v2\/pages\/2441","targetHints":{"allow":["GET"]}}],"collection":[{"href":"https:\/\/nunasolutions.com\/pt-br\/wp-json\/wp\/v2\/pages"}],"about":[{"href":"https:\/\/nunasolutions.com\/pt-br\/wp-json\/wp\/v2\/types\/page"}],"author":[{"embeddable":true,"href":"https:\/\/nunasolutions.com\/pt-br\/wp-json\/wp\/v2\/users\/1"}],"replies":[{"embeddable":true,"href":"https:\/\/nunasolutions.com\/pt-br\/wp-json\/wp\/v2\/comments?post=2441"}],"version-history":[{"count":3,"href":"https:\/\/nunasolutions.com\/pt-br\/wp-json\/wp\/v2\/pages\/2441\/revisions"}],"predecessor-version":[{"id":2499,"href":"https:\/\/nunasolutions.com\/pt-br\/wp-json\/wp\/v2\/pages\/2441\/revisions\/2499"}],"wp:attachment":[{"href":"https:\/\/nunasolutions.com\/pt-br\/wp-json\/wp\/v2\/media?parent=2441"}],"curies":[{"name":"wp","href":"https:\/\/api.w.org\/{rel}","templated":true}]}}