{"id":2443,"date":"2023-07-07T14:42:11","date_gmt":"2023-07-07T12:42:11","guid":{"rendered":"https:\/\/nunasolutions.com\/politica-de-cookies\/"},"modified":"2025-03-27T13:38:22","modified_gmt":"2025-03-27T11:38:22","slug":"politica-de-cookies","status":"publish","type":"page","link":"https:\/\/nunasolutions.com\/pt-br\/politica-de-cookies\/","title":{"rendered":"Pol\u00edtica de Cookies"},"content":{"rendered":"\t\t<div data-elementor-type=\"wp-page\" data-elementor-id=\"2443\" class=\"elementor elementor-2443 elementor-1836\" data-elementor-post-type=\"page\">\n\t\t\t\t<div class=\"elementor-element elementor-element-5a37e9b e-flex e-con-boxed e-con e-parent\" data-id=\"5a37e9b\" data-element_type=\"container\" data-e-type=\"container\">\n\t\t\t\t\t<div class=\"e-con-inner\">\n\t\t\t\t<div class=\"elementor-element elementor-element-d8f4b7e elementor-widget elementor-widget-heading\" data-id=\"d8f4b7e\" data-element_type=\"widget\" data-e-type=\"widget\" data-widget_type=\"heading.default\">\n\t\t\t\t<div class=\"elementor-widget-container\">\n\t\t\t\t\t<h1 class=\"elementor-heading-title elementor-size-default\">POL\u00cdTICA DE COOKIES<\/h1>\t\t\t\t<\/div>\n\t\t\t\t<\/div>\n\t\t\t\t\t<\/div>\n\t\t\t\t<\/div>\n\t\t<div class=\"elementor-element elementor-element-5b4155a e-flex e-con-boxed e-con e-parent\" data-id=\"5b4155a\" data-element_type=\"container\" data-e-type=\"container\">\n\t\t\t\t\t<div class=\"e-con-inner\">\n\t\t\t\t<div class=\"elementor-element elementor-element-8457e11 elementor-widget elementor-widget-text-editor\" data-id=\"8457e11\" data-element_type=\"widget\" data-e-type=\"widget\" data-widget_type=\"text-editor.default\">\n\t\t\t\t<div class=\"elementor-widget-container\">\n\t\t\t\t\t\t\t\t\t<p>Este site utiliza Cookies para melhorar e otimizar a experi\u00eancia do usu\u00e1rio. Abaixo, voc\u00ea encontrar\u00e1 informa\u00e7\u00f5es detalhadas sobre o que s\u00e3o as \u201cCookies\u201d, que tipo s\u00e3o utilizadas neste site, como desativ\u00e1-las no seu navegador e como bloquear especificamente a instala\u00e7\u00e3o de Cookies de terceiros. <\/p>\n<p><strong>O que s\u00e3o as Cookies e como s\u00e3o utilizadas no site de by-nunaSolutions, sl?<\/strong><\/p>\n<p>As Cookies s\u00e3o arquivos que o site ou a aplica\u00e7\u00e3o que voc\u00ea utiliza instala no seu navegador ou dispositivo (smartphone, tablet, etc.) durante a navega\u00e7\u00e3o pelas p\u00e1ginas ou pela aplica\u00e7\u00e3o, e servem para armazenar informa\u00e7\u00f5es sobre sua visita. Como a maioria dos sites na internet, o portal web da <strong>by-nunaSolutions, sl<\/strong> utiliza Cookies para: <\/p>\n<ol>\n<li>Garantir que as p\u00e1ginas web funcionem corretamente<\/li>\n<li>Armazenar suas prefer\u00eancias, como o idioma selecionado ou o tamanho da fonte<\/li>\n<li>Conhecer a sua experi\u00eancia de navega\u00e7\u00e3o<\/li>\n<li>Coletar informa\u00e7\u00f5es estat\u00edsticas an\u00f4nimas, como quais p\u00e1ginas voc\u00ea visualizou ou quanto tempo voc\u00ea passou em nossos meios<\/li>\n<\/ol>\n<div> <\/div>\n<p>O uso de Cookies nos permite otimizar sua navega\u00e7\u00e3o, adaptando as informa\u00e7\u00f5es e os servi\u00e7os oferecidos aos seus interesses, para proporcionar uma melhor experi\u00eancia sempre que nos visitar. Os sites da <strong>by-nunaSolutions, sl<\/strong> utilizam Cookies para funcionar, adaptar e facilitar ao m\u00e1ximo a navega\u00e7\u00e3o do usu\u00e1rio. <\/p>\n<p>As Cookies est\u00e3o associadas apenas a um usu\u00e1rio an\u00f4nimo e ao seu computador\/dispositivo e n\u00e3o fornecem refer\u00eancias que permitam identificar dados pessoais. Em qualquer momento, voc\u00ea pode acessar a configura\u00e7\u00e3o do seu navegador para modificar e\/ou bloquear a instala\u00e7\u00e3o das Cookies enviadas pelo site da <strong>by-nunaSolutions, sl,<\/strong> sem que isso impe\u00e7a o acesso ao conte\u00fado. No entanto, a qualidade do funcionamento dos servi\u00e7os pode ser afetada.  <\/p>\n<p>Usu\u00e1rios que completarem o processo de registro ou tenham feito login com seus dados de acesso poder\u00e3o acessar servi\u00e7os personalizados e adaptados \u00e0s suas prefer\u00eancias, de acordo com as informa\u00e7\u00f5es pessoais fornecidas no momento do registro e armazenadas na Cookie do navegador.<\/p>\n<ol>\n<li>As cookies de autentica\u00e7\u00e3o s\u00e3o, por padr\u00e3o, cookies tempor\u00e1rias (por sess\u00f5es) n\u00e3o persistentes, no entanto, os usu\u00e1rios podem torn\u00e1-las persistentes marcando a caixa &#8220;Lembrar login&#8221; no controle de acesso. Para usu\u00e1rios registrados. <\/li>\n<\/ol>\n<ol start=\"2\">\n<li>As cookies de sess\u00e3o, que ocorrem ao fazer login, t\u00eam uma dura\u00e7\u00e3o de 30 minutos ap\u00f3s o \u00faltimo per\u00edodo de atividade. Para usu\u00e1rios registrados. <\/li>\n<\/ol>\n<ol start=\"3\">\n<li>Cria-se uma cookie chamada &#8220;linguagem&#8221; para armazenar o idioma &#8211; em uma instala\u00e7\u00e3o monol\u00edngue, isso \u00e9 simplesmente o idioma padr\u00e3o do navegador, mas se o site for compat\u00edvel com v\u00e1rios idiomas, pode ser diferente de acordo com o idioma selecionado. Para todos os usu\u00e1rios. <\/li>\n<\/ol>\n<div> <\/div>\n<p><strong>Como posso configurar minhas Cookies?<\/strong><\/p>\n<ol>\n<li>Ao navegar e continuar em nosso site, voc\u00ea estar\u00e1 consentindo o uso das Cookies nas condi\u00e7\u00f5es contidas nesta Pol\u00edtica de Cookies. A <strong>by-nunaSolutions, sl<\/strong> disponibiliza acesso a esta Pol\u00edtica de Cookies no momento do registro, para que o usu\u00e1rio esteja informado, sem preju\u00edzo de que ele possa exercer seu direito de bloquear, excluir e rejeitar o uso de Cookies a qualquer momento.<\/li>\n<li>Informamos que, como as Cookies n\u00e3o s\u00e3o necess\u00e1rias para o uso do nosso site, voc\u00ea pode bloque\u00e1-las ou desativ\u00e1-las ativando a configura\u00e7\u00e3o do seu navegador, que permite rejeitar a instala\u00e7\u00e3o de todas as cookies ou de algumas delas. A maioria dos navegadores permite advertir sobre a presen\u00e7a de Cookies ou rejeit\u00e1-las automaticamente. Se voc\u00ea as rejeitar, poder\u00e1 continuar a usar nosso site, embora o uso de alguns de seus servi\u00e7os possa ser limitado, tornando sua experi\u00eancia em nosso site menos satisfat\u00f3ria.  <\/li>\n<\/ol>\n<div> <\/div>\n<p><strong>Como posso bloquear ou permitir as cookies?<\/strong><\/p>\n<p>O usu\u00e1rio poder\u00e1 &#8211; a qualquer momento &#8211; escolher quais cookies deseja que funcionem neste site, por meio de:<\/p>\n<ul>\n<li>Configura\u00e7\u00e3o do<strong> navegador;<\/strong> por exemplo:\n<ul>\n<li><strong>Chrome<\/strong>, a partir de <u><a href=\"http:\/\/support.google.com\/chrome\/bin\/answer.py?hl=pt-BR&amp;answer=95647\">http:\/\/support.google.com\/chrome\/bin\/answer.py?hl=pt-BR&amp;answer=95647<\/a><\/u><\/li>\n<li><strong>Explorer,<\/strong> a partir de <a href=\"http:\/\/windows.microsoft.com\/pt-br\/windows7\/how-to-manage-cookies-in-internet-explorer-9\">http:\/\/windows.microsoft.com\/pt-br\/windows7\/how-to-manage-cookies-in-internet-explorer-9<\/a><\/li>\n<li><strong>Firefox<\/strong>, a partir de <a href=\"http:\/\/support.mozilla.org\/pt-BR\/kb\/habilitar-e-deshabilitar-cookies-que-os-sites-web\">http:\/\/support.mozilla.org\/pt-BR\/kb\/habilitar-e-deshabilitar-cookies-que-os-sites-web<\/a><\/li>\n<li><strong>Safari<\/strong>, a partir de <a href=\"http:\/\/support.apple.com\/kb\/ph5042\">http:\/\/support.apple.com\/kb\/ph5042<\/a><\/li>\n<\/ul>\n<\/li>\n<li>Existem ferramentas de terceiros, dispon\u00edveis online, que permitem aos usu\u00e1rios detectar as cookies em cada site que visitam e gerenciar sua desativa\u00e7\u00e3o.<\/li>\n<\/ul>\n\t\t\t\t\t\t\t\t<\/div>\n\t\t\t\t<\/div>\n\t\t\t\t\t<\/div>\n\t\t\t\t<\/div>\n\t\t\t\t<\/div>\n\t\t","protected":false},"excerpt":{"rendered":"<p>POL\u00cdTICA DE COOKIES Este site utiliza Cookies para melhorar e otimizar a experi\u00eancia do usu\u00e1rio. Abaixo, voc\u00ea encontrar\u00e1 informa\u00e7\u00f5es detalhadas sobre o que s\u00e3o as \u201cCookies\u201d, que tipo s\u00e3o utilizadas neste site, como desativ\u00e1-las no seu navegador e como bloquear especificamente a instala\u00e7\u00e3o de Cookies de terceiros. O que s\u00e3o as Cookies e como s\u00e3o [&hellip;]<\/p>\n","protected":false},"author":1,"featured_media":0,"parent":0,"menu_order":0,"comment_status":"closed","ping_status":"closed","template":"","meta":{"footnotes":""},"class_list":["post-2443","page","type-page","status-publish","hentry"],"yoast_head":"<!-- This site is optimized with the Yoast SEO plugin v26.9 - https:\/\/yoast.com\/product\/yoast-seo-wordpress\/ -->\n<title>Pol\u00edtica de Cookies - Nuna Solutions<\/title>\n<meta name=\"robots\" content=\"index, follow, max-snippet:-1, max-image-preview:large, max-video-preview:-1\" \/>\n<link rel=\"canonical\" href=\"https:\/\/nunasolutions.com\/politica-de-cookies\/\" \/>\n<meta property=\"og:locale\" content=\"pt_BR\" \/>\n<meta property=\"og:type\" content=\"article\" \/>\n<meta property=\"og:title\" content=\"Pol\u00edtica de Cookies - Nuna Solutions\" \/>\n<meta property=\"og:description\" content=\"POL\u00cdTICA DE COOKIES Este site utiliza Cookies para melhorar e otimizar a experi\u00eancia do usu\u00e1rio. Abaixo, voc\u00ea encontrar\u00e1 informa\u00e7\u00f5es detalhadas sobre o que s\u00e3o as \u201cCookies\u201d, que tipo s\u00e3o utilizadas neste site, como desativ\u00e1-las no seu navegador e como bloquear especificamente a instala\u00e7\u00e3o de Cookies de terceiros. O que s\u00e3o as Cookies e como s\u00e3o [&hellip;]\" \/>\n<meta property=\"og:url\" content=\"https:\/\/nunasolutions.com\/politica-de-cookies\/\" \/>\n<meta property=\"og:site_name\" content=\"Nuna Solutions\" \/>\n<meta property=\"article:modified_time\" content=\"2025-03-27T11:38:22+00:00\" \/>\n<meta name=\"twitter:card\" content=\"summary_large_image\" \/>\n<meta name=\"twitter:label1\" content=\"Est. tempo de leitura\" \/>\n\t<meta name=\"twitter:data1\" content=\"4 minutos\" \/>\n<script type=\"application\/ld+json\" class=\"yoast-schema-graph\">{\"@context\":\"https:\/\/schema.org\",\"@graph\":[{\"@type\":\"WebPage\",\"@id\":\"https:\/\/nunasolutions.com\/politica-de-cookies\/\",\"url\":\"https:\/\/nunasolutions.com\/politica-de-cookies\/\",\"name\":\"Pol\u00edtica de Cookies - Nuna Solutions\",\"isPartOf\":{\"@id\":\"https:\/\/nunasolutions.com\/#website\"},\"datePublished\":\"2023-07-07T12:42:11+00:00\",\"dateModified\":\"2025-03-27T11:38:22+00:00\",\"breadcrumb\":{\"@id\":\"https:\/\/nunasolutions.com\/politica-de-cookies\/#breadcrumb\"},\"inLanguage\":\"pt-BR\",\"potentialAction\":[{\"@type\":\"ReadAction\",\"target\":[\"https:\/\/nunasolutions.com\/politica-de-cookies\/\"]}]},{\"@type\":\"BreadcrumbList\",\"@id\":\"https:\/\/nunasolutions.com\/politica-de-cookies\/#breadcrumb\",\"itemListElement\":[{\"@type\":\"ListItem\",\"position\":1,\"name\":\"Inici\",\"item\":\"https:\/\/nunasolutions.com\/pt-br\/\"},{\"@type\":\"ListItem\",\"position\":2,\"name\":\"Pol\u00edtica de Cookies\"}]},{\"@type\":\"WebSite\",\"@id\":\"https:\/\/nunasolutions.com\/#website\",\"url\":\"https:\/\/nunasolutions.com\/\",\"name\":\"Nuna Solutions\",\"description\":\"Tra\u00e7abilitat i integraci\u00f3 de dades\",\"potentialAction\":[{\"@type\":\"SearchAction\",\"target\":{\"@type\":\"EntryPoint\",\"urlTemplate\":\"https:\/\/nunasolutions.com\/?s={search_term_string}\"},\"query-input\":{\"@type\":\"PropertyValueSpecification\",\"valueRequired\":true,\"valueName\":\"search_term_string\"}}],\"inLanguage\":\"pt-BR\"}]}<\/script>\n<!-- \/ Yoast SEO plugin. -->","yoast_head_json":{"title":"Pol\u00edtica de Cookies - Nuna Solutions","robots":{"index":"index","follow":"follow","max-snippet":"max-snippet:-1","max-image-preview":"max-image-preview:large","max-video-preview":"max-video-preview:-1"},"canonical":"https:\/\/nunasolutions.com\/politica-de-cookies\/","og_locale":"pt_BR","og_type":"article","og_title":"Pol\u00edtica de Cookies - Nuna Solutions","og_description":"POL\u00cdTICA DE COOKIES Este site utiliza Cookies para melhorar e otimizar a experi\u00eancia do usu\u00e1rio. Abaixo, voc\u00ea encontrar\u00e1 informa\u00e7\u00f5es detalhadas sobre o que s\u00e3o as \u201cCookies\u201d, que tipo s\u00e3o utilizadas neste site, como desativ\u00e1-las no seu navegador e como bloquear especificamente a instala\u00e7\u00e3o de Cookies de terceiros. O que s\u00e3o as Cookies e como s\u00e3o [&hellip;]","og_url":"https:\/\/nunasolutions.com\/politica-de-cookies\/","og_site_name":"Nuna Solutions","article_modified_time":"2025-03-27T11:38:22+00:00","twitter_card":"summary_large_image","twitter_misc":{"Est. tempo de leitura":"4 minutos"},"schema":{"@context":"https:\/\/schema.org","@graph":[{"@type":"WebPage","@id":"https:\/\/nunasolutions.com\/politica-de-cookies\/","url":"https:\/\/nunasolutions.com\/politica-de-cookies\/","name":"Pol\u00edtica de Cookies - Nuna Solutions","isPartOf":{"@id":"https:\/\/nunasolutions.com\/#website"},"datePublished":"2023-07-07T12:42:11+00:00","dateModified":"2025-03-27T11:38:22+00:00","breadcrumb":{"@id":"https:\/\/nunasolutions.com\/politica-de-cookies\/#breadcrumb"},"inLanguage":"pt-BR","potentialAction":[{"@type":"ReadAction","target":["https:\/\/nunasolutions.com\/politica-de-cookies\/"]}]},{"@type":"BreadcrumbList","@id":"https:\/\/nunasolutions.com\/politica-de-cookies\/#breadcrumb","itemListElement":[{"@type":"ListItem","position":1,"name":"Inici","item":"https:\/\/nunasolutions.com\/pt-br\/"},{"@type":"ListItem","position":2,"name":"Pol\u00edtica de Cookies"}]},{"@type":"WebSite","@id":"https:\/\/nunasolutions.com\/#website","url":"https:\/\/nunasolutions.com\/","name":"Nuna Solutions","description":"Tra\u00e7abilitat i integraci\u00f3 de dades","potentialAction":[{"@type":"SearchAction","target":{"@type":"EntryPoint","urlTemplate":"https:\/\/nunasolutions.com\/?s={search_term_string}"},"query-input":{"@type":"PropertyValueSpecification","valueRequired":true,"valueName":"search_term_string"}}],"inLanguage":"pt-BR"}]}},"_links":{"self":[{"href":"https:\/\/nunasolutions.com\/pt-br\/wp-json\/wp\/v2\/pages\/2443","targetHints":{"allow":["GET"]}}],"collection":[{"href":"https:\/\/nunasolutions.com\/pt-br\/wp-json\/wp\/v2\/pages"}],"about":[{"href":"https:\/\/nunasolutions.com\/pt-br\/wp-json\/wp\/v2\/types\/page"}],"author":[{"embeddable":true,"href":"https:\/\/nunasolutions.com\/pt-br\/wp-json\/wp\/v2\/users\/1"}],"replies":[{"embeddable":true,"href":"https:\/\/nunasolutions.com\/pt-br\/wp-json\/wp\/v2\/comments?post=2443"}],"version-history":[{"count":3,"href":"https:\/\/nunasolutions.com\/pt-br\/wp-json\/wp\/v2\/pages\/2443\/revisions"}],"predecessor-version":[{"id":2501,"href":"https:\/\/nunasolutions.com\/pt-br\/wp-json\/wp\/v2\/pages\/2443\/revisions\/2501"}],"wp:attachment":[{"href":"https:\/\/nunasolutions.com\/pt-br\/wp-json\/wp\/v2\/media?parent=2443"}],"curies":[{"name":"wp","href":"https:\/\/api.w.org\/{rel}","templated":true}]}}