{"id":2463,"date":"2022-08-29T19:39:15","date_gmt":"2022-08-29T17:39:15","guid":{"rendered":"https:\/\/nunasolutions.com\/noticias\/"},"modified":"2025-03-27T12:18:46","modified_gmt":"2025-03-27T10:18:46","slug":"noticias","status":"publish","type":"page","link":"https:\/\/nunasolutions.com\/pt-br\/noticias\/","title":{"rendered":"Not\u00edcias"},"content":{"rendered":"\t\t<div data-elementor-type=\"wp-page\" data-elementor-id=\"2463\" class=\"elementor elementor-2463 elementor-12\" data-elementor-post-type=\"page\">\n\t\t\t\t<div class=\"elementor-element elementor-element-80c245e e-flex e-con-boxed e-con e-parent\" data-id=\"80c245e\" data-element_type=\"container\" data-e-type=\"container\" data-settings=\"{&quot;background_background&quot;:&quot;classic&quot;}\">\n\t\t\t\t\t<div class=\"e-con-inner\">\n\t\t<div class=\"elementor-element elementor-element-dca8369 e-flex e-con-boxed e-con e-parent\" data-id=\"dca8369\" data-element_type=\"container\" data-e-type=\"container\">\n\t\t\t\t\t<div class=\"e-con-inner\">\n\t\t\t\t<div class=\"elementor-element elementor-element-eb1d396 elementor-widget elementor-widget-heading\" data-id=\"eb1d396\" data-element_type=\"widget\" data-e-type=\"widget\" data-widget_type=\"heading.default\">\n\t\t\t\t<div class=\"elementor-widget-container\">\n\t\t\t\t\t<h2 class=\"elementor-heading-title elementor-size-default\">Not\u00edcias<\/h2>\t\t\t\t<\/div>\n\t\t\t\t<\/div>\n\t\t\t\t<div class=\"elementor-element elementor-element-ddd353d elementor-widget elementor-widget-text-editor\" data-id=\"ddd353d\" data-element_type=\"widget\" data-e-type=\"widget\" data-widget_type=\"text-editor.default\">\n\t\t\t\t<div class=\"elementor-widget-container\">\n\t\t\t\t\t\t\t\t\t<p>ATUALIZE-SE COM AS SOLU\u00c7\u00d5ES NUNA<\/p>\n\t\t\t\t\t\t\t\t<\/div>\n\t\t\t\t<\/div>\n\t\t\t\t\t<\/div>\n\t\t\t\t<\/div>\n\t\t\t\t\t<\/div>\n\t\t\t\t<\/div>\n\t\t<div class=\"elementor-element elementor-element-4a30de0 e-flex e-con-boxed e-con e-parent\" data-id=\"4a30de0\" data-element_type=\"container\" data-e-type=\"container\">\n\t\t\t\t\t<div class=\"e-con-inner\">\n\t\t<div class=\"elementor-element elementor-element-c9d2e37 e-flex e-con-boxed e-con e-parent\" data-id=\"c9d2e37\" data-element_type=\"container\" data-e-type=\"container\">\n\t\t\t\t\t<div class=\"e-con-inner\">\n\t\t\t\t<div class=\"elementor-element elementor-element-a69a3f9 posts-list elementor-grid-3 elementor-grid-tablet-2 elementor-grid-mobile-1 elementor-posts--thumbnail-top elementor-widget elementor-widget-posts\" data-id=\"a69a3f9\" data-element_type=\"widget\" data-e-type=\"widget\" data-settings=\"{&quot;classic_row_gap&quot;:{&quot;unit&quot;:&quot;px&quot;,&quot;size&quot;:20,&quot;sizes&quot;:[]},&quot;classic_columns&quot;:&quot;3&quot;,&quot;classic_columns_tablet&quot;:&quot;2&quot;,&quot;classic_columns_mobile&quot;:&quot;1&quot;,&quot;classic_row_gap_laptop&quot;:{&quot;unit&quot;:&quot;px&quot;,&quot;size&quot;:&quot;&quot;,&quot;sizes&quot;:[]},&quot;classic_row_gap_tablet_extra&quot;:{&quot;unit&quot;:&quot;px&quot;,&quot;size&quot;:&quot;&quot;,&quot;sizes&quot;:[]},&quot;classic_row_gap_tablet&quot;:{&quot;unit&quot;:&quot;px&quot;,&quot;size&quot;:&quot;&quot;,&quot;sizes&quot;:[]},&quot;classic_row_gap_mobile_extra&quot;:{&quot;unit&quot;:&quot;px&quot;,&quot;size&quot;:&quot;&quot;,&quot;sizes&quot;:[]},&quot;classic_row_gap_mobile&quot;:{&quot;unit&quot;:&quot;px&quot;,&quot;size&quot;:&quot;&quot;,&quot;sizes&quot;:[]}}\" data-widget_type=\"posts.classic\">\n\t\t\t\t<div class=\"elementor-widget-container\">\n\t\t\t\t\t\t\t<div class=\"elementor-posts-container elementor-posts elementor-posts--skin-classic elementor-grid\" role=\"list\">\n\t\t\t\t<article class=\"elementor-post elementor-grid-item post-2635 post type-post status-publish format-standard has-post-thumbnail hentry category-nao-categorizado\" role=\"listitem\">\n\t\t\t\t<a class=\"elementor-post__thumbnail__link\" href=\"https:\/\/nunasolutions.com\/pt-br\/2026\/02\/13\/blinkai-monitorizacao-por-ia-da-eficacia-do-atordoamento-em-suinos\/\" tabindex=\"-1\" >\n\t\t\t<div class=\"elementor-post__thumbnail\"><img fetchpriority=\"high\" decoding=\"async\" width=\"300\" height=\"200\" src=\"https:\/\/nunasolutions.com\/wp-content\/uploads\/2026\/02\/blinkAI-1-300x200.png\" class=\"attachment-medium size-medium wp-image-2654\" alt=\"\" srcset=\"https:\/\/nunasolutions.com\/wp-content\/uploads\/2026\/02\/blinkAI-1-300x200.png 300w, https:\/\/nunasolutions.com\/wp-content\/uploads\/2026\/02\/blinkAI-1-1024x683.png 1024w, https:\/\/nunasolutions.com\/wp-content\/uploads\/2026\/02\/blinkAI-1-768x512.png 768w, https:\/\/nunasolutions.com\/wp-content\/uploads\/2026\/02\/blinkAI-1.png 1536w\" sizes=\"(max-width: 300px) 100vw, 300px\" \/><\/div>\n\t\t<\/a>\n\t\t\t\t<div class=\"elementor-post__text\">\n\t\t\t\t<h2 class=\"elementor-post__title\">\n\t\t\t<a href=\"https:\/\/nunasolutions.com\/pt-br\/2026\/02\/13\/blinkai-monitorizacao-por-ia-da-eficacia-do-atordoamento-em-suinos\/\" >\n\t\t\t\tBlinkAI \u2013 Monitoriza\u00e7\u00e3o por IA da efic\u00e1cia do atordoamento em su\u00ednos\t\t\t<\/a>\n\t\t<\/h2>\n\t\t\t\t<div class=\"elementor-post__meta-data\">\n\t\t\t\t\t<span class=\"elementor-post-date\">\n\t\t\t13 de fevereiro de 2026\t\t<\/span>\n\t\t\t\t<\/div>\n\t\t\t\t<div class=\"elementor-post__excerpt\">\n\t\t\t<p>Desenvolvido no \u00e2mbito do projeto europeu aWISH BlinkAI \u00e9 um sistema de vis\u00e3o artificial baseado em intelig\u00eancia artificial, desenvolvido pela Nuna Solutions, para avaliar a<\/p>\n\t\t<\/div>\n\t\t\n\t\t<a class=\"elementor-post__read-more\" href=\"https:\/\/nunasolutions.com\/pt-br\/2026\/02\/13\/blinkai-monitorizacao-por-ia-da-eficacia-do-atordoamento-em-suinos\/\" aria-label=\"Leia mais sobre BlinkAI \u2013 Monitoriza\u00e7\u00e3o por IA da efic\u00e1cia do atordoamento em su\u00ednos\" tabindex=\"-1\" >\n\t\t\t Leia mais \u00bb\t\t<\/a>\n\n\t\t\t\t<\/div>\n\t\t\t\t<\/article>\n\t\t\t\t<article class=\"elementor-post elementor-grid-item post-2455 post type-post status-publish format-standard has-post-thumbnail hentry category-nao-categorizado\" role=\"listitem\">\n\t\t\t\t<a class=\"elementor-post__thumbnail__link\" href=\"https:\/\/nunasolutions.com\/pt-br\/2023\/06\/27\/porkexpo-latam-2023\/\" tabindex=\"-1\" >\n\t\t\t<div class=\"elementor-post__thumbnail\"><img decoding=\"async\" width=\"300\" height=\"244\" src=\"https:\/\/nunasolutions.com\/wp-content\/uploads\/2023\/06\/stand-sim-300x244.jpg\" class=\"attachment-medium size-medium wp-image-2456\" alt=\"\" srcset=\"https:\/\/nunasolutions.com\/wp-content\/uploads\/2023\/06\/stand-sim-300x244.jpg 300w, https:\/\/nunasolutions.com\/wp-content\/uploads\/2023\/06\/stand-sim-1024x833.jpg 1024w, https:\/\/nunasolutions.com\/wp-content\/uploads\/2023\/06\/stand-sim-768x624.jpg 768w, https:\/\/nunasolutions.com\/wp-content\/uploads\/2023\/06\/stand-sim-1536x1249.jpg 1536w, https:\/\/nunasolutions.com\/wp-content\/uploads\/2023\/06\/stand-sim.jpg 2000w\" sizes=\"(max-width: 300px) 100vw, 300px\" \/><\/div>\n\t\t<\/a>\n\t\t\t\t<div class=\"elementor-post__text\">\n\t\t\t\t<h2 class=\"elementor-post__title\">\n\t\t\t<a href=\"https:\/\/nunasolutions.com\/pt-br\/2023\/06\/27\/porkexpo-latam-2023\/\" >\n\t\t\t\tPORKEXPO LATAM 2023\t\t\t<\/a>\n\t\t<\/h2>\n\t\t\t\t<div class=\"elementor-post__meta-data\">\n\t\t\t\t\t<span class=\"elementor-post-date\">\n\t\t\t27 de junho de 2023\t\t<\/span>\n\t\t\t\t<\/div>\n\t\t\t\t<div class=\"elementor-post__excerpt\">\n\t\t\t<p>PORKEXPO LATAM 2023 De 7 a 9 de novembro de 2023, apresentamos o BiofarmCheck na Porkexpo Latam, um dos eventos mais prestigiados e consolidados do<\/p>\n\t\t<\/div>\n\t\t\n\t\t<a class=\"elementor-post__read-more\" href=\"https:\/\/nunasolutions.com\/pt-br\/2023\/06\/27\/porkexpo-latam-2023\/\" aria-label=\"Leia mais sobre PORKEXPO LATAM 2023\" tabindex=\"-1\" >\n\t\t\t Leia mais \u00bb\t\t<\/a>\n\n\t\t\t\t<\/div>\n\t\t\t\t<\/article>\n\t\t\t\t<article class=\"elementor-post elementor-grid-item post-2452 post type-post status-publish format-standard has-post-thumbnail hentry category-nao-categorizado\" role=\"listitem\">\n\t\t\t\t<a class=\"elementor-post__thumbnail__link\" href=\"https:\/\/nunasolutions.com\/pt-br\/2023\/06\/27\/xv-simposio-de-suinocultura-do-sul-do-brasil\/\" tabindex=\"-1\" >\n\t\t\t<div class=\"elementor-post__thumbnail\"><img decoding=\"async\" width=\"300\" height=\"141\" src=\"https:\/\/nunasolutions.com\/wp-content\/uploads\/2023\/06\/LOGO-SIMPOSIO-2-300x141.jpg\" class=\"attachment-medium size-medium wp-image-2453\" alt=\"\" srcset=\"https:\/\/nunasolutions.com\/wp-content\/uploads\/2023\/06\/LOGO-SIMPOSIO-2-300x141.jpg 300w, https:\/\/nunasolutions.com\/wp-content\/uploads\/2023\/06\/LOGO-SIMPOSIO-2.jpg 710w\" sizes=\"(max-width: 300px) 100vw, 300px\" \/><\/div>\n\t\t<\/a>\n\t\t\t\t<div class=\"elementor-post__text\">\n\t\t\t\t<h2 class=\"elementor-post__title\">\n\t\t\t<a href=\"https:\/\/nunasolutions.com\/pt-br\/2023\/06\/27\/xv-simposio-de-suinocultura-do-sul-do-brasil\/\" >\n\t\t\t\tXV Simp\u00f3sio de Suinocultura do Sul do Brasil\t\t\t<\/a>\n\t\t<\/h2>\n\t\t\t\t<div class=\"elementor-post__meta-data\">\n\t\t\t\t\t<span class=\"elementor-post-date\">\n\t\t\t27 de junho de 2023\t\t<\/span>\n\t\t\t\t<\/div>\n\t\t\t\t<div class=\"elementor-post__excerpt\">\n\t\t\t<p>Informamos que a Nunasolutions estar\u00e1 presente no XV Simp\u00f3sio de Suinocultura do Sul do Brasil (SBSS), patrocinado pelo Centro Ocidental de Veterin\u00e1rios e Zootecnistas (Nucleovet),<\/p>\n\t\t<\/div>\n\t\t\n\t\t<a class=\"elementor-post__read-more\" href=\"https:\/\/nunasolutions.com\/pt-br\/2023\/06\/27\/xv-simposio-de-suinocultura-do-sul-do-brasil\/\" aria-label=\"Leia mais sobre XV Simp\u00f3sio de Suinocultura do Sul do Brasil\" tabindex=\"-1\" >\n\t\t\t Leia mais \u00bb\t\t<\/a>\n\n\t\t\t\t<\/div>\n\t\t\t\t<\/article>\n\t\t\t\t<article class=\"elementor-post elementor-grid-item post-2449 post type-post status-publish format-standard has-post-thumbnail hentry category-nao-categorizado\" role=\"listitem\">\n\t\t\t\t<a class=\"elementor-post__thumbnail__link\" href=\"https:\/\/nunasolutions.com\/pt-br\/2023\/05\/11\/nunasolutions-apresenta-biofarmcheck-no-opormex-congresso-intercontinental-de-suinocultores\/\" tabindex=\"-1\" >\n\t\t\t<div class=\"elementor-post__thumbnail\"><img loading=\"lazy\" decoding=\"async\" width=\"300\" height=\"244\" src=\"https:\/\/nunasolutions.com\/wp-content\/uploads\/2023\/05\/Opormex23-simulacio-stand-Linkedin-300x244.jpg\" class=\"attachment-medium size-medium wp-image-2450\" alt=\"\" srcset=\"https:\/\/nunasolutions.com\/wp-content\/uploads\/2023\/05\/Opormex23-simulacio-stand-Linkedin-300x244.jpg 300w, https:\/\/nunasolutions.com\/wp-content\/uploads\/2023\/05\/Opormex23-simulacio-stand-Linkedin-1024x832.jpg 1024w, https:\/\/nunasolutions.com\/wp-content\/uploads\/2023\/05\/Opormex23-simulacio-stand-Linkedin-768x624.jpg 768w, https:\/\/nunasolutions.com\/wp-content\/uploads\/2023\/05\/Opormex23-simulacio-stand-Linkedin.jpg 1080w\" sizes=\"(max-width: 300px) 100vw, 300px\" \/><\/div>\n\t\t<\/a>\n\t\t\t\t<div class=\"elementor-post__text\">\n\t\t\t\t<h2 class=\"elementor-post__title\">\n\t\t\t<a href=\"https:\/\/nunasolutions.com\/pt-br\/2023\/05\/11\/nunasolutions-apresenta-biofarmcheck-no-opormex-congresso-intercontinental-de-suinocultores\/\" >\n\t\t\t\tNunaSolutions apresenta BiofarmCheck no Opormex (Congresso Intercontinental de Suinocultores)\t\t\t<\/a>\n\t\t<\/h2>\n\t\t\t\t<div class=\"elementor-post__meta-data\">\n\t\t\t\t\t<span class=\"elementor-post-date\">\n\t\t\t11 de maio de 2023\t\t<\/span>\n\t\t\t\t<\/div>\n\t\t\t\t<div class=\"elementor-post__excerpt\">\n\t\t\t<p>O Opormex (Congresso Intercontinental de Suinocultores) \u00e9 um importante ponto de encontro para o setor, tornando-se uma refer\u00eancia para produtores e fornecedores na Am\u00e9rica Latina.<\/p>\n\t\t<\/div>\n\t\t\n\t\t<a class=\"elementor-post__read-more\" href=\"https:\/\/nunasolutions.com\/pt-br\/2023\/05\/11\/nunasolutions-apresenta-biofarmcheck-no-opormex-congresso-intercontinental-de-suinocultores\/\" aria-label=\"Leia mais sobre NunaSolutions apresenta BiofarmCheck no Opormex (Congresso Intercontinental de Suinocultores)\" tabindex=\"-1\" >\n\t\t\t Leia mais \u00bb\t\t<\/a>\n\n\t\t\t\t<\/div>\n\t\t\t\t<\/article>\n\t\t\t\t<\/div>\n\t\t\n\t\t\t\t\t\t<\/div>\n\t\t\t\t<\/div>\n\t\t\t\t\t<\/div>\n\t\t\t\t<\/div>\n\t\t\t\t\t<\/div>\n\t\t\t\t<\/div>\n\t\t\t\t<\/div>\n\t\t","protected":false},"excerpt":{"rendered":"<p>Not\u00edcias ATUALIZE-SE COM AS SOLU\u00c7\u00d5ES NUNA<\/p>\n","protected":false},"author":1,"featured_media":0,"parent":0,"menu_order":0,"comment_status":"closed","ping_status":"closed","template":"","meta":{"footnotes":""},"class_list":["post-2463","page","type-page","status-publish","hentry"],"yoast_head":"<!-- This site is optimized with the Yoast SEO plugin v26.9 - https:\/\/yoast.com\/product\/yoast-seo-wordpress\/ -->\n<title>Not\u00edcias - Nuna Solutions<\/title>\n<meta name=\"robots\" content=\"index, follow, max-snippet:-1, max-image-preview:large, max-video-preview:-1\" \/>\n<link rel=\"canonical\" href=\"https:\/\/nunasolutions.com\/noticies\/\" \/>\n<meta property=\"og:locale\" content=\"pt_BR\" \/>\n<meta property=\"og:type\" content=\"article\" \/>\n<meta property=\"og:title\" content=\"Not\u00edcias - Nuna Solutions\" \/>\n<meta property=\"og:description\" content=\"Not\u00edcias ATUALIZE-SE COM AS SOLU\u00c7\u00d5ES NUNA\" \/>\n<meta property=\"og:url\" content=\"https:\/\/nunasolutions.com\/noticies\/\" \/>\n<meta property=\"og:site_name\" content=\"Nuna Solutions\" \/>\n<meta property=\"article:modified_time\" content=\"2025-03-27T10:18:46+00:00\" \/>\n<meta name=\"twitter:card\" content=\"summary_large_image\" \/>\n<script type=\"application\/ld+json\" class=\"yoast-schema-graph\">{\"@context\":\"https:\/\/schema.org\",\"@graph\":[{\"@type\":\"WebPage\",\"@id\":\"https:\/\/nunasolutions.com\/noticies\/\",\"url\":\"https:\/\/nunasolutions.com\/noticies\/\",\"name\":\"Not\u00edcias - Nuna Solutions\",\"isPartOf\":{\"@id\":\"https:\/\/nunasolutions.com\/#website\"},\"datePublished\":\"2022-08-29T17:39:15+00:00\",\"dateModified\":\"2025-03-27T10:18:46+00:00\",\"breadcrumb\":{\"@id\":\"https:\/\/nunasolutions.com\/noticies\/#breadcrumb\"},\"inLanguage\":\"pt-BR\",\"potentialAction\":[{\"@type\":\"ReadAction\",\"target\":[\"https:\/\/nunasolutions.com\/noticies\/\"]}]},{\"@type\":\"BreadcrumbList\",\"@id\":\"https:\/\/nunasolutions.com\/noticies\/#breadcrumb\",\"itemListElement\":[{\"@type\":\"ListItem\",\"position\":1,\"name\":\"Inici\",\"item\":\"https:\/\/nunasolutions.com\/pt-br\/\"},{\"@type\":\"ListItem\",\"position\":2,\"name\":\"Not\u00edcias\"}]},{\"@type\":\"WebSite\",\"@id\":\"https:\/\/nunasolutions.com\/#website\",\"url\":\"https:\/\/nunasolutions.com\/\",\"name\":\"Nuna Solutions\",\"description\":\"Tra\u00e7abilitat i integraci\u00f3 de dades\",\"potentialAction\":[{\"@type\":\"SearchAction\",\"target\":{\"@type\":\"EntryPoint\",\"urlTemplate\":\"https:\/\/nunasolutions.com\/?s={search_term_string}\"},\"query-input\":{\"@type\":\"PropertyValueSpecification\",\"valueRequired\":true,\"valueName\":\"search_term_string\"}}],\"inLanguage\":\"pt-BR\"}]}<\/script>\n<!-- \/ Yoast SEO plugin. -->","yoast_head_json":{"title":"Not\u00edcias - Nuna Solutions","robots":{"index":"index","follow":"follow","max-snippet":"max-snippet:-1","max-image-preview":"max-image-preview:large","max-video-preview":"max-video-preview:-1"},"canonical":"https:\/\/nunasolutions.com\/noticies\/","og_locale":"pt_BR","og_type":"article","og_title":"Not\u00edcias - Nuna Solutions","og_description":"Not\u00edcias ATUALIZE-SE COM AS SOLU\u00c7\u00d5ES NUNA","og_url":"https:\/\/nunasolutions.com\/noticies\/","og_site_name":"Nuna Solutions","article_modified_time":"2025-03-27T10:18:46+00:00","twitter_card":"summary_large_image","schema":{"@context":"https:\/\/schema.org","@graph":[{"@type":"WebPage","@id":"https:\/\/nunasolutions.com\/noticies\/","url":"https:\/\/nunasolutions.com\/noticies\/","name":"Not\u00edcias - Nuna Solutions","isPartOf":{"@id":"https:\/\/nunasolutions.com\/#website"},"datePublished":"2022-08-29T17:39:15+00:00","dateModified":"2025-03-27T10:18:46+00:00","breadcrumb":{"@id":"https:\/\/nunasolutions.com\/noticies\/#breadcrumb"},"inLanguage":"pt-BR","potentialAction":[{"@type":"ReadAction","target":["https:\/\/nunasolutions.com\/noticies\/"]}]},{"@type":"BreadcrumbList","@id":"https:\/\/nunasolutions.com\/noticies\/#breadcrumb","itemListElement":[{"@type":"ListItem","position":1,"name":"Inici","item":"https:\/\/nunasolutions.com\/pt-br\/"},{"@type":"ListItem","position":2,"name":"Not\u00edcias"}]},{"@type":"WebSite","@id":"https:\/\/nunasolutions.com\/#website","url":"https:\/\/nunasolutions.com\/","name":"Nuna Solutions","description":"Tra\u00e7abilitat i integraci\u00f3 de dades","potentialAction":[{"@type":"SearchAction","target":{"@type":"EntryPoint","urlTemplate":"https:\/\/nunasolutions.com\/?s={search_term_string}"},"query-input":{"@type":"PropertyValueSpecification","valueRequired":true,"valueName":"search_term_string"}}],"inLanguage":"pt-BR"}]}},"_links":{"self":[{"href":"https:\/\/nunasolutions.com\/pt-br\/wp-json\/wp\/v2\/pages\/2463","targetHints":{"allow":["GET"]}}],"collection":[{"href":"https:\/\/nunasolutions.com\/pt-br\/wp-json\/wp\/v2\/pages"}],"about":[{"href":"https:\/\/nunasolutions.com\/pt-br\/wp-json\/wp\/v2\/types\/page"}],"author":[{"embeddable":true,"href":"https:\/\/nunasolutions.com\/pt-br\/wp-json\/wp\/v2\/users\/1"}],"replies":[{"embeddable":true,"href":"https:\/\/nunasolutions.com\/pt-br\/wp-json\/wp\/v2\/comments?post=2463"}],"version-history":[{"count":3,"href":"https:\/\/nunasolutions.com\/pt-br\/wp-json\/wp\/v2\/pages\/2463\/revisions"}],"predecessor-version":[{"id":2466,"href":"https:\/\/nunasolutions.com\/pt-br\/wp-json\/wp\/v2\/pages\/2463\/revisions\/2466"}],"wp:attachment":[{"href":"https:\/\/nunasolutions.com\/pt-br\/wp-json\/wp\/v2\/media?parent=2463"}],"curies":[{"name":"wp","href":"https:\/\/api.w.org\/{rel}","templated":true}]}}